{"id":706721,"date":"2025-08-27T15:58:58","date_gmt":"2025-08-27T12:58:58","guid":{"rendered":"https:\/\/roveyayinevi.com.tr\/index.php\/urun\/yanlis-okumalar\/"},"modified":"2026-04-16T02:15:35","modified_gmt":"2026-04-15T23:15:35","slug":"yanlis-okumalar","status":"publish","type":"product","link":"https:\/\/roveyayinevi.com.tr\/index.php\/urun\/yanlis-okumalar\/","title":{"rendered":"Yanl\u0131\u015f Okumalar"},"content":{"rendered":"<p>G\u00fcl\u00fcn Ad\u0131 ve Foucault Sarkac\u0131 gibi yo\u011fun i\u00e7erikli romanlar\u0131n yazar\u0131ndan zekice yaz\u0131lm\u0131\u015f bir keyifli parodiler toplam\u0131 &#8220;Yanl\u0131\u015f Okumalar&#8221;, Striptiz \u00fczerine yaz\u0131lan bir denemeden Nabokov&#8217;un Lolita&#8217;s\u0131na, insan\u0131n ayda ilk y\u00fcr\u00fcy\u00fc\u015f\u00fcnden bir yay\u0131nevine gelen ve s\u00f6zde edit\u00f6rce geri \u00e7evrilen Homeros&#8217;un, Marcel Proust&#8217;un ya da Dante&#8217;nin \u00fcnl\u00fc yap\u0131tlar\u0131na kadar \u00e7e\u015fitli konular\u0131 i\u015fledi\u011fi hicivlerden, benzeklerden derlenen ve \u00f6nceki y\u0131llarda \u0130talya&#8217;n\u0131n 2. Verri dergisi i\u00e7in kaleme al\u0131nm\u0131\u015f olan bu yaz\u0131lar i\u00e7in Eco, &#8220;Benze\u011fi benimsememin, derinde yatan bir nedeni vard\u0131,&#8221; diyor. &#8220;Neo-avangard yap\u0131t g\u00fcnl\u00fck ya\u015fam\u0131n ve yaz\u0131n&#8217;\u0131n dilini tersy\u00fcz etme \u00f6zelli\u011fini i\u00e7inde ta\u015f\u0131yorsa da komik ve groteskin de bu program\u0131n bir par\u00e7as\u0131 olmas\u0131 gerekirdi&#8230;&#8221; \ufffcTan\u0131t\u0131m Metni<\/p>\n","protected":false},"excerpt":{"rendered":"<p>G\u00fcl\u00fcn Ad\u0131 ve Foucault Sarkac\u0131 gibi yo\u011fun i\u00e7erikli romanlar\u0131n yazar\u0131ndan zekice yaz\u0131lm\u0131\u015f bir keyifli parodiler toplam\u0131 &#8220;Yanl\u0131\u015f Okumalar&#8221;, Striptiz \u00fczerine yaz\u0131lan bir denemeden Nabokov&#8217;un Lolita&#8217;s\u0131na, insan\u0131n<span class=\"excerpt-hellip\"> [\u2026]<\/span><\/p>\n","protected":false},"featured_media":0,"template":"","meta":{"_monsterinsights_skip_tracking":false,"_monsterinsights_sitenote_active":false,"_monsterinsights_sitenote_note":"","_monsterinsights_sitenote_category":0},"product_brand":[],"product_cat":[12291,14218],"product_tag":[],"class_list":{"0":"post-706721","1":"product","2":"type-product","3":"status-publish","5":"product_cat-edebiyat","6":"product_cat-italyan-edebiyati","7":"pa_cilt-ciltsiz","8":"pa_tur-kitap","9":"pa_yayinevi-can-yayinlari","10":"pa_yazar-umberto-eco","12":"first","13":"instock","14":"sale","15":"shipping-taxable","16":"purchasable","17":"product-type-simple"},"_links":{"self":[{"href":"https:\/\/roveyayinevi.com.tr\/index.php\/wp-json\/wp\/v2\/product\/706721","targetHints":{"allow":["GET"]}}],"collection":[{"href":"https:\/\/roveyayinevi.com.tr\/index.php\/wp-json\/wp\/v2\/product"}],"about":[{"href":"https:\/\/roveyayinevi.com.tr\/index.php\/wp-json\/wp\/v2\/types\/product"}],"wp:attachment":[{"href":"https:\/\/roveyayinevi.com.tr\/index.php\/wp-json\/wp\/v2\/media?parent=706721"}],"wp:term":[{"taxonomy":"product_brand","embeddable":true,"href":"https:\/\/roveyayinevi.com.tr\/index.php\/wp-json\/wp\/v2\/product_brand?post=706721"},{"taxonomy":"product_cat","embeddable":true,"href":"https:\/\/roveyayinevi.com.tr\/index.php\/wp-json\/wp\/v2\/product_cat?post=706721"},{"taxonomy":"product_tag","embeddable":true,"href":"https:\/\/roveyayinevi.com.tr\/index.php\/wp-json\/wp\/v2\/product_tag?post=706721"}],"curies":[{"name":"wp","href":"https:\/\/api.w.org\/{rel}","templated":true}]}}