{"id":706718,"date":"2025-08-27T15:58:56","date_gmt":"2025-08-27T12:58:56","guid":{"rendered":"https:\/\/roveyayinevi.com.tr\/index.php\/urun\/senin-koylerin\/"},"modified":"2026-04-16T02:15:35","modified_gmt":"2026-04-15T23:15:35","slug":"senin-koylerin","status":"publish","type":"product","link":"https:\/\/roveyayinevi.com.tr\/index.php\/urun\/senin-koylerin\/","title":{"rendered":"Senin K\u00f6ylerin"},"content":{"rendered":"<p>Cesare Pavese \u0130talyan edebiyat\u0131nda hem ki\u015fili\u011fi, hem de yazd\u0131klar\u0131yla \u00f6zg\u00fcn bir yere sahip. Hayat\u0131 hep yaln\u0131z ya\u015fayan Pavese, 1950 y\u0131l\u0131n\u0131n s\u0131cak bir A\u011fustos g\u00fcn\u00fc Torino&#8217;da bir otel odas\u0131nda intihar etti\u011fi zaman, dostlar\u0131 onun eski bir \u015fiirinde d\u00fc\u015fledi\u011fi \u00f6l\u00fcm\u00fc buldu\u011funu anlam\u0131\u015flard\u0131:&#8221;Yataktan kalmak gerekmeyecek \/ Yaln\u0131z \u015fafak girecek bombo\u015f odaya.&#8221;1941 y\u0131l\u0131nda bas\u0131ld\u0131\u011f\u0131 zaman edebiyat ele\u015ftirmenlerinin hemen dikkatini \u00e7eken Senin K\u00f6ylerin, Pavese&#8217;nin romanc\u0131l\u0131\u011f\u0131n\u0131 ba\u015flatan ve \u0130talyan &#8216;yeni -ger\u00e7ekcili\u011fi&#8217;nin \u00f6nc\u00fcleri aras\u0131nda say\u0131lan bir romand\u0131r. Yay\u0131nlad\u0131\u011f\u0131nda b\u00fcy\u00fck yank\u0131 yapan,alk\u0131\u015flanan, \u00fczerinde tart\u0131\u015f\u0131lan, ama a\u011f\u0131r ele\u015ftiriler de alan bu roman, sonunda yeni ve usta bir romanc\u0131y\u0131 da g\u00fcn \u0131\u015f\u0131\u011f\u0131na \u00e7\u0131karm\u0131\u015f oldu. Pavese romanc\u0131 olarak ad\u0131n\u0131 duyurdu\u011fu ve k\u0131rsal kesimi i\u015fledi\u011fi Senin K\u00f6ylerin de elindeki malzemeyi iyi bildi\u011fini, romandaki ki\u015fileri ve k\u00f6yleri sanattan \u00f6nce y\u00fcre\u011fiyle yo\u011furdunu hissettiriyor. \u0130nsan\u0131n isteklerini ve y\u00f6neli\u015flerini dile getirirken \u00f6nemli bir yazar\u0131n ortaya \u00e7\u0131k\u0131\u015f\u0131n\u0131 da duyuruyor. <\/p>\n","protected":false},"excerpt":{"rendered":"<p>Cesare Pavese \u0130talyan edebiyat\u0131nda hem ki\u015fili\u011fi, hem de yazd\u0131klar\u0131yla \u00f6zg\u00fcn bir yere sahip. Hayat\u0131 hep yaln\u0131z ya\u015fayan Pavese, 1950 y\u0131l\u0131n\u0131n s\u0131cak bir A\u011fustos g\u00fcn\u00fc Torino&#8217;da bir<span class=\"excerpt-hellip\"> [\u2026]<\/span><\/p>\n","protected":false},"featured_media":0,"template":"","meta":{"_monsterinsights_skip_tracking":false,"_monsterinsights_sitenote_active":false,"_monsterinsights_sitenote_note":"","_monsterinsights_sitenote_category":0},"product_brand":[],"product_cat":[12291,14218],"product_tag":[],"class_list":{"0":"post-706718","1":"product","2":"type-product","3":"status-publish","5":"product_cat-edebiyat","6":"product_cat-italyan-edebiyati","7":"pa_cilt-ciltsiz","8":"pa_tur-kitap","9":"pa_yayinevi-can-yayinlari","10":"pa_yazar-cesare-pavese","12":"first","13":"instock","14":"sale","15":"shipping-taxable","16":"purchasable","17":"product-type-simple"},"_links":{"self":[{"href":"https:\/\/roveyayinevi.com.tr\/index.php\/wp-json\/wp\/v2\/product\/706718","targetHints":{"allow":["GET"]}}],"collection":[{"href":"https:\/\/roveyayinevi.com.tr\/index.php\/wp-json\/wp\/v2\/product"}],"about":[{"href":"https:\/\/roveyayinevi.com.tr\/index.php\/wp-json\/wp\/v2\/types\/product"}],"wp:attachment":[{"href":"https:\/\/roveyayinevi.com.tr\/index.php\/wp-json\/wp\/v2\/media?parent=706718"}],"wp:term":[{"taxonomy":"product_brand","embeddable":true,"href":"https:\/\/roveyayinevi.com.tr\/index.php\/wp-json\/wp\/v2\/product_brand?post=706718"},{"taxonomy":"product_cat","embeddable":true,"href":"https:\/\/roveyayinevi.com.tr\/index.php\/wp-json\/wp\/v2\/product_cat?post=706718"},{"taxonomy":"product_tag","embeddable":true,"href":"https:\/\/roveyayinevi.com.tr\/index.php\/wp-json\/wp\/v2\/product_tag?post=706718"}],"curies":[{"name":"wp","href":"https:\/\/api.w.org\/{rel}","templated":true}]}}