{"id":706708,"date":"2025-08-27T15:58:52","date_gmt":"2025-08-27T12:58:52","guid":{"rendered":"https:\/\/roveyayinevi.com.tr\/index.php\/urun\/foucault-sarkaci\/"},"modified":"2026-04-16T02:15:34","modified_gmt":"2026-04-15T23:15:34","slug":"foucault-sarkaci","status":"publish","type":"product","link":"https:\/\/roveyayinevi.com.tr\/index.php\/urun\/foucault-sarkaci\/","title":{"rendered":"Foucault Sarkac\u0131"},"content":{"rendered":"<p>Umberto Eco&#8217;nun ilk roman\u0131 olan G\u00fcl\u00fcn Ad\u0131 gibi, bu ikinci roman\u0131 Foucault Sarkac\u0131 da, bildi\u011fimiz roman t\u00fcrlerinden hi\u00e7birine girmiyor. Belki de en uygunu, onu bir `bilim-roman&#8217; ya da `Eco-roman&#8217; diye nitelemek.Foucault Sarkac\u0131, \u00e7ok-katl\u0131, \u00e7ok de\u011fi\u015fik d\u00fczlemlerde okunabilecek bir roman. Bu da, romana de\u011fi\u015fik a\u00e7\u0131lardan yakla\u015fmam\u0131za olanak veriyor.Foucault Sarkac\u0131, k\u0131saca, irrasyonel d\u00fc\u015f\u00fcncenin 500 y\u0131ll\u0131k tarihinin 500 k\u00fcsur sayfal\u0131k bir ser\u00fcveni: Pozitif bilimin yan\u0131 s\u0131ra, uzant\u0131lar\u0131 g\u00fcn\u00fcm\u00fcze dek s\u00fcregelen, gizli bilimlerin, Orta\u00e7a\u011f\u0131 da kapsayan \u00e7ok uzun bir zaman dilimi i\u00e7inde bilim-b\u00fcy\u00fc karde\u015fli\u011finin \u00f6yk\u00fcs\u00fc. Okuyucular\u0131n, bu \u00e7etin, ama keyifli okuma ser\u00fcveninden nice hazlar derleyecekleri umuduyla.\u015eadan Karadeniz<\/p>\n","protected":false},"excerpt":{"rendered":"<p>Umberto Eco&#8217;nun ilk roman\u0131 olan G\u00fcl\u00fcn Ad\u0131 gibi, bu ikinci roman\u0131 Foucault Sarkac\u0131 da, bildi\u011fimiz roman t\u00fcrlerinden hi\u00e7birine girmiyor. Belki de en uygunu, onu bir `bilim-roman&#8217;<span class=\"excerpt-hellip\"> [\u2026]<\/span><\/p>\n","protected":false},"featured_media":0,"template":"","meta":{"_monsterinsights_skip_tracking":false,"_monsterinsights_sitenote_active":false,"_monsterinsights_sitenote_note":"","_monsterinsights_sitenote_category":0},"product_brand":[],"product_cat":[12291,12711],"product_tag":[],"class_list":{"0":"post-706708","1":"product","2":"type-product","3":"status-publish","5":"product_cat-edebiyat","6":"product_cat-roman-oyku","7":"pa_cilt-ciltsiz","8":"pa_tur-kitap","9":"pa_yayinevi-can-yayinlari","10":"pa_yazar-umberto-eco","12":"first","13":"instock","14":"sale","15":"shipping-taxable","16":"purchasable","17":"product-type-simple"},"_links":{"self":[{"href":"https:\/\/roveyayinevi.com.tr\/index.php\/wp-json\/wp\/v2\/product\/706708","targetHints":{"allow":["GET"]}}],"collection":[{"href":"https:\/\/roveyayinevi.com.tr\/index.php\/wp-json\/wp\/v2\/product"}],"about":[{"href":"https:\/\/roveyayinevi.com.tr\/index.php\/wp-json\/wp\/v2\/types\/product"}],"wp:attachment":[{"href":"https:\/\/roveyayinevi.com.tr\/index.php\/wp-json\/wp\/v2\/media?parent=706708"}],"wp:term":[{"taxonomy":"product_brand","embeddable":true,"href":"https:\/\/roveyayinevi.com.tr\/index.php\/wp-json\/wp\/v2\/product_brand?post=706708"},{"taxonomy":"product_cat","embeddable":true,"href":"https:\/\/roveyayinevi.com.tr\/index.php\/wp-json\/wp\/v2\/product_cat?post=706708"},{"taxonomy":"product_tag","embeddable":true,"href":"https:\/\/roveyayinevi.com.tr\/index.php\/wp-json\/wp\/v2\/product_tag?post=706708"}],"curies":[{"name":"wp","href":"https:\/\/api.w.org\/{rel}","templated":true}]}}