{"id":706706,"date":"2025-08-27T15:58:51","date_gmt":"2025-08-27T12:58:51","guid":{"rendered":"https:\/\/roveyayinevi.com.tr\/index.php\/urun\/el-grecoya-mektuplar\/"},"modified":"2026-04-16T02:15:34","modified_gmt":"2026-04-15T23:15:34","slug":"el-grecoya-mektuplar","status":"publish","type":"product","link":"https:\/\/roveyayinevi.com.tr\/index.php\/urun\/el-grecoya-mektuplar\/","title":{"rendered":"El Greco&#8217;ya Mektuplar"},"content":{"rendered":"<p>Hat\u0131rlamak i\u00e7in belle\u011fime ba\u015fvuruyorum; havay\u0131, hayat\u0131m\u0131 toparl\u0131yor, generalin kar\u015f\u0131s\u0131ndaki asker gibi dimdik duruyor ve El Greco\u2019ya mektuplar yaz\u0131yorum; \u00e7\u00fcnk\u00fc ayn\u0131 Girit topra\u011f\u0131ndan yo\u011frulduk, canl\u0131 ya da \u00f6l\u00fc t\u00fcm m\u00fccadeleciler i\u00e7inde beni en iyi o anlayabilir. Kendisi de ta\u015flar\u0131n \u00fczerinde ayn\u0131 k\u0131rm\u0131z\u0131 izi b\u0131rakmad\u0131 m\u0131? Zorba, Yeniden \u00c7arm\u0131ha Gerilen \u0130sa, Karde\u015f Kavgas\u0131, Kaptan Mihalis, G\u00fcnaha Son \u00c7a\u011fr\u0131 gibi yap\u0131tlar\u0131yla 20. y\u00fczy\u0131l\u0131n yaln\u0131zca yaz\u0131nsal a\u00e7\u0131dan de\u011fil, d\u00fc\u015f\u00fcnsel y\u00f6nden de en etkileyici yazarlar\u0131ndan biri say\u0131lan Nikos Kazancakis\u2019in b\u00fcy\u00fck anlat\u0131s\u0131 El Greco\u2019ya Mektuplar, yazar\u0131n &#8220;ruhsal otobiyografi&#8221;sidir. Kazancakis, kendisi gibi Giritli olan \u00fcnl\u00fc R\u00f6nesans ressam\u0131 El Greco\u2019ya mektuplar bi\u00e7iminde kaleme ald\u0131\u011f\u0131 kitab\u0131nda, ya\u015fam\u0131 boyunca izini s\u00fcrd\u00fc\u011f\u00fc d\u00fc\u015f\u00fcnsel, ruhsal ve ahlaksal yolculu\u011fu anlat\u0131r. Ger\u00e7ekle kurmacan\u0131n i\u00e7 i\u00e7e ge\u00e7ti\u011fi bu kitap, insan varolu\u015funun anlam\u0131n\u0131 ve anlams\u0131zl\u0131\u011f\u0131n\u0131 sorgular. \ufffcTan\u0131t\u0131m Metni<\/p>\n","protected":false},"excerpt":{"rendered":"<p>Hat\u0131rlamak i\u00e7in belle\u011fime ba\u015fvuruyorum; havay\u0131, hayat\u0131m\u0131 toparl\u0131yor, generalin kar\u015f\u0131s\u0131ndaki asker gibi dimdik duruyor ve El Greco\u2019ya mektuplar yaz\u0131yorum; \u00e7\u00fcnk\u00fc ayn\u0131 Girit topra\u011f\u0131ndan yo\u011frulduk, canl\u0131 ya da<span class=\"excerpt-hellip\"> [\u2026]<\/span><\/p>\n","protected":false},"featured_media":0,"template":"","meta":{"_monsterinsights_skip_tracking":false,"_monsterinsights_sitenote_active":false,"_monsterinsights_sitenote_note":"","_monsterinsights_sitenote_category":0},"product_brand":[],"product_cat":[13661,12291],"product_tag":[],"class_list":{"0":"post-706706","1":"product","2":"type-product","3":"status-publish","5":"product_cat-diger-ulke-edebiyatlari","6":"product_cat-edebiyat","7":"pa_cilt-ciltsiz","8":"pa_tur-kitap","9":"pa_yayinevi-can-yayinlari","10":"pa_yazar-nikos-kazancakis","12":"first","13":"instock","14":"sale","15":"shipping-taxable","16":"purchasable","17":"product-type-simple"},"_links":{"self":[{"href":"https:\/\/roveyayinevi.com.tr\/index.php\/wp-json\/wp\/v2\/product\/706706","targetHints":{"allow":["GET"]}}],"collection":[{"href":"https:\/\/roveyayinevi.com.tr\/index.php\/wp-json\/wp\/v2\/product"}],"about":[{"href":"https:\/\/roveyayinevi.com.tr\/index.php\/wp-json\/wp\/v2\/types\/product"}],"wp:attachment":[{"href":"https:\/\/roveyayinevi.com.tr\/index.php\/wp-json\/wp\/v2\/media?parent=706706"}],"wp:term":[{"taxonomy":"product_brand","embeddable":true,"href":"https:\/\/roveyayinevi.com.tr\/index.php\/wp-json\/wp\/v2\/product_brand?post=706706"},{"taxonomy":"product_cat","embeddable":true,"href":"https:\/\/roveyayinevi.com.tr\/index.php\/wp-json\/wp\/v2\/product_cat?post=706706"},{"taxonomy":"product_tag","embeddable":true,"href":"https:\/\/roveyayinevi.com.tr\/index.php\/wp-json\/wp\/v2\/product_tag?post=706706"}],"curies":[{"name":"wp","href":"https:\/\/api.w.org\/{rel}","templated":true}]}}