{"id":706703,"date":"2025-08-27T15:58:49","date_gmt":"2025-08-27T12:58:49","guid":{"rendered":"https:\/\/roveyayinevi.com.tr\/index.php\/urun\/dil-ve-edebiyat\/"},"modified":"2026-04-16T02:15:34","modified_gmt":"2026-04-15T23:15:34","slug":"dil-ve-edebiyat","status":"publish","type":"product","link":"https:\/\/roveyayinevi.com.tr\/index.php\/urun\/dil-ve-edebiyat\/","title":{"rendered":"Dil ve Edebiyat"},"content":{"rendered":"<p>Necip Faz\u0131l, 1974&#8217;te yazd\u0131\u011f\u0131 Halimiz isimli \u015fiirinde \u015f\u00f6yle hay\u0131fland\u0131\u011f\u0131n\u0131 g\u00f6r\u00fcyoruz:Ruhsal, parasal, soyut, boyut, ya\u015fam, e\u011filim&#8230;Ya bunlar T\u00fcrk\u00e7e de\u011fil, yahut ben T\u00fcrk de\u011filim !Oysa halis T\u00fcrk benim, bunlar i\u015fgalcilerim;Allah T\u00fcrk&#8217;e ac\u0131s\u0131n yaln\u0131z bunu dilerim.Necip Faz\u0131l, T\u00fcrk\u00e7e&#8217;nin devlet ve ayd\u0131nlar eliyle katledilmesine sessiz kalmam\u0131\u015f, bu k\u00fclt\u00fcr vurgununu hem \u015fiiriyle hem de yaz\u0131lar\u0131yla \u00e7ok defas\u0131nda g\u00fcndeme getirmi\u015fti. \u00d6zle\u015ftirme gayretinin yanl\u0131\u015f oldu\u011funu, bunun \u00e7ok ciddi problemlere yol a\u00e7aca\u011f\u0131n\u0131 \u00e7ok \u00e7abuk fark eden Necip Faz\u0131l, 30 Eyl\u00fcl 1940&#8217;ta yazd\u0131\u011f\u0131 Anadolu Ajans\u0131 ba\u015fl\u0131kl\u0131 yaz\u0131s\u0131nda \u015f\u00f6yle diyordu: Topraklar\u0131m\u0131zda bir dil gazas\u0131 a\u00e7maya mecburuz. K\u0131yas\u0131ya bir dil gazas\u0131&#8230; Madde plan\u0131nda kurtulu\u015f sava\u015f\u0131n\u0131 o kadar g\u00fczel idare etti\u011fimiz bu topraklar, ruh plan\u0131nda da tam ve ger\u00e7ek anlamda kurtulu\u015f bekliyor. Ruh plan\u0131ndaki kurtulu\u015f sava\u015f\u0131n\u0131n hareket arsas\u0131 dildir. her \u015feyden evvel bu arsay\u0131, \u0131s\u0131rgan otlar\u0131ndan, devedikenlerinden ve batakl\u0131klardan temizlemek zorunda de\u011fil miyiz?Ruh plan\u0131ndaki kurtulu\u015f sava\u015f\u0131n\u0131n hareket arsas\u0131 olarak T\u00fcrk\u00e7enin ayd\u0131nlar eliyle katledilmesine tahamm\u00fcl edemeyen Necip Faz\u0131l&#8217;\u0131n 1940&#8217;l\u0131 y\u0131llarda gazete ve dergilerde yazd\u0131\u011f\u0131 Dil ve Edebiyat yaz\u0131lar\u0131 derlenerek kitap haline getirildi.Dil ve Edebiyat yaz\u0131lar\u0131ndaki Necip Faz\u0131l&#8217;\u0131n \u015fu s\u00f6zleri \u00e7ok dikkat \u00e7ekicidir: 18 milyon Anadolu T\u00fcrk&#8217;\u00fcn\u00fcn hep birden trahom hastal\u0131\u011f\u0131na tutulmas\u0131ndan daha ehemmiyetli ve yirmi tane Erzincan zelzelesinden daha felaketli olan m\u00fczmin dil buhran\u0131m\u0131za daha fazla tahamm\u00fcl ve tevekk\u00fcl g\u00f6stermenin zaman\u0131 ge\u00e7mi\u015ftir. Yar\u0131m yamalak varl\u0131klar\u0131n sap\u0131r sap\u0131r d\u00f6k\u00fcld\u00fc\u011f\u00fc bu ruh\u00ee, akl\u00ee, ferd\u00ee, i\u00e7tima\u00ee, s\u0131na\u00ee, iktisad\u00ee, siyas\u00ee, asker\u00ee muhasebe heng\u00e2mesinde, ordunun eline verilecek sil\u00e2hla, milletin ruh\u00ee tamamiyetine vurulacak kilit aras\u0131nda hi\u00e7 k\u0131ymet ve ehemmiyet fark\u0131 yoktur. Topyek\u00fbn b\u00fct\u00fcn k\u0131ymet \u015fubelerimizle T\u00fcrk&#8217;\u00fc ayakland\u0131rma ve \u015fahland\u0131rma g\u00fcn\u00fcndeyiz.\ufffc<\/p>\n","protected":false},"excerpt":{"rendered":"<p>Necip Faz\u0131l, 1974&#8217;te yazd\u0131\u011f\u0131 Halimiz isimli \u015fiirinde \u015f\u00f6yle hay\u0131fland\u0131\u011f\u0131n\u0131 g\u00f6r\u00fcyoruz:Ruhsal, parasal, soyut, boyut, ya\u015fam, e\u011filim&#8230;Ya bunlar T\u00fcrk\u00e7e de\u011fil, yahut ben T\u00fcrk de\u011filim !Oysa halis T\u00fcrk benim,<span class=\"excerpt-hellip\"> [\u2026]<\/span><\/p>\n","protected":false},"featured_media":0,"template":"","meta":{"_monsterinsights_skip_tracking":false,"_monsterinsights_sitenote_active":false,"_monsterinsights_sitenote_note":"","_monsterinsights_sitenote_category":0},"product_brand":[],"product_cat":[27157,12291],"product_tag":[],"class_list":{"0":"post-706703","1":"product","2":"type-product","3":"status-publish","5":"product_cat-derleme","6":"product_cat-edebiyat","7":"pa_cilt-ciltsiz","8":"pa_tur-kitap","9":"pa_yayinevi-buyuk-dogu-yayinlari","10":"pa_yazar-necip-fazil-kisakurek","12":"first","13":"instock","14":"sale","15":"shipping-taxable","16":"purchasable","17":"product-type-simple"},"_links":{"self":[{"href":"https:\/\/roveyayinevi.com.tr\/index.php\/wp-json\/wp\/v2\/product\/706703","targetHints":{"allow":["GET"]}}],"collection":[{"href":"https:\/\/roveyayinevi.com.tr\/index.php\/wp-json\/wp\/v2\/product"}],"about":[{"href":"https:\/\/roveyayinevi.com.tr\/index.php\/wp-json\/wp\/v2\/types\/product"}],"wp:attachment":[{"href":"https:\/\/roveyayinevi.com.tr\/index.php\/wp-json\/wp\/v2\/media?parent=706703"}],"wp:term":[{"taxonomy":"product_brand","embeddable":true,"href":"https:\/\/roveyayinevi.com.tr\/index.php\/wp-json\/wp\/v2\/product_brand?post=706703"},{"taxonomy":"product_cat","embeddable":true,"href":"https:\/\/roveyayinevi.com.tr\/index.php\/wp-json\/wp\/v2\/product_cat?post=706703"},{"taxonomy":"product_tag","embeddable":true,"href":"https:\/\/roveyayinevi.com.tr\/index.php\/wp-json\/wp\/v2\/product_tag?post=706703"}],"curies":[{"name":"wp","href":"https:\/\/api.w.org\/{rel}","templated":true}]}}