{"id":706700,"date":"2025-08-27T15:58:48","date_gmt":"2025-08-27T12:58:48","guid":{"rendered":"https:\/\/roveyayinevi.com.tr\/index.php\/urun\/turkan-saylan-nasil-buyuk-insan-oldu\/"},"modified":"2026-04-16T02:15:34","modified_gmt":"2026-04-15T23:15:34","slug":"turkan-saylan-nasil-buyuk-insan-oldu","status":"publish","type":"product","link":"https:\/\/roveyayinevi.com.tr\/index.php\/urun\/turkan-saylan-nasil-buyuk-insan-oldu\/","title":{"rendered":"T\u00fcrkan Saylan Nas\u0131l B\u00fcy\u00fck \u0130nsan Oldu?"},"content":{"rendered":"<p>K\u0131z \u00e7ocuklar\u0131m\u0131z\u0131n okumalar\u0131 i\u00e7in b\u00fcy\u00fck bir a\u015fkla \u00e7al\u0131\u015fan, Atat\u00fcrk\u00e7\u00fc, \u00e7a\u011fda\u015f T\u0131p dotoru, akademisyen, yazar ve e\u011fitimci T\u00fcrk\u00e2n Saylan\u2019\u0131n \u00e7ocuklu\u011funu hi\u00e7 merak ettiniz mi?Ne kadar merakl\u0131 bir \u00e7ocuktu?Okumaya olan a\u015fk\u0131yla milyonlar\u0131n sevgilisi olmay\u0131 nas\u0131l ba\u015fard\u0131?Doktor olmaya nas\u0131l karar verdi?Yoksul insanlara yard\u0131m etmeyi sever miydi?Nas\u0131l bir hayat ya\u015fad\u0131?\u0130\u015fte bu sorular\u0131n yan\u0131tlar\u0131n\u0131 ve daha fazlas\u0131n\u0131 bu kitapta bulacaks\u0131n\u0131z.Hatta bu b\u00fcy\u00fck e\u011fitimciyle ortak yanlar\u0131n\u0131z oldu\u011funu g\u00f6recek ve \u015fa\u015f\u0131racaks\u0131n\u0131z belki, kim bilir\u2026<\/p>\n","protected":false},"excerpt":{"rendered":"<p>K\u0131z \u00e7ocuklar\u0131m\u0131z\u0131n okumalar\u0131 i\u00e7in b\u00fcy\u00fck bir a\u015fkla \u00e7al\u0131\u015fan, Atat\u00fcrk\u00e7\u00fc, \u00e7a\u011fda\u015f T\u0131p dotoru, akademisyen, yazar ve e\u011fitimci T\u00fcrk\u00e2n Saylan\u2019\u0131n \u00e7ocuklu\u011funu hi\u00e7 merak ettiniz mi?Ne kadar merakl\u0131 bir<span class=\"excerpt-hellip\"> [\u2026]<\/span><\/p>\n","protected":false},"featured_media":0,"template":"","meta":{"_monsterinsights_skip_tracking":false,"_monsterinsights_sitenote_active":false,"_monsterinsights_sitenote_note":"","_monsterinsights_sitenote_category":0},"product_brand":[],"product_cat":[12275,12274],"product_tag":[],"class_list":{"0":"post-706700","1":"product","2":"type-product","3":"status-publish","5":"product_cat-6-12-yas-kitaplari","6":"product_cat-cocuk-ve-genclik-kitaplari","7":"pa_cilt-ciltsiz","8":"pa_tur-kitap","9":"pa_yayinevi-boyalikus-yayinlari","10":"pa_yazar-salim-kocak","12":"first","13":"instock","14":"sale","15":"shipping-taxable","16":"purchasable","17":"product-type-simple"},"_links":{"self":[{"href":"https:\/\/roveyayinevi.com.tr\/index.php\/wp-json\/wp\/v2\/product\/706700","targetHints":{"allow":["GET"]}}],"collection":[{"href":"https:\/\/roveyayinevi.com.tr\/index.php\/wp-json\/wp\/v2\/product"}],"about":[{"href":"https:\/\/roveyayinevi.com.tr\/index.php\/wp-json\/wp\/v2\/types\/product"}],"wp:attachment":[{"href":"https:\/\/roveyayinevi.com.tr\/index.php\/wp-json\/wp\/v2\/media?parent=706700"}],"wp:term":[{"taxonomy":"product_brand","embeddable":true,"href":"https:\/\/roveyayinevi.com.tr\/index.php\/wp-json\/wp\/v2\/product_brand?post=706700"},{"taxonomy":"product_cat","embeddable":true,"href":"https:\/\/roveyayinevi.com.tr\/index.php\/wp-json\/wp\/v2\/product_cat?post=706700"},{"taxonomy":"product_tag","embeddable":true,"href":"https:\/\/roveyayinevi.com.tr\/index.php\/wp-json\/wp\/v2\/product_tag?post=706700"}],"curies":[{"name":"wp","href":"https:\/\/api.w.org\/{rel}","templated":true}]}}