{"id":706699,"date":"2025-08-27T15:58:48","date_gmt":"2025-08-27T12:58:48","guid":{"rendered":"https:\/\/roveyayinevi.com.tr\/index.php\/urun\/ataturk-nasil-buyuk-insan-oldu\/"},"modified":"2026-04-16T02:15:34","modified_gmt":"2026-04-15T23:15:34","slug":"ataturk-nasil-buyuk-insan-oldu","status":"publish","type":"product","link":"https:\/\/roveyayinevi.com.tr\/index.php\/urun\/ataturk-nasil-buyuk-insan-oldu\/","title":{"rendered":"Atat\u00fcrk Nas\u0131l B\u00fcy\u00fck \u0130nsan Oldu?"},"content":{"rendered":"<p>B\u00fcy\u00fck \u00f6nder Mustafa Kemal Atat\u00fcrk\u2019\u00fcn \u00e7ocuklu\u011funu hi\u00e7 merak ettiniz mi? Neler yapmaktan ho\u015flan\u0131rd\u0131, bo\u015f zamanlar\u0131n\u0131 nas\u0131l de\u011ferlendirirdihi\u00e7 d\u00fc\u015f\u00fcnd\u00fcn\u00fcz m\u00fc? B\u00fcy\u00fcd\u00fc\u011f\u00fcnde b\u00fct\u00fcn d\u00fcnyaya \u00f6rnek bir lider olaca\u011f\u0131 o zamanlar belli miydi dersiniz? Sizce hi\u00e7 yaramazl\u0131k yapm\u0131\u015f m\u0131yd\u0131? Peki ya \u00e7ocukken onu en \u00e7ok ne \u00fczm\u00fc\u015f olabilir?\u0130\u015fte bu sorular\u0131n yan\u0131tlar\u0131n\u0131 ve daha fazlas\u0131n\u0131 bu kitapta bulacaks\u0131n\u0131z. Hatta b\u00fcy\u00fck \u00f6nderle ortak yanlar\u0131n\u0131z oldu\u011funu g\u00f6recek ve \u015fa\u015f\u0131racaks\u0131n\u0131z belki, kim bilir&#8230;<\/p>\n","protected":false},"excerpt":{"rendered":"<p>B\u00fcy\u00fck \u00f6nder Mustafa Kemal Atat\u00fcrk\u2019\u00fcn \u00e7ocuklu\u011funu hi\u00e7 merak ettiniz mi? Neler yapmaktan ho\u015flan\u0131rd\u0131, bo\u015f zamanlar\u0131n\u0131 nas\u0131l de\u011ferlendirirdihi\u00e7 d\u00fc\u015f\u00fcnd\u00fcn\u00fcz m\u00fc? B\u00fcy\u00fcd\u00fc\u011f\u00fcnde b\u00fct\u00fcn d\u00fcnyaya \u00f6rnek bir lider olaca\u011f\u0131<span class=\"excerpt-hellip\"> [\u2026]<\/span><\/p>\n","protected":false},"featured_media":0,"template":"","meta":{"_monsterinsights_skip_tracking":false,"_monsterinsights_sitenote_active":false,"_monsterinsights_sitenote_note":"","_monsterinsights_sitenote_category":0},"product_brand":[],"product_cat":[12275,12274],"product_tag":[],"class_list":{"0":"post-706699","1":"product","2":"type-product","3":"status-publish","5":"product_cat-6-12-yas-kitaplari","6":"product_cat-cocuk-ve-genclik-kitaplari","7":"pa_cilt-ciltsiz","8":"pa_tur-kitap","9":"pa_yayinevi-boyalikus-yayinlari","10":"pa_yazar-salim-kocak","12":"first","13":"instock","14":"sale","15":"shipping-taxable","16":"purchasable","17":"product-type-simple"},"_links":{"self":[{"href":"https:\/\/roveyayinevi.com.tr\/index.php\/wp-json\/wp\/v2\/product\/706699","targetHints":{"allow":["GET"]}}],"collection":[{"href":"https:\/\/roveyayinevi.com.tr\/index.php\/wp-json\/wp\/v2\/product"}],"about":[{"href":"https:\/\/roveyayinevi.com.tr\/index.php\/wp-json\/wp\/v2\/types\/product"}],"wp:attachment":[{"href":"https:\/\/roveyayinevi.com.tr\/index.php\/wp-json\/wp\/v2\/media?parent=706699"}],"wp:term":[{"taxonomy":"product_brand","embeddable":true,"href":"https:\/\/roveyayinevi.com.tr\/index.php\/wp-json\/wp\/v2\/product_brand?post=706699"},{"taxonomy":"product_cat","embeddable":true,"href":"https:\/\/roveyayinevi.com.tr\/index.php\/wp-json\/wp\/v2\/product_cat?post=706699"},{"taxonomy":"product_tag","embeddable":true,"href":"https:\/\/roveyayinevi.com.tr\/index.php\/wp-json\/wp\/v2\/product_tag?post=706699"}],"curies":[{"name":"wp","href":"https:\/\/api.w.org\/{rel}","templated":true}]}}