{"id":706694,"date":"2025-08-27T15:58:46","date_gmt":"2025-08-27T12:58:46","guid":{"rendered":"https:\/\/roveyayinevi.com.tr\/index.php\/urun\/siyasal-dusunceler-tarihi-2\/"},"modified":"2026-04-08T02:20:24","modified_gmt":"2026-04-07T23:20:24","slug":"siyasal-dusunceler-tarihi-2","status":"publish","type":"product","link":"https:\/\/roveyayinevi.com.tr\/index.php\/urun\/siyasal-dusunceler-tarihi-2\/","title":{"rendered":"Siyasal D\u00fc\u015f\u00fcnceler Tarihi"},"content":{"rendered":"<p>Yazar\u0131n A.\u00dc. Siyasal Bilgiler Fak\u00fcltesi&#8217;ndeki on be\u015f y\u0131l\u0131 a\u015fan derslerinde i\u015fledi\u011fi konular\u0131 gerekli d\u00fczeltmelerden sonra kartlar\u0131ndan ders notlar\u0131na, birka\u00e7 y\u0131lda bir yeniledi\u011fi ders notlar\u0131ndan hemen oldu\u011fu gibi kitaba aktarmas\u0131n\u0131n \u00fcr\u00fcn\u00fcd\u00fcr.Baz\u0131 kitaplar konunun uzmanlar\u0131na, baz\u0131lar\u0131 \u00f6\u011frencilerine, baz\u0131lar\u0131 genel okuyucuya seslenir. Yazar\u0131n bu \u00fc\u00e7 kesime de seslenmenin bir yolunu buldu\u011funu g\u00f6r\u00fcyoruz.<\/p>\n","protected":false},"excerpt":{"rendered":"<p>Yazar\u0131n A.\u00dc. Siyasal Bilgiler Fak\u00fcltesi&#8217;ndeki on be\u015f y\u0131l\u0131 a\u015fan derslerinde i\u015fledi\u011fi konular\u0131 gerekli d\u00fczeltmelerden sonra kartlar\u0131ndan ders notlar\u0131na, birka\u00e7 y\u0131lda bir yeniledi\u011fi ders notlar\u0131ndan hemen oldu\u011fu<span class=\"excerpt-hellip\"> [\u2026]<\/span><\/p>\n","protected":false},"featured_media":0,"template":"","meta":{"_monsterinsights_skip_tracking":false,"_monsterinsights_sitenote_active":false,"_monsterinsights_sitenote_note":"","_monsterinsights_sitenote_category":0},"product_brand":[],"product_cat":[12337,14528],"product_tag":[],"class_list":{"0":"post-706694","1":"product","2":"type-product","3":"status-publish","5":"product_cat-politika-siyaset","6":"product_cat-siyaset-tarihi","7":"pa_cilt-ciltsiz","8":"pa_tur-kitap","9":"pa_yayinevi-bilim-ve-sanat-yayinlari","10":"pa_yazar-alaeddin-senel","12":"first","13":"instock","14":"sale","15":"shipping-taxable","16":"purchasable","17":"product-type-simple"},"_links":{"self":[{"href":"https:\/\/roveyayinevi.com.tr\/index.php\/wp-json\/wp\/v2\/product\/706694","targetHints":{"allow":["GET"]}}],"collection":[{"href":"https:\/\/roveyayinevi.com.tr\/index.php\/wp-json\/wp\/v2\/product"}],"about":[{"href":"https:\/\/roveyayinevi.com.tr\/index.php\/wp-json\/wp\/v2\/types\/product"}],"wp:attachment":[{"href":"https:\/\/roveyayinevi.com.tr\/index.php\/wp-json\/wp\/v2\/media?parent=706694"}],"wp:term":[{"taxonomy":"product_brand","embeddable":true,"href":"https:\/\/roveyayinevi.com.tr\/index.php\/wp-json\/wp\/v2\/product_brand?post=706694"},{"taxonomy":"product_cat","embeddable":true,"href":"https:\/\/roveyayinevi.com.tr\/index.php\/wp-json\/wp\/v2\/product_cat?post=706694"},{"taxonomy":"product_tag","embeddable":true,"href":"https:\/\/roveyayinevi.com.tr\/index.php\/wp-json\/wp\/v2\/product_tag?post=706694"}],"curies":[{"name":"wp","href":"https:\/\/api.w.org\/{rel}","templated":true}]}}