{"id":706693,"date":"2025-08-27T15:58:46","date_gmt":"2025-08-27T12:58:46","guid":{"rendered":"https:\/\/roveyayinevi.com.tr\/index.php\/urun\/ingiliz-belgeleriyle-sakaryadan-izmire\/"},"modified":"2026-04-16T02:15:34","modified_gmt":"2026-04-15T23:15:34","slug":"ingiliz-belgeleriyle-sakaryadan-izmire","status":"publish","type":"product","link":"https:\/\/roveyayinevi.com.tr\/index.php\/urun\/ingiliz-belgeleriyle-sakaryadan-izmire\/","title":{"rendered":"\u0130ngiliz Belgeleriyle Sakarya&#8217;dan \u0130zmir&#8217;e"},"content":{"rendered":"<p>Bil\u00e2l N. \u015eim\u015fir\u2019in \u201c\u0130ngiliz Belgeleriyle Sakarya\u2019dan \u0130zmir\u2019e\u201d kitab\u0131, yeni eklenen \u201c\u0130zmir\u2019den Lozan\u2019a\u201d b\u00f6l\u00fcm\u00fcyle \u201cgeni\u015fletilmi\u015f bas\u0131m\u201d olarak yenilendi. Yakla\u015f\u0131k 150 sayfal\u0131k bu yeni b\u00f6l\u00fcmde \u0130zmir\u2019in kurtulu\u015fu sonras\u0131, Lozan\u2019\u0131 da kapsayan geli\u015fmeler yine belgeleriyle ayr\u0131nt\u0131l\u0131 olarak i\u015fleniyor. Bil\u00e2l N. \u015eim\u015fir, bu geni\u015fletilmi\u015f bas\u0131m i\u00e7in yazd\u0131\u011f\u0131 \u00f6ns\u00f6zde \u015f\u00f6yle diyor: \u201cKitab\u0131n \u00fc\u00e7\u00fcnc\u00fc bas\u0131m\u0131na eklenen \u0130zmir\u2019den Lozan\u2019a ba\u015fl\u0131kl\u0131 VII. B\u00f6l\u00fcmde \u00e7arp\u0131c\u0131 ve d\u00fc\u015f\u00fcnd\u00fcr\u00fcc\u00fc belgeler bulunacakt\u0131r. Bu belgeler belki ak\u0131llara \u015fu soruyu da getirecektir: \u0130ngiltere\u2019nin 1922\u2019de Misak-\u0131 Milli\u2019ye kar\u015f\u0131 a\u00e7m\u0131\u015f oldu\u011fu sava\u015f, de\u011fi\u015fik bi\u00e7imlerde ve de\u011fi\u015fik akt\u00f6rlerce bug\u00fcn de s\u00fcrd\u00fcr\u00fclm\u00fcyor mu acaba?\u201d <\/p>\n","protected":false},"excerpt":{"rendered":"<p>Bil\u00e2l N. \u015eim\u015fir\u2019in \u201c\u0130ngiliz Belgeleriyle Sakarya\u2019dan \u0130zmir\u2019e\u201d kitab\u0131, yeni eklenen \u201c\u0130zmir\u2019den Lozan\u2019a\u201d b\u00f6l\u00fcm\u00fcyle \u201cgeni\u015fletilmi\u015f bas\u0131m\u201d olarak yenilendi. Yakla\u015f\u0131k 150 sayfal\u0131k bu yeni b\u00f6l\u00fcmde \u0130zmir\u2019in kurtulu\u015fu sonras\u0131,<span class=\"excerpt-hellip\"> [\u2026]<\/span><\/p>\n","protected":false},"featured_media":0,"template":"","meta":{"_monsterinsights_skip_tracking":false,"_monsterinsights_sitenote_active":false,"_monsterinsights_sitenote_note":"","_monsterinsights_sitenote_category":0},"product_brand":[],"product_cat":[12304,13650],"product_tag":[],"class_list":{"0":"post-706693","1":"product","2":"type-product","3":"status-publish","5":"product_cat-tarih","6":"product_cat-turk-tarihi-arastirmalari","7":"pa_cilt-ciltsiz","8":"pa_tur-kitap","9":"pa_yayinevi-bilgi-yayinevi","10":"pa_yazar-bilal-n-simsir","12":"first","13":"instock","14":"sale","15":"shipping-taxable","16":"purchasable","17":"product-type-simple"},"_links":{"self":[{"href":"https:\/\/roveyayinevi.com.tr\/index.php\/wp-json\/wp\/v2\/product\/706693","targetHints":{"allow":["GET"]}}],"collection":[{"href":"https:\/\/roveyayinevi.com.tr\/index.php\/wp-json\/wp\/v2\/product"}],"about":[{"href":"https:\/\/roveyayinevi.com.tr\/index.php\/wp-json\/wp\/v2\/types\/product"}],"wp:attachment":[{"href":"https:\/\/roveyayinevi.com.tr\/index.php\/wp-json\/wp\/v2\/media?parent=706693"}],"wp:term":[{"taxonomy":"product_brand","embeddable":true,"href":"https:\/\/roveyayinevi.com.tr\/index.php\/wp-json\/wp\/v2\/product_brand?post=706693"},{"taxonomy":"product_cat","embeddable":true,"href":"https:\/\/roveyayinevi.com.tr\/index.php\/wp-json\/wp\/v2\/product_cat?post=706693"},{"taxonomy":"product_tag","embeddable":true,"href":"https:\/\/roveyayinevi.com.tr\/index.php\/wp-json\/wp\/v2\/product_tag?post=706693"}],"curies":[{"name":"wp","href":"https:\/\/api.w.org\/{rel}","templated":true}]}}