{"id":706692,"date":"2025-08-27T15:58:45","date_gmt":"2025-08-27T12:58:45","guid":{"rendered":"https:\/\/roveyayinevi.com.tr\/index.php\/urun\/puskullu-deve-2\/"},"modified":"2026-04-16T02:15:34","modified_gmt":"2026-04-15T23:15:34","slug":"puskullu-deve-2","status":"publish","type":"product","link":"https:\/\/roveyayinevi.com.tr\/index.php\/urun\/puskullu-deve-2\/","title":{"rendered":"P\u00fcsk\u00fcll\u00fc Deve"},"content":{"rendered":"<p>\u201cK\u00fc\u00e7\u00fck Kara Bal\u0131k\u201d\u0131n yazar\u0131 Samed Behrengi&#8217;nin eserlerinden P\u00fcsk\u00fcll\u00fc Deve&#8217;yi, Fars\u00e7a orijinal bask\u0131s\u0131ndan, yazar\u0131n hem\u015ferisi, uzman eczac\u0131-dilbilimci Anooshirvan Miandji&#8217;nin tam metin \u00e7evirisiyle, Z\u00fclal \u00d6zt\u00fcrk&#8217;\u00fcn g\u00fczel resimleriyle \u00e7ocuklar\u0131m\u0131za sunuyoruz.<\/p>\n","protected":false},"excerpt":{"rendered":"<p>\u201cK\u00fc\u00e7\u00fck Kara Bal\u0131k\u201d\u0131n yazar\u0131 Samed Behrengi&#8217;nin eserlerinden P\u00fcsk\u00fcll\u00fc Deve&#8217;yi, Fars\u00e7a orijinal bask\u0131s\u0131ndan, yazar\u0131n hem\u015ferisi, uzman eczac\u0131-dilbilimci Anooshirvan Miandji&#8217;nin tam metin \u00e7evirisiyle, Z\u00fclal \u00d6zt\u00fcrk&#8217;\u00fcn g\u00fczel resimleriyle \u00e7ocuklar\u0131m\u0131za<span class=\"excerpt-hellip\"> [\u2026]<\/span><\/p>\n","protected":false},"featured_media":0,"template":"","meta":{"_monsterinsights_skip_tracking":false,"_monsterinsights_sitenote_active":false,"_monsterinsights_sitenote_note":"","_monsterinsights_sitenote_category":0},"product_brand":[],"product_cat":[12275,12274],"product_tag":[],"class_list":{"0":"post-706692","1":"product","2":"type-product","3":"status-publish","5":"product_cat-6-12-yas-kitaplari","6":"product_cat-cocuk-ve-genclik-kitaplari","7":"pa_cilt-ciltsiz","8":"pa_tur-kitap","9":"pa_yayinevi-bilgi-yayinevi-cocuk","10":"pa_yazar-samed-behrengi","12":"first","13":"instock","14":"sale","15":"shipping-taxable","16":"purchasable","17":"product-type-simple"},"_links":{"self":[{"href":"https:\/\/roveyayinevi.com.tr\/index.php\/wp-json\/wp\/v2\/product\/706692","targetHints":{"allow":["GET"]}}],"collection":[{"href":"https:\/\/roveyayinevi.com.tr\/index.php\/wp-json\/wp\/v2\/product"}],"about":[{"href":"https:\/\/roveyayinevi.com.tr\/index.php\/wp-json\/wp\/v2\/types\/product"}],"wp:attachment":[{"href":"https:\/\/roveyayinevi.com.tr\/index.php\/wp-json\/wp\/v2\/media?parent=706692"}],"wp:term":[{"taxonomy":"product_brand","embeddable":true,"href":"https:\/\/roveyayinevi.com.tr\/index.php\/wp-json\/wp\/v2\/product_brand?post=706692"},{"taxonomy":"product_cat","embeddable":true,"href":"https:\/\/roveyayinevi.com.tr\/index.php\/wp-json\/wp\/v2\/product_cat?post=706692"},{"taxonomy":"product_tag","embeddable":true,"href":"https:\/\/roveyayinevi.com.tr\/index.php\/wp-json\/wp\/v2\/product_tag?post=706692"}],"curies":[{"name":"wp","href":"https:\/\/api.w.org\/{rel}","templated":true}]}}