{"id":706689,"date":"2025-08-27T15:58:44","date_gmt":"2025-08-27T12:58:44","guid":{"rendered":"https:\/\/roveyayinevi.com.tr\/index.php\/urun\/evlat\/"},"modified":"2026-04-16T02:15:34","modified_gmt":"2026-04-15T23:15:34","slug":"evlat","status":"publish","type":"product","link":"https:\/\/roveyayinevi.com.tr\/index.php\/urun\/evlat\/","title":{"rendered":"Evlat"},"content":{"rendered":"<p>Muhte\u015fem bir kitapErg\u00fcn Poyraz ve Yasemin \u00d6zben taraf\u0131ndan kaleme al\u0131nan Evlat adl\u0131 kitapta, taciz ve tecav\u00fcz ma\u011fduru \u00e7ocuklar, sokaklarda yatan, k\u00fc\u00e7\u00fcc\u00fck ya\u015fta a\u011f\u0131r i\u015flerde \u00e7al\u0131\u015ft\u0131r\u0131lan i\u015f\u00e7i \u00e7ocuklar, cezaevlerindeki \u00e7ocuklar, gelin \u00e7ocuklar, uyu\u015fturucu bata\u011f\u0131ndaki \u00e7ocuklar, sava\u015ftan ka\u00e7an, ka\u00e7amayan \u00e7ocuk askerler ile daha pek \u00e7ok \u00e7ocuk sorunlar\u0131, \u00e7areler ve \u00e7\u00f6z\u00fcmler titizlikle incelenmi\u015f\u2026Atat\u00fcrk\u2019\u00fcn manevi evlatlar\u0131, gen\u00e7lere s\u00f6zleri, an\u0131larla ilgili b\u00f6l\u00fcm\u00fc okudu\u011funuzda g\u00fcn\u00fcm\u00fcz T\u00fcrkiye\u2019siyle kar\u015f\u0131la\u015ft\u0131rma f\u0131rsat\u0131n\u0131 yakalayacaks\u0131n\u0131z.Evlatlar\u0131m\u0131z hakk\u0131nda muhte\u015fem bir ara\u015ft\u0131rma\u2026Okuyun pi\u015fman olmayacaks\u0131n\u0131z\u2026\u201d- Emin \u00c7\u00f6la\u015fan<\/p>\n","protected":false},"excerpt":{"rendered":"<p>Muhte\u015fem bir kitapErg\u00fcn Poyraz ve Yasemin \u00d6zben taraf\u0131ndan kaleme al\u0131nan Evlat adl\u0131 kitapta, taciz ve tecav\u00fcz ma\u011fduru \u00e7ocuklar, sokaklarda yatan, k\u00fc\u00e7\u00fcc\u00fck ya\u015fta a\u011f\u0131r i\u015flerde \u00e7al\u0131\u015ft\u0131r\u0131lan i\u015f\u00e7i<span class=\"excerpt-hellip\"> [\u2026]<\/span><\/p>\n","protected":false},"featured_media":0,"template":"","meta":{"_monsterinsights_skip_tracking":false,"_monsterinsights_sitenote_active":false,"_monsterinsights_sitenote_note":"","_monsterinsights_sitenote_category":0},"product_brand":[],"product_cat":[12831,12324],"product_tag":[],"class_list":{"0":"post-706689","1":"product","2":"type-product","3":"status-publish","5":"product_cat-aile-ve-cocuk","6":"product_cat-sosyoloji","7":"pa_cilt-ciltsiz","8":"pa_tur-kitap","9":"pa_yayinevi-bilgi-yayinevi","10":"pa_yazar-ergun-poyraz","12":"first","13":"instock","14":"sale","15":"shipping-taxable","16":"purchasable","17":"product-type-simple"},"_links":{"self":[{"href":"https:\/\/roveyayinevi.com.tr\/index.php\/wp-json\/wp\/v2\/product\/706689","targetHints":{"allow":["GET"]}}],"collection":[{"href":"https:\/\/roveyayinevi.com.tr\/index.php\/wp-json\/wp\/v2\/product"}],"about":[{"href":"https:\/\/roveyayinevi.com.tr\/index.php\/wp-json\/wp\/v2\/types\/product"}],"wp:attachment":[{"href":"https:\/\/roveyayinevi.com.tr\/index.php\/wp-json\/wp\/v2\/media?parent=706689"}],"wp:term":[{"taxonomy":"product_brand","embeddable":true,"href":"https:\/\/roveyayinevi.com.tr\/index.php\/wp-json\/wp\/v2\/product_brand?post=706689"},{"taxonomy":"product_cat","embeddable":true,"href":"https:\/\/roveyayinevi.com.tr\/index.php\/wp-json\/wp\/v2\/product_cat?post=706689"},{"taxonomy":"product_tag","embeddable":true,"href":"https:\/\/roveyayinevi.com.tr\/index.php\/wp-json\/wp\/v2\/product_tag?post=706689"}],"curies":[{"name":"wp","href":"https:\/\/api.w.org\/{rel}","templated":true}]}}