{"id":706688,"date":"2025-08-27T15:58:43","date_gmt":"2025-08-27T12:58:43","guid":{"rendered":"https:\/\/roveyayinevi.com.tr\/index.php\/urun\/abur-cubur-canavari\/"},"modified":"2026-04-16T02:15:34","modified_gmt":"2026-04-15T23:15:34","slug":"abur-cubur-canavari","status":"publish","type":"product","link":"https:\/\/roveyayinevi.com.tr\/index.php\/urun\/abur-cubur-canavari\/","title":{"rendered":"Abur Cubur Canavar\u0131"},"content":{"rendered":"<p>&#8220;A\u011fa\u00e7lar\u0131n arkas\u0131na sinmi\u015fti. Ba\u015ftan a\u015fa\u011f\u0131ya simsiyah giysiler vard\u0131 \u00fczerinde. Y\u00fcz\u00fc, siyah kar maskesinin ard\u0131nda gizliydi. Normal bir g\u00f6z onu asla fark edemezdi ama ben, bulundu\u011fum yerden nefes al\u0131\u015f\u0131n\u0131 bile duyabiliyordum. Sessizce yakla\u015ft\u0131m&#8221; Ayt\u00fcl Akal&#8217;\u0131n d\u00fc\u015f g\u00fcc\u00fc \u00e7ocuklara yepyeni bir ser\u00fcven kazand\u0131rd\u0131. Her sayfas\u0131nda bir ba\u015fka d\u00f6n\u00fc\u015f\u00fcm, bir yeni heyecan kar\u015f\u0131l\u0131yor okuru.<\/p>\n","protected":false},"excerpt":{"rendered":"<p>&#8220;A\u011fa\u00e7lar\u0131n arkas\u0131na sinmi\u015fti. Ba\u015ftan a\u015fa\u011f\u0131ya simsiyah giysiler vard\u0131 \u00fczerinde. Y\u00fcz\u00fc, siyah kar maskesinin ard\u0131nda gizliydi. Normal bir g\u00f6z onu asla fark edemezdi ama ben, bulundu\u011fum yerden<span class=\"excerpt-hellip\"> [\u2026]<\/span><\/p>\n","protected":false},"featured_media":0,"template":"","meta":{"_monsterinsights_skip_tracking":false,"_monsterinsights_sitenote_active":false,"_monsterinsights_sitenote_note":"","_monsterinsights_sitenote_category":0},"product_brand":[],"product_cat":[12275,12274],"product_tag":[],"class_list":{"0":"post-706688","1":"product","2":"type-product","3":"status-publish","5":"product_cat-6-12-yas-kitaplari","6":"product_cat-cocuk-ve-genclik-kitaplari","7":"pa_cilt-ciltsiz","8":"pa_tur-kitap","9":"pa_yayinevi-bilgi-yayinevi-cocuk","10":"pa_yazar-aytul-akal","12":"first","13":"instock","14":"sale","15":"shipping-taxable","16":"purchasable","17":"product-type-simple"},"_links":{"self":[{"href":"https:\/\/roveyayinevi.com.tr\/index.php\/wp-json\/wp\/v2\/product\/706688","targetHints":{"allow":["GET"]}}],"collection":[{"href":"https:\/\/roveyayinevi.com.tr\/index.php\/wp-json\/wp\/v2\/product"}],"about":[{"href":"https:\/\/roveyayinevi.com.tr\/index.php\/wp-json\/wp\/v2\/types\/product"}],"wp:attachment":[{"href":"https:\/\/roveyayinevi.com.tr\/index.php\/wp-json\/wp\/v2\/media?parent=706688"}],"wp:term":[{"taxonomy":"product_brand","embeddable":true,"href":"https:\/\/roveyayinevi.com.tr\/index.php\/wp-json\/wp\/v2\/product_brand?post=706688"},{"taxonomy":"product_cat","embeddable":true,"href":"https:\/\/roveyayinevi.com.tr\/index.php\/wp-json\/wp\/v2\/product_cat?post=706688"},{"taxonomy":"product_tag","embeddable":true,"href":"https:\/\/roveyayinevi.com.tr\/index.php\/wp-json\/wp\/v2\/product_tag?post=706688"}],"curies":[{"name":"wp","href":"https:\/\/api.w.org\/{rel}","templated":true}]}}