{"id":706686,"date":"2025-08-27T15:58:43","date_gmt":"2025-08-27T12:58:43","guid":{"rendered":"https:\/\/roveyayinevi.com.tr\/index.php\/urun\/teror-pkk-40-yillik-ihanet\/"},"modified":"2026-04-16T02:15:34","modified_gmt":"2026-04-15T23:15:34","slug":"teror-pkk-40-yillik-ihanet","status":"publish","type":"product","link":"https:\/\/roveyayinevi.com.tr\/index.php\/urun\/teror-pkk-40-yillik-ihanet\/","title":{"rendered":"Ter\u00f6r PKK &#8211; 40 Y\u0131ll\u0131k \u0130hanet"},"content":{"rendered":"<p>T\u00fcrkiye Cumhuriyeti Devleti, yakla\u015f\u0131k 40 y\u0131ld\u0131r b\u00f6l\u00fcc\u00fc P KK ter\u00f6r \u00f6rg\u00fct\u00fc ile m\u00fccadele ediyor. P KK; \u00fclkeyi b\u00f6lerek, ba\u011f\u0131ms\u0131z bir K\u00fcrdistan yaratmak amac\u0131yla, \u015fiddeti ara\u00e7 olarak kullanan bir ter\u00f6r \u00f6rg\u00fct\u00fcd\u00fcr. Bunun d\u0131\u015f\u0131nda demokrasi, \u00f6z y\u00f6netim, \u00f6zerklik vb. s\u00f6ylemler, ana hedefe (Ba\u011f\u0131ms\u0131z K\u00fcrdistan) giden yolda var\u0131lmas\u0131 gereken ara hedeflerdir. Bu b\u00f6l\u00fcc\u00fc \u00f6rg\u00fct; binlerce vatan evlad\u0131n\u0131 \u015fehit etmi\u015f, kad\u0131n, \u00e7ocuk, ya\u015fl\u0131 demeden on binlerce masum insan\u0131m\u0131z\u0131n can\u0131na kastetmi\u015f, \u00fclkemize y\u00fcz milyonlarca dolarl\u0131k ekonomik zarar vermi\u015f, yurtta\u015flar\u0131m\u0131z aras\u0131na ayr\u0131l\u0131k ve nifak tohumlar\u0131 ekmi\u015ftir. 1984\u2019ten g\u00fcn\u00fcm\u00fcze kadarki s\u00fcre\u00e7te birka\u00e7 kez bitme noktas\u0131na getirilmi\u015f olmas\u0131na ra\u011fmen, ald\u0131\u011f\u0131 d\u0131\u015f destek ve i\u00e7eride yap\u0131lan hatalar nedeniyle yeniden aya\u011fa kalkmay\u0131 beceren P KK, bug\u00fcn de \u00fclkemiz i\u00e7in en \u00f6nemli tehditlerden biri olma vasf\u0131n\u0131 korumaktad\u0131r. 1984-2002 aras\u0131ndaki 18 y\u0131l\u0131n 13 y\u0131l\u0131 Komando Tugay\u0131 ve \u00d6zel Kuvvetler Kurmay Ba\u015fkan\u0131, \u00d6zel Kuvvetler Okul Komutan\u0131, Tugay Komutan\u0131, \u00d6zel Kuvvetler Komutan\u0131 ve Kolordu Komutan\u0131 olarak b\u00f6l\u00fcc\u00fc ter\u00f6rle m\u00fccadele ile ge\u00e7ti. \u00c7ok \u015fey g\u00f6rd\u00fcm, \u00e7ok \u015fey ya\u015fad\u0131m. Bu \u00fclkenin g\u00fczel evlatlar\u0131n\u0131 al bayra\u011fa sar\u0131p vatan\u0131n koynuna verdim. G\u00f6z\u00fcn\u00fc, kolunu, baca\u011f\u0131n\u0131 kaybeden gazilerle benden de bir \u015feyler koptu gitti. Her ne ya\u015fad\u0131ysak \u201cVatan sa\u011f olsun\u201d dedik, m\u00fccadeleye devam ettik. Yazd\u0131klar\u0131m \u00fclkemin ter\u00f6re kar\u015f\u0131 s\u00fcrd\u00fcrd\u00fc\u011f\u00fc amans\u0131z m\u00fccadeleye az da olsa bir katk\u0131 yaparsa, kendimi g\u00f6revimi tamamlam\u0131\u015f sayaca\u011f\u0131m. <\/p>\n","protected":false},"excerpt":{"rendered":"<p>T\u00fcrkiye Cumhuriyeti Devleti, yakla\u015f\u0131k 40 y\u0131ld\u0131r b\u00f6l\u00fcc\u00fc P KK ter\u00f6r \u00f6rg\u00fct\u00fc ile m\u00fccadele ediyor. P KK; \u00fclkeyi b\u00f6lerek, ba\u011f\u0131ms\u0131z bir K\u00fcrdistan yaratmak amac\u0131yla, \u015fiddeti ara\u00e7 olarak<span class=\"excerpt-hellip\"> [\u2026]<\/span><\/p>\n","protected":false},"featured_media":0,"template":"","meta":{"_monsterinsights_skip_tracking":false,"_monsterinsights_sitenote_active":false,"_monsterinsights_sitenote_note":"","_monsterinsights_sitenote_category":0},"product_brand":[],"product_cat":[16098,12337],"product_tag":[],"class_list":{"0":"post-706686","1":"product","2":"type-product","3":"status-publish","5":"product_cat-politik-akimlar-hareketler","6":"product_cat-politika-siyaset","7":"pa_cilt-ciltsiz","8":"pa_tur-kitap","9":"pa_yayinevi-bilgi-yayinevi","10":"pa_yazar-engin-alan","12":"first","13":"instock","14":"sale","15":"shipping-taxable","16":"purchasable","17":"product-type-simple"},"_links":{"self":[{"href":"https:\/\/roveyayinevi.com.tr\/index.php\/wp-json\/wp\/v2\/product\/706686","targetHints":{"allow":["GET"]}}],"collection":[{"href":"https:\/\/roveyayinevi.com.tr\/index.php\/wp-json\/wp\/v2\/product"}],"about":[{"href":"https:\/\/roveyayinevi.com.tr\/index.php\/wp-json\/wp\/v2\/types\/product"}],"wp:attachment":[{"href":"https:\/\/roveyayinevi.com.tr\/index.php\/wp-json\/wp\/v2\/media?parent=706686"}],"wp:term":[{"taxonomy":"product_brand","embeddable":true,"href":"https:\/\/roveyayinevi.com.tr\/index.php\/wp-json\/wp\/v2\/product_brand?post=706686"},{"taxonomy":"product_cat","embeddable":true,"href":"https:\/\/roveyayinevi.com.tr\/index.php\/wp-json\/wp\/v2\/product_cat?post=706686"},{"taxonomy":"product_tag","embeddable":true,"href":"https:\/\/roveyayinevi.com.tr\/index.php\/wp-json\/wp\/v2\/product_tag?post=706686"}],"curies":[{"name":"wp","href":"https:\/\/api.w.org\/{rel}","templated":true}]}}