{"id":706683,"date":"2025-08-27T15:58:41","date_gmt":"2025-08-27T12:58:41","guid":{"rendered":"https:\/\/roveyayinevi.com.tr\/index.php\/urun\/dava-6\/"},"modified":"2026-04-16T02:15:34","modified_gmt":"2026-04-15T23:15:34","slug":"dava-6","status":"publish","type":"product","link":"https:\/\/roveyayinevi.com.tr\/index.php\/urun\/dava-6\/","title":{"rendered":"Dava"},"content":{"rendered":"<p>Josef K. otuzuncu do\u011fum g\u00fcn\u00fcnde bilinmeyen bir nedenden tutuklanarak sorgulan\u0131r. Durum anlams\u0131zd\u0131r, yasalar bilinmez, mahkeme me\u00e7huld\u00fcr. Josef K. ne oldu\u011funu bile bilmedi\u011fi su\u00e7un \u00fcst\u00fcne kald\u0131\u011f\u0131n\u0131 \u00f6\u011frenir. \u0130natla ama ba\u015far\u0131s\u0131zca gitgide artan sa\u00e7mal\u0131klara ve zorluklara kar\u015f\u0131 koymaya \u00e7al\u0131\u015f\u0131r ve neticede bir y\u0131l sonra \u015fehir kap\u0131s\u0131nda idam edilir.Franz Kafka&#8217;n\u0131n modern insan\u0131n temel varolu\u015fsal sorular\u0131na \u00f6rnek olacak nitelikteki eseri y\u00fcz y\u0131l\u0131n roman\u0131.<\/p>\n","protected":false},"excerpt":{"rendered":"<p>Josef K. otuzuncu do\u011fum g\u00fcn\u00fcnde bilinmeyen bir nedenden tutuklanarak sorgulan\u0131r. Durum anlams\u0131zd\u0131r, yasalar bilinmez, mahkeme me\u00e7huld\u00fcr. Josef K. ne oldu\u011funu bile bilmedi\u011fi su\u00e7un \u00fcst\u00fcne kald\u0131\u011f\u0131n\u0131 \u00f6\u011frenir.<span class=\"excerpt-hellip\"> [\u2026]<\/span><\/p>\n","protected":false},"featured_media":0,"template":"","meta":{"_monsterinsights_skip_tracking":false,"_monsterinsights_sitenote_active":false,"_monsterinsights_sitenote_note":"","_monsterinsights_sitenote_category":0},"product_brand":[],"product_cat":[12291,13872],"product_tag":[],"class_list":{"0":"post-706683","1":"product","2":"type-product","3":"status-publish","5":"product_cat-edebiyat","6":"product_cat-klasikler","7":"pa_cilt-ciltsiz","8":"pa_tur-kitap","9":"pa_yayinevi-bilgi-yayinevi","10":"pa_yazar-franz-kafka","12":"first","13":"instock","14":"sale","15":"shipping-taxable","16":"purchasable","17":"product-type-simple"},"_links":{"self":[{"href":"https:\/\/roveyayinevi.com.tr\/index.php\/wp-json\/wp\/v2\/product\/706683","targetHints":{"allow":["GET"]}}],"collection":[{"href":"https:\/\/roveyayinevi.com.tr\/index.php\/wp-json\/wp\/v2\/product"}],"about":[{"href":"https:\/\/roveyayinevi.com.tr\/index.php\/wp-json\/wp\/v2\/types\/product"}],"wp:attachment":[{"href":"https:\/\/roveyayinevi.com.tr\/index.php\/wp-json\/wp\/v2\/media?parent=706683"}],"wp:term":[{"taxonomy":"product_brand","embeddable":true,"href":"https:\/\/roveyayinevi.com.tr\/index.php\/wp-json\/wp\/v2\/product_brand?post=706683"},{"taxonomy":"product_cat","embeddable":true,"href":"https:\/\/roveyayinevi.com.tr\/index.php\/wp-json\/wp\/v2\/product_cat?post=706683"},{"taxonomy":"product_tag","embeddable":true,"href":"https:\/\/roveyayinevi.com.tr\/index.php\/wp-json\/wp\/v2\/product_tag?post=706683"}],"curies":[{"name":"wp","href":"https:\/\/api.w.org\/{rel}","templated":true}]}}