{"id":706682,"date":"2025-08-27T15:58:41","date_gmt":"2025-08-27T12:58:41","guid":{"rendered":"https:\/\/roveyayinevi.com.tr\/index.php\/urun\/palyaco-okulu-sinifta-neler-oluyor\/"},"modified":"2026-04-16T02:15:34","modified_gmt":"2026-04-15T23:15:34","slug":"palyaco-okulu-sinifta-neler-oluyor","status":"publish","type":"product","link":"https:\/\/roveyayinevi.com.tr\/index.php\/urun\/palyaco-okulu-sinifta-neler-oluyor\/","title":{"rendered":"Palya\u00e7o Okulu &#8211; S\u0131n\u0131fta Neler Oluyor?"},"content":{"rendered":"<p>Mavisel Yener\u2019in ilk okumaya y\u00f6nelik be\u015f kitapl\u0131k serisi Palya\u00e7o Okulu \u00e7ocuklar\u0131n oldu\u011fu kadar anne-babalar\u0131n da \u00e7ok ho\u015funa gidecek. Palya\u00e7olar g\u00fcld\u00fcr\u00fcp e\u011flendirirler, ne\u015feyle vakit ge\u00e7irmemizi sa\u011flarlar ama palya\u00e7o olmak san\u0131ld\u0131\u011f\u0131 kadar kolay de\u011fildir. Kahraman\u0131m\u0131z Pinpin, bu zor mesle\u011fin okuluna gidiyor, iyi bir palya\u00e7o olmak istiyor; ve \u015fimdiden okul ser\u00fcvenleriyle bizi e\u011flendiriyor.<\/p>\n","protected":false},"excerpt":{"rendered":"<p>Mavisel Yener\u2019in ilk okumaya y\u00f6nelik be\u015f kitapl\u0131k serisi Palya\u00e7o Okulu \u00e7ocuklar\u0131n oldu\u011fu kadar anne-babalar\u0131n da \u00e7ok ho\u015funa gidecek. Palya\u00e7olar g\u00fcld\u00fcr\u00fcp e\u011flendirirler, ne\u015feyle vakit ge\u00e7irmemizi sa\u011flarlar ama<span class=\"excerpt-hellip\"> [\u2026]<\/span><\/p>\n","protected":false},"featured_media":0,"template":"","meta":{"_monsterinsights_skip_tracking":false,"_monsterinsights_sitenote_active":false,"_monsterinsights_sitenote_note":"","_monsterinsights_sitenote_category":0},"product_brand":[],"product_cat":[12275,12274],"product_tag":[],"class_list":{"0":"post-706682","1":"product","2":"type-product","3":"status-publish","5":"product_cat-6-12-yas-kitaplari","6":"product_cat-cocuk-ve-genclik-kitaplari","7":"pa_cilt-ciltsiz","8":"pa_tur-kitap","9":"pa_yayinevi-bilgi-yayinevi-cocuk","10":"pa_yazar-mavisel-yener","12":"first","13":"instock","14":"sale","15":"shipping-taxable","16":"purchasable","17":"product-type-simple"},"_links":{"self":[{"href":"https:\/\/roveyayinevi.com.tr\/index.php\/wp-json\/wp\/v2\/product\/706682","targetHints":{"allow":["GET"]}}],"collection":[{"href":"https:\/\/roveyayinevi.com.tr\/index.php\/wp-json\/wp\/v2\/product"}],"about":[{"href":"https:\/\/roveyayinevi.com.tr\/index.php\/wp-json\/wp\/v2\/types\/product"}],"wp:attachment":[{"href":"https:\/\/roveyayinevi.com.tr\/index.php\/wp-json\/wp\/v2\/media?parent=706682"}],"wp:term":[{"taxonomy":"product_brand","embeddable":true,"href":"https:\/\/roveyayinevi.com.tr\/index.php\/wp-json\/wp\/v2\/product_brand?post=706682"},{"taxonomy":"product_cat","embeddable":true,"href":"https:\/\/roveyayinevi.com.tr\/index.php\/wp-json\/wp\/v2\/product_cat?post=706682"},{"taxonomy":"product_tag","embeddable":true,"href":"https:\/\/roveyayinevi.com.tr\/index.php\/wp-json\/wp\/v2\/product_tag?post=706682"}],"curies":[{"name":"wp","href":"https:\/\/api.w.org\/{rel}","templated":true}]}}