{"id":706681,"date":"2025-08-27T15:58:41","date_gmt":"2025-08-27T12:58:41","guid":{"rendered":"https:\/\/roveyayinevi.com.tr\/index.php\/urun\/yesilcam-cehennemi\/"},"modified":"2026-04-16T02:15:34","modified_gmt":"2026-04-15T23:15:34","slug":"yesilcam-cehennemi","status":"publish","type":"product","link":"https:\/\/roveyayinevi.com.tr\/index.php\/urun\/yesilcam-cehennemi\/","title":{"rendered":"Ye\u015fil\u00e7am Cehennemi"},"content":{"rendered":"<p>Ba\u011f\u0131rmak istedim:&#8221;o g\u00fcr\u00fcl g\u00fcr\u00fcl yetenekleriyle,yarat\u0131 g\u00f6m\u00fcleriyle,insan sevgisi doluY\u00fcrekleriyle&#8230;ve b\u00fct\u00fcn g\u00fc\u00e7leriyle;bir \u0131\u015f\u0131k,biryarar sunmaya haz\u0131r olan bu \u00e7ocuklara&#8230;Bu ac\u0131y\u0131,bu \u00e7aresizli\u011fi,bu kimsesizli\u011fi ya\u015fatmayahakk\u0131m\u0131z yok!..yok hakk\u0131n\u0131z!&#8221;Amma ki,sa\u011f\u0131rd\u0131 bu d\u00fcnta,k\u00f6rd\u00fc!..Kendi h\u0131rslar\u0131n\u0131n,\u00e7\u0131karlar\u0131n\u0131n esrikli\u011fiyle,bir daire i\u00e7inde d\u00f6nenip duruyordu&#8230;Ve bir durma,cay\u0131r cay\u0131r yan\u0131yorduYe\u015fil\u00e7am Cehennemi!..O g\u00fczelim \u00e7ocuklar\u0131n duyduklar\u0131 ac\u0131;kalkt\u0131-geldi,benim beynimde patlad\u0131!&#8230;S\u00f6k\u00fcld\u00fc ci\u011ferlerim!..Melodram,biliyorum,olsun!..G\u00f6zlerimden sicim sicim ya\u015flar inerken&#8230;kaybolup gidi\u015flerine bakt\u0131m&#8230;bakt\u0131m&#8230;Art\u0131k bana bu d\u00fcnya yok!&#8230;Art\u0131k hi\u00e7 kimselere yok!..<\/p>\n","protected":false},"excerpt":{"rendered":"<p>Ba\u011f\u0131rmak istedim:&#8221;o g\u00fcr\u00fcl g\u00fcr\u00fcl yetenekleriyle,yarat\u0131 g\u00f6m\u00fcleriyle,insan sevgisi doluY\u00fcrekleriyle&#8230;ve b\u00fct\u00fcn g\u00fc\u00e7leriyle;bir \u0131\u015f\u0131k,biryarar sunmaya haz\u0131r olan bu \u00e7ocuklara&#8230;Bu ac\u0131y\u0131,bu \u00e7aresizli\u011fi,bu kimsesizli\u011fi ya\u015fatmayahakk\u0131m\u0131z yok!..yok hakk\u0131n\u0131z!&#8221;Amma ki,sa\u011f\u0131rd\u0131 bu d\u00fcnta,k\u00f6rd\u00fc!..Kendi h\u0131rslar\u0131n\u0131n,\u00e7\u0131karlar\u0131n\u0131n<span class=\"excerpt-hellip\"> [\u2026]<\/span><\/p>\n","protected":false},"featured_media":0,"template":"","meta":{"_monsterinsights_skip_tracking":false,"_monsterinsights_sitenote_active":false,"_monsterinsights_sitenote_note":"","_monsterinsights_sitenote_category":0},"product_brand":[],"product_cat":[12409,12408],"product_tag":[],"class_list":{"0":"post-706681","1":"product","2":"type-product","3":"status-publish","5":"product_cat-fotograf-sinema-tiyatro","6":"product_cat-sanat","7":"pa_cilt-ciltsiz","8":"pa_tur-kitap","9":"pa_yayinevi-bilgi-yayinevi","10":"pa_yazar-yilmaz-gruda","12":"first","13":"instock","14":"sale","15":"shipping-taxable","16":"purchasable","17":"product-type-simple"},"_links":{"self":[{"href":"https:\/\/roveyayinevi.com.tr\/index.php\/wp-json\/wp\/v2\/product\/706681","targetHints":{"allow":["GET"]}}],"collection":[{"href":"https:\/\/roveyayinevi.com.tr\/index.php\/wp-json\/wp\/v2\/product"}],"about":[{"href":"https:\/\/roveyayinevi.com.tr\/index.php\/wp-json\/wp\/v2\/types\/product"}],"wp:attachment":[{"href":"https:\/\/roveyayinevi.com.tr\/index.php\/wp-json\/wp\/v2\/media?parent=706681"}],"wp:term":[{"taxonomy":"product_brand","embeddable":true,"href":"https:\/\/roveyayinevi.com.tr\/index.php\/wp-json\/wp\/v2\/product_brand?post=706681"},{"taxonomy":"product_cat","embeddable":true,"href":"https:\/\/roveyayinevi.com.tr\/index.php\/wp-json\/wp\/v2\/product_cat?post=706681"},{"taxonomy":"product_tag","embeddable":true,"href":"https:\/\/roveyayinevi.com.tr\/index.php\/wp-json\/wp\/v2\/product_tag?post=706681"}],"curies":[{"name":"wp","href":"https:\/\/api.w.org\/{rel}","templated":true}]}}