{"id":706679,"date":"2025-08-27T15:58:40","date_gmt":"2025-08-27T12:58:40","guid":{"rendered":"https:\/\/roveyayinevi.com.tr\/index.php\/urun\/esrarli-ada-3\/"},"modified":"2026-04-16T02:15:34","modified_gmt":"2026-04-15T23:15:34","slug":"esrarli-ada-3","status":"publish","type":"product","link":"https:\/\/roveyayinevi.com.tr\/index.php\/urun\/esrarli-ada-3\/","title":{"rendered":"Esrarl\u0131 Ada"},"content":{"rendered":"<p>Y\u00fczlerce kez \u00f6l\u00fcmle burun buruna gelen be\u015f sava\u015f tutsa\u011f\u0131 bir balonla ka\u00e7may\u0131 ba\u015farabilmi\u015flerdi. Ancak onlar i\u00e7in yeni ve tehlikeli bir ser\u00fcven daha ba\u015fl\u0131yordu. \u0130nmek zorunda kald\u0131klar\u0131 adada esrarengiz koruyucular\u0131 olmasa belki de hi\u00e7biri hayatta kalamayacakt\u0131.<\/p>\n","protected":false},"excerpt":{"rendered":"<p>Y\u00fczlerce kez \u00f6l\u00fcmle burun buruna gelen be\u015f sava\u015f tutsa\u011f\u0131 bir balonla ka\u00e7may\u0131 ba\u015farabilmi\u015flerdi. Ancak onlar i\u00e7in yeni ve tehlikeli bir ser\u00fcven daha ba\u015fl\u0131yordu. \u0130nmek zorunda kald\u0131klar\u0131<span class=\"excerpt-hellip\"> [\u2026]<\/span><\/p>\n","protected":false},"featured_media":0,"template":"","meta":{"_monsterinsights_skip_tracking":false,"_monsterinsights_sitenote_active":false,"_monsterinsights_sitenote_note":"","_monsterinsights_sitenote_category":0},"product_brand":[],"product_cat":[12274,12467],"product_tag":[],"class_list":{"0":"post-706679","1":"product","2":"type-product","3":"status-publish","5":"product_cat-cocuk-ve-genclik-kitaplari","6":"product_cat-dunya-klasikleri","7":"pa_cilt-ciltsiz","8":"pa_tur-kitap","9":"pa_yayinevi-bilgi-yayinevi-cocuk","10":"pa_yazar-jules-verne","12":"first","13":"instock","14":"sale","15":"shipping-taxable","16":"purchasable","17":"product-type-simple"},"_links":{"self":[{"href":"https:\/\/roveyayinevi.com.tr\/index.php\/wp-json\/wp\/v2\/product\/706679","targetHints":{"allow":["GET"]}}],"collection":[{"href":"https:\/\/roveyayinevi.com.tr\/index.php\/wp-json\/wp\/v2\/product"}],"about":[{"href":"https:\/\/roveyayinevi.com.tr\/index.php\/wp-json\/wp\/v2\/types\/product"}],"wp:attachment":[{"href":"https:\/\/roveyayinevi.com.tr\/index.php\/wp-json\/wp\/v2\/media?parent=706679"}],"wp:term":[{"taxonomy":"product_brand","embeddable":true,"href":"https:\/\/roveyayinevi.com.tr\/index.php\/wp-json\/wp\/v2\/product_brand?post=706679"},{"taxonomy":"product_cat","embeddable":true,"href":"https:\/\/roveyayinevi.com.tr\/index.php\/wp-json\/wp\/v2\/product_cat?post=706679"},{"taxonomy":"product_tag","embeddable":true,"href":"https:\/\/roveyayinevi.com.tr\/index.php\/wp-json\/wp\/v2\/product_tag?post=706679"}],"curies":[{"name":"wp","href":"https:\/\/api.w.org\/{rel}","templated":true}]}}