{"id":706678,"date":"2025-08-27T15:58:39","date_gmt":"2025-08-27T12:58:39","guid":{"rendered":"https:\/\/roveyayinevi.com.tr\/index.php\/urun\/kazanana-odul-yok\/"},"modified":"2026-04-16T02:15:34","modified_gmt":"2026-04-15T23:15:34","slug":"kazanana-odul-yok","status":"publish","type":"product","link":"https:\/\/roveyayinevi.com.tr\/index.php\/urun\/kazanana-odul-yok\/","title":{"rendered":"Kazanana \u00d6d\u00fcl Yok"},"content":{"rendered":"<p>Ernest Hemingway, Kazanana \u00d6d\u00fcl Yok&#8217;taki \u00f6yk\u00fclerini, yarat\u0131c\u0131l\u0131\u011f\u0131n\u0131n doru\u011fundayken kaleme ald\u0131.Avc\u0131lar, e\u015fler, bilge ya\u015fl\u0131 adamlar, garsonlar, bo\u011fa g\u00fcre\u015f\u00e7ileri, sevilen kad\u0131nlar, kaybedilen kad\u0131nlar; hepsi burada, u\u00e7larda ya\u015f\u0131yorlar, sevi\u015fiyorlar, \u00f6l\u00fcm\u00fcn ka\u00e7\u0131n\u0131lmaz ger\u00e7ekli\u011fiyle y\u00fczle\u015fiyorlar.B\u00f6ylesi karakterler, diyaloglar, zaman ve mekan, ola\u011fan\u00fcst\u00fc i\u00e7g\u00f6r\u00fc yaln\u0131zca Hemingway&#8217;in hayal g\u00fcc\u00fcnden do\u011fabilirdi.Her biri yazar\u0131n e\u015fsiz yetene\u011fiyle bezenmi\u015f \u00f6yk\u00fclerden olu\u015fan Kazanana \u00d6d\u00fcl Yok, Hemingway&#8217;in eserlerine bir ba\u015flang\u0131\u00e7 yapmak ya da romanlar\u0131nda derinlemesine ele ald\u0131\u011f\u0131 temalara genel bir bak\u0131\u015f i\u00e7in \u00e7ok ba\u015far\u0131l\u0131 bir derleme.<\/p>\n","protected":false},"excerpt":{"rendered":"<p>Ernest Hemingway, Kazanana \u00d6d\u00fcl Yok&#8217;taki \u00f6yk\u00fclerini, yarat\u0131c\u0131l\u0131\u011f\u0131n\u0131n doru\u011fundayken kaleme ald\u0131.Avc\u0131lar, e\u015fler, bilge ya\u015fl\u0131 adamlar, garsonlar, bo\u011fa g\u00fcre\u015f\u00e7ileri, sevilen kad\u0131nlar, kaybedilen kad\u0131nlar; hepsi burada, u\u00e7larda ya\u015f\u0131yorlar, sevi\u015fiyorlar,<span class=\"excerpt-hellip\"> [\u2026]<\/span><\/p>\n","protected":false},"featured_media":0,"template":"","meta":{"_monsterinsights_skip_tracking":false,"_monsterinsights_sitenote_active":false,"_monsterinsights_sitenote_note":"","_monsterinsights_sitenote_category":0},"product_brand":[],"product_cat":[12291,12711],"product_tag":[],"class_list":{"0":"post-706678","1":"product","2":"type-product","3":"status-publish","5":"product_cat-edebiyat","6":"product_cat-roman-oyku","7":"pa_cilt-ciltsiz","8":"pa_tur-kitap","9":"pa_yayinevi-bilgi-yayinevi","10":"pa_yazar-ernest-hemingway","12":"first","13":"instock","14":"sale","15":"shipping-taxable","16":"purchasable","17":"product-type-simple"},"_links":{"self":[{"href":"https:\/\/roveyayinevi.com.tr\/index.php\/wp-json\/wp\/v2\/product\/706678","targetHints":{"allow":["GET"]}}],"collection":[{"href":"https:\/\/roveyayinevi.com.tr\/index.php\/wp-json\/wp\/v2\/product"}],"about":[{"href":"https:\/\/roveyayinevi.com.tr\/index.php\/wp-json\/wp\/v2\/types\/product"}],"wp:attachment":[{"href":"https:\/\/roveyayinevi.com.tr\/index.php\/wp-json\/wp\/v2\/media?parent=706678"}],"wp:term":[{"taxonomy":"product_brand","embeddable":true,"href":"https:\/\/roveyayinevi.com.tr\/index.php\/wp-json\/wp\/v2\/product_brand?post=706678"},{"taxonomy":"product_cat","embeddable":true,"href":"https:\/\/roveyayinevi.com.tr\/index.php\/wp-json\/wp\/v2\/product_cat?post=706678"},{"taxonomy":"product_tag","embeddable":true,"href":"https:\/\/roveyayinevi.com.tr\/index.php\/wp-json\/wp\/v2\/product_tag?post=706678"}],"curies":[{"name":"wp","href":"https:\/\/api.w.org\/{rel}","templated":true}]}}