{"id":706677,"date":"2025-08-27T15:58:39","date_gmt":"2025-08-27T12:58:39","guid":{"rendered":"https:\/\/roveyayinevi.com.tr\/index.php\/urun\/pasaklilar-timsah-havuzu\/"},"modified":"2026-04-16T02:15:34","modified_gmt":"2026-04-15T23:15:34","slug":"pasaklilar-timsah-havuzu","status":"publish","type":"product","link":"https:\/\/roveyayinevi.com.tr\/index.php\/urun\/pasaklilar-timsah-havuzu\/","title":{"rendered":"Pasakl\u0131lar &#8211; Timsah Havuzu"},"content":{"rendered":"<p>\u00c7ocuk ve gen\u00e7lik edebiyat\u0131n\u0131n g\u00fc\u00e7l\u00fc kalemi, bol \u00f6d\u00fcll\u00fc yazar Mavisel Yener&#8217;in kaleminden okuyaca\u011f\u0131n\u0131z heyecanl\u0131 bir kitap.Sevgili okur, istersen metindeki t\u00fcm adlar\u0131 de\u011fi\u015ftirebilir ya da hi\u00e7birine dokunmadan okuyabilirsin bu kitab\u0131.Pasakl\u0131lar Kenti senin ya\u015fad\u0131\u011f\u0131n yere \u00e7ok uzak da olabilir, pek yak\u0131n da\u2026Pasakl\u0131lar Kenti\u2019nde ya\u015fayanlar\u0131n ba\u015f\u0131 dertte.Onlar\u0131 ge\u00e7mi\u015fe g\u00f6mmek i\u00e7in elinden geleni yapan karanl\u0131k g\u00fc\u00e7ler yine i\u015fba\u015f\u0131nda.Tarihini unutan toplumlara ne olur? Bu kitapta tuhaf ve matrak \u015feyler var!<\/p>\n","protected":false},"excerpt":{"rendered":"<p>\u00c7ocuk ve gen\u00e7lik edebiyat\u0131n\u0131n g\u00fc\u00e7l\u00fc kalemi, bol \u00f6d\u00fcll\u00fc yazar Mavisel Yener&#8217;in kaleminden okuyaca\u011f\u0131n\u0131z heyecanl\u0131 bir kitap.Sevgili okur, istersen metindeki t\u00fcm adlar\u0131 de\u011fi\u015ftirebilir ya da hi\u00e7birine dokunmadan<span class=\"excerpt-hellip\"> [\u2026]<\/span><\/p>\n","protected":false},"featured_media":0,"template":"","meta":{"_monsterinsights_skip_tracking":false,"_monsterinsights_sitenote_active":false,"_monsterinsights_sitenote_note":"","_monsterinsights_sitenote_category":0},"product_brand":[],"product_cat":[12275,12274],"product_tag":[],"class_list":{"0":"post-706677","1":"product","2":"type-product","3":"status-publish","5":"product_cat-6-12-yas-kitaplari","6":"product_cat-cocuk-ve-genclik-kitaplari","7":"pa_cilt-ciltsiz","8":"pa_tur-kitap","9":"pa_yayinevi-bilgi-yayinevi-cocuk","10":"pa_yazar-mavisel-yener","12":"first","13":"instock","14":"sale","15":"shipping-taxable","16":"purchasable","17":"product-type-simple"},"_links":{"self":[{"href":"https:\/\/roveyayinevi.com.tr\/index.php\/wp-json\/wp\/v2\/product\/706677","targetHints":{"allow":["GET"]}}],"collection":[{"href":"https:\/\/roveyayinevi.com.tr\/index.php\/wp-json\/wp\/v2\/product"}],"about":[{"href":"https:\/\/roveyayinevi.com.tr\/index.php\/wp-json\/wp\/v2\/types\/product"}],"wp:attachment":[{"href":"https:\/\/roveyayinevi.com.tr\/index.php\/wp-json\/wp\/v2\/media?parent=706677"}],"wp:term":[{"taxonomy":"product_brand","embeddable":true,"href":"https:\/\/roveyayinevi.com.tr\/index.php\/wp-json\/wp\/v2\/product_brand?post=706677"},{"taxonomy":"product_cat","embeddable":true,"href":"https:\/\/roveyayinevi.com.tr\/index.php\/wp-json\/wp\/v2\/product_cat?post=706677"},{"taxonomy":"product_tag","embeddable":true,"href":"https:\/\/roveyayinevi.com.tr\/index.php\/wp-json\/wp\/v2\/product_tag?post=706677"}],"curies":[{"name":"wp","href":"https:\/\/api.w.org\/{rel}","templated":true}]}}