{"id":706675,"date":"2025-08-27T15:58:38","date_gmt":"2025-08-27T12:58:38","guid":{"rendered":"https:\/\/roveyayinevi.com.tr\/index.php\/urun\/eski-anadolu-turkcesi-2\/"},"modified":"2026-04-16T02:15:34","modified_gmt":"2026-04-15T23:15:34","slug":"eski-anadolu-turkcesi-2","status":"publish","type":"product","link":"https:\/\/roveyayinevi.com.tr\/index.php\/urun\/eski-anadolu-turkcesi-2\/","title":{"rendered":"Eski Anadolu T\u00fcrk\u00e7esi"},"content":{"rendered":"<p>T\u00fcrk\u00e7enin Anadolu&#8217;daki ilk a\u015famas\u0131 olan Eski Anadolu T\u00fcrk\u00e7esi, 13. y\u00fczy\u0131ldan 15. y\u00fczy\u0131la kadar olan devir i\u00e7in kullan\u0131lan bir terimdir. Bunun yerine Eski Osmanl\u0131ca, Eski T\u00fcrkiye T\u00fcrk\u00e7esi veya Eski O\u011fuzca tabirleri de kullan\u0131lmaktad\u0131r. Eski Anadolu T\u00fcrk\u00e7esi Notlar ve Metinler ba\u015fl\u0131\u011f\u0131n\u0131 ta\u015f\u0131yan bu kitap, konu\u015fma dili ile yaz\u0131 dili aras\u0131nda farkl\u0131l\u0131\u011f\u0131n az oldu\u011fu ilk devrin \u00f6nemli yazma eserlerinden \u00f6rnek metinleri i\u00e7ermektedir. Ayr\u0131ca T\u00fcrk\u00e7enin yaz\u0131 dili olarak kullan\u0131lmaya ba\u015flamas\u0131 hakk\u0131nda genel bilgileri, tart\u0131\u015fmal\u0131 baz\u0131 meseleleri, yazma eserlerin belirgin dil ve yaz\u0131m \u00f6zellikleri ile kendi kendine \u00e7al\u0131\u015fmak i\u00e7in yaz\u0131\u00e7evrimli (transkripsiyonlu) \u00f6rnekleri kapsamaktad\u0131r. B\u00fct\u00fcn bunlarla yaz\u0131l\u0131 ilk T\u00fcrk\u00e7e eserlerin anla\u015f\u0131lmas\u0131 ve \u00e7\u00f6z\u00fcmlenmesine y\u00f6nelik ara\u015ft\u0131rma ve incelemelere katk\u0131 sunmak ama\u00e7lanmaktad\u0131r. <\/p>\n","protected":false},"excerpt":{"rendered":"<p>T\u00fcrk\u00e7enin Anadolu&#8217;daki ilk a\u015famas\u0131 olan Eski Anadolu T\u00fcrk\u00e7esi, 13. y\u00fczy\u0131ldan 15. y\u00fczy\u0131la kadar olan devir i\u00e7in kullan\u0131lan bir terimdir. Bunun yerine Eski Osmanl\u0131ca, Eski T\u00fcrkiye T\u00fcrk\u00e7esi<span class=\"excerpt-hellip\"> [\u2026]<\/span><\/p>\n","protected":false},"featured_media":0,"template":"","meta":{"_monsterinsights_skip_tracking":false,"_monsterinsights_sitenote_active":false,"_monsterinsights_sitenote_note":"","_monsterinsights_sitenote_category":0},"product_brand":[],"product_cat":[20234,12291],"product_tag":[],"class_list":{"0":"post-706675","1":"product","2":"type-product","3":"status-publish","5":"product_cat-divan-edebiyati-halk-edebiyati","6":"product_cat-edebiyat","7":"pa_cilt-ciltsiz","8":"pa_tur-kitap","9":"pa_yayinevi-bilgesu-yayincilik","10":"pa_yazar-kolektif","12":"first","13":"instock","14":"sale","15":"shipping-taxable","16":"purchasable","17":"product-type-simple"},"_links":{"self":[{"href":"https:\/\/roveyayinevi.com.tr\/index.php\/wp-json\/wp\/v2\/product\/706675","targetHints":{"allow":["GET"]}}],"collection":[{"href":"https:\/\/roveyayinevi.com.tr\/index.php\/wp-json\/wp\/v2\/product"}],"about":[{"href":"https:\/\/roveyayinevi.com.tr\/index.php\/wp-json\/wp\/v2\/types\/product"}],"wp:attachment":[{"href":"https:\/\/roveyayinevi.com.tr\/index.php\/wp-json\/wp\/v2\/media?parent=706675"}],"wp:term":[{"taxonomy":"product_brand","embeddable":true,"href":"https:\/\/roveyayinevi.com.tr\/index.php\/wp-json\/wp\/v2\/product_brand?post=706675"},{"taxonomy":"product_cat","embeddable":true,"href":"https:\/\/roveyayinevi.com.tr\/index.php\/wp-json\/wp\/v2\/product_cat?post=706675"},{"taxonomy":"product_tag","embeddable":true,"href":"https:\/\/roveyayinevi.com.tr\/index.php\/wp-json\/wp\/v2\/product_tag?post=706675"}],"curies":[{"name":"wp","href":"https:\/\/api.w.org\/{rel}","templated":true}]}}