{"id":706674,"date":"2025-08-27T15:58:38","date_gmt":"2025-08-27T12:58:38","guid":{"rendered":"https:\/\/roveyayinevi.com.tr\/index.php\/urun\/grotesk\/"},"modified":"2026-04-16T02:15:34","modified_gmt":"2026-04-15T23:15:34","slug":"grotesk","status":"publish","type":"product","link":"https:\/\/roveyayinevi.com.tr\/index.php\/urun\/grotesk\/","title":{"rendered":"Grotesk"},"content":{"rendered":"<p>\u201c\u0130nsan\u0131n neli\u011fi\u201d felsefe, toplumbilimleri ve insan bilimlerinin oldu\u011fu kadar g\u00fczel sanatlar\u0131n da konusudur. \u0130nsan varl\u0131\u011f\u0131n\u0131n karma\u015f\u0131k do\u011fas\u0131n\u0131 hem a\u00e7\u0131klamaya hem de anlamaya y\u00f6nelik \u00e7e\u015fitli \u00e7abalar, bu alanlar\u0131n birbiriyle y\u00f6nde\u015fmesini de zorunlu hale getirmektedir. \u0130nsan\u0131n, kendi varl\u0131\u011f\u0131n\u0131n groteskli\u011fini, kendi yapt\u0131klar\u0131na yans\u0131tmas\u0131na y\u00f6nelik olarak, g\u00fcndelik ya\u015famdan sanata, her etkinlik alan\u0131ndan \u00f6rnekler bulunabilir. Bu \u00e7al\u0131\u015fma s\u00f6z\u00fc edilen her alanda kendine yer bulmu\u015f bir kavrama, grotesk kavram\u0131na odaklan\u0131yor. Kitapta bir araya gelen yaz\u0131lar groteskin s\u00f6z, yaz\u0131, imge, hareketli imgeyle aray\u00fcz\u00fcnde olu\u015fan alan\u0131 ele almay\u0131, kavrama ili\u015fkin bildiklerimizi m\u00fctevaz\u0131 bir bi\u00e7imde \u00e7o\u011faltmay\u0131, bulan\u0131kl\u0131k, tekinsizlik, araftal\u0131k, tamamlanmam\u0131\u015fl\u0131k, metamorfoz, hibritlik gibi adland\u0131rmalar ve tan\u0131mlamalarla an\u0131lan bu kavram hakk\u0131nda ve kavram dolay\u0131m\u0131yla yeni \u015feyler s\u00f6ylemeyi ama\u00e7l\u0131yor. <\/p>\n","protected":false},"excerpt":{"rendered":"<p>\u201c\u0130nsan\u0131n neli\u011fi\u201d felsefe, toplumbilimleri ve insan bilimlerinin oldu\u011fu kadar g\u00fczel sanatlar\u0131n da konusudur. \u0130nsan varl\u0131\u011f\u0131n\u0131n karma\u015f\u0131k do\u011fas\u0131n\u0131 hem a\u00e7\u0131klamaya hem de anlamaya y\u00f6nelik \u00e7e\u015fitli \u00e7abalar, bu<span class=\"excerpt-hellip\"> [\u2026]<\/span><\/p>\n","protected":false},"featured_media":0,"template":"","meta":{"_monsterinsights_skip_tracking":false,"_monsterinsights_sitenote_active":false,"_monsterinsights_sitenote_note":"","_monsterinsights_sitenote_category":0},"product_brand":[],"product_cat":[20351,12388],"product_tag":[],"class_list":{"0":"post-706674","1":"product","2":"type-product","3":"status-publish","5":"product_cat-dusunce","6":"product_cat-felsefe","7":"pa_cilt-ciltsiz","8":"pa_tur-kitap","9":"pa_yayinevi-bilgesu-yayincilik","10":"pa_yazar-sebnem-pala-guzel","12":"first","13":"instock","14":"sale","15":"shipping-taxable","16":"purchasable","17":"product-type-simple"},"_links":{"self":[{"href":"https:\/\/roveyayinevi.com.tr\/index.php\/wp-json\/wp\/v2\/product\/706674","targetHints":{"allow":["GET"]}}],"collection":[{"href":"https:\/\/roveyayinevi.com.tr\/index.php\/wp-json\/wp\/v2\/product"}],"about":[{"href":"https:\/\/roveyayinevi.com.tr\/index.php\/wp-json\/wp\/v2\/types\/product"}],"wp:attachment":[{"href":"https:\/\/roveyayinevi.com.tr\/index.php\/wp-json\/wp\/v2\/media?parent=706674"}],"wp:term":[{"taxonomy":"product_brand","embeddable":true,"href":"https:\/\/roveyayinevi.com.tr\/index.php\/wp-json\/wp\/v2\/product_brand?post=706674"},{"taxonomy":"product_cat","embeddable":true,"href":"https:\/\/roveyayinevi.com.tr\/index.php\/wp-json\/wp\/v2\/product_cat?post=706674"},{"taxonomy":"product_tag","embeddable":true,"href":"https:\/\/roveyayinevi.com.tr\/index.php\/wp-json\/wp\/v2\/product_tag?post=706674"}],"curies":[{"name":"wp","href":"https:\/\/api.w.org\/{rel}","templated":true}]}}