{"id":706673,"date":"2025-08-27T15:58:37","date_gmt":"2025-08-27T12:58:37","guid":{"rendered":"https:\/\/roveyayinevi.com.tr\/index.php\/urun\/teorik-etik\/"},"modified":"2026-04-16T02:15:06","modified_gmt":"2026-04-15T23:15:06","slug":"teorik-etik","status":"publish","type":"product","link":"https:\/\/roveyayinevi.com.tr\/index.php\/urun\/teorik-etik\/","title":{"rendered":"Teorik Etik"},"content":{"rendered":"<p>Son zamanlarda etik yerine, &#8216;pratik etik&#8217; ve &#8216;teorik etik&#8217; adland\u0131rmalar\u0131 yayg\u0131n bir bi\u00e7imde kullan\u0131l\u0131r oldu. Eti\u011fin teorik ve pratik sorunlar\u0131n\u0131n oldu\u011fu d\u00fc\u015f\u00fcn\u00fclerek, eti\u011fin teorik yan\u0131n\u0131 adland\u0131rmak i\u00e7in &#8216;teorik etik&#8217; veya &#8216;felsefi etik&#8217;; pratik yan\u0131 i\u00e7inse &#8216;pratik etik&#8217; veya &#8216;uygulamal\u0131 etik&#8217; s\u00f6zc\u00fckleri kullan\u0131lmaya ba\u015fland\u0131. Asl\u0131nda etik ne salt teorik ne de salt pratiktir. Etik bir bilme etkinli\u011fidir, s\u00f6zc\u00fc\u011f\u00fcn k\u00f6kensel anlam\u0131yla bir theoria, olan biteni seyretme etkinli\u011fidir; ama bilgi i\u00e7in bilgi ya da kendisi ama\u00e7 olan bilgi de\u011fildir eti\u011fin ama\u00e7lad\u0131\u011f\u0131, prati\u011fe ya da eyleme d\u00f6n\u00fck bilgidir. Bu kitapta yer alan yaz\u0131lar etik-ya\u015fam ili\u015fkisi, olgu-de\u011fer u\u00e7urumu, eti\u011fin bilgikuramsal ikilemleri, de\u011ferler ve de\u011ferlerin bilgisi, iyi ve k\u00f6t\u00fcn\u00fcn ne oldu\u011fu gibi teorik etikle ilgili bilgisel sorunlar\u0131 ele al\u0131p tart\u0131\u015fmaya a\u00e7maktad\u0131r.<\/p>\n","protected":false},"excerpt":{"rendered":"<p>Son zamanlarda etik yerine, &#8216;pratik etik&#8217; ve &#8216;teorik etik&#8217; adland\u0131rmalar\u0131 yayg\u0131n bir bi\u00e7imde kullan\u0131l\u0131r oldu. Eti\u011fin teorik ve pratik sorunlar\u0131n\u0131n oldu\u011fu d\u00fc\u015f\u00fcn\u00fclerek, eti\u011fin teorik yan\u0131n\u0131 adland\u0131rmak<span class=\"excerpt-hellip\"> [\u2026]<\/span><\/p>\n","protected":false},"featured_media":0,"template":"","meta":{"_monsterinsights_skip_tracking":false,"_monsterinsights_sitenote_active":false,"_monsterinsights_sitenote_note":"","_monsterinsights_sitenote_category":0},"product_brand":[],"product_cat":[15319,12388],"product_tag":[],"class_list":{"0":"post-706673","1":"product","2":"type-product","3":"status-publish","5":"product_cat-etik","6":"product_cat-felsefe","7":"pa_cilt-ciltsiz","8":"pa_tur-kitap","9":"pa_yayinevi-bilgesu-yayincilik","10":"pa_yazar-harun-tepe","12":"first","13":"instock","14":"sale","15":"shipping-taxable","16":"purchasable","17":"product-type-simple"},"_links":{"self":[{"href":"https:\/\/roveyayinevi.com.tr\/index.php\/wp-json\/wp\/v2\/product\/706673","targetHints":{"allow":["GET"]}}],"collection":[{"href":"https:\/\/roveyayinevi.com.tr\/index.php\/wp-json\/wp\/v2\/product"}],"about":[{"href":"https:\/\/roveyayinevi.com.tr\/index.php\/wp-json\/wp\/v2\/types\/product"}],"wp:attachment":[{"href":"https:\/\/roveyayinevi.com.tr\/index.php\/wp-json\/wp\/v2\/media?parent=706673"}],"wp:term":[{"taxonomy":"product_brand","embeddable":true,"href":"https:\/\/roveyayinevi.com.tr\/index.php\/wp-json\/wp\/v2\/product_brand?post=706673"},{"taxonomy":"product_cat","embeddable":true,"href":"https:\/\/roveyayinevi.com.tr\/index.php\/wp-json\/wp\/v2\/product_cat?post=706673"},{"taxonomy":"product_tag","embeddable":true,"href":"https:\/\/roveyayinevi.com.tr\/index.php\/wp-json\/wp\/v2\/product_tag?post=706673"}],"curies":[{"name":"wp","href":"https:\/\/api.w.org\/{rel}","templated":true}]}}