{"id":706671,"date":"2025-08-27T15:58:37","date_gmt":"2025-08-27T12:58:37","guid":{"rendered":"https:\/\/roveyayinevi.com.tr\/index.php\/urun\/pratik-etik\/"},"modified":"2026-04-16T02:15:06","modified_gmt":"2026-04-15T23:15:06","slug":"pratik-etik","status":"publish","type":"product","link":"https:\/\/roveyayinevi.com.tr\/index.php\/urun\/pratik-etik\/","title":{"rendered":"Pratik Etik"},"content":{"rendered":"<p>Ayr\u0131mc\u0131l\u0131k, yoksulluk, \u015fiddet, adaletsizlik, k\u00fcresel iklim de\u011fi\u015fikli\u011fi gibi sorunlar g\u00fcn\u00fcm\u00fczde etik sorunlar olarak da ele al\u0131nmaya ba\u015fland\u0131. \u00c7o\u011fu zaman insan haklar\u0131n\u0131n \u00e7i\u011fnenmesine yol a\u00e7an bu sorunlar\u0131 eti\u011fin g\u00f6rmezden gelmesi de beklenemezdi zaten. T\u0131p eti\u011fi k\u00f6kenli biyoeti\u011fin ve bununla birlikte farkl\u0131 \u2018meslek etikleri\u2019nin ortaya \u00e7\u0131k\u0131p geli\u015fmeleri ve \u015fiddet, ayr\u0131mc\u0131l\u0131k, yozla\u015fma, adaletsizlik vb. etik sorunlar\u0131 ele alan \u00e7al\u0131\u015fmalar\u0131n say\u0131s\u0131n\u0131n artmas\u0131, \u2018pratik etik\u2019 veya \u2018uygulamal\u0131 etik\u2019 olarak adland\u0131r\u0131lan yeni bir etik alan\u0131ndan s\u00f6z edilmesine yol a\u00e7t\u0131.Ayr\u0131mc\u0131l\u0131k, ba\u015fkald\u0131r\u0131, \u015fiddet, yozla\u015fma gibi etik sorunlar ile \u00e7evre, bilim, i\u015fletmeler, gazetecilik, t\u0131p ve akademik \u00e7al\u0131\u015fma alanlar\u0131nda ortaya \u00e7\u0131kan etik sorunlar\u0131 ele alan bu kitaptaki yaz\u0131larda da g\u00f6r\u00fclebilece\u011fi gibi, bu sorunlar\u0131n etik bak\u0131\u015fla ele al\u0131n\u0131p ayd\u0131nlat\u0131lmas\u0131 yaln\u0131z insan t\u00fcr\u00fc i\u00e7in de\u011fil, gezegenimizin t\u00fcm canl\u0131lar\u0131n\u0131n gelece\u011fi a\u00e7\u0131s\u0131ndan b\u00fcy\u00fck \u00f6nem ta\u015f\u0131maktad\u0131r. <\/p>\n","protected":false},"excerpt":{"rendered":"<p>Ayr\u0131mc\u0131l\u0131k, yoksulluk, \u015fiddet, adaletsizlik, k\u00fcresel iklim de\u011fi\u015fikli\u011fi gibi sorunlar g\u00fcn\u00fcm\u00fczde etik sorunlar olarak da ele al\u0131nmaya ba\u015fland\u0131. \u00c7o\u011fu zaman insan haklar\u0131n\u0131n \u00e7i\u011fnenmesine yol a\u00e7an bu sorunlar\u0131<span class=\"excerpt-hellip\"> [\u2026]<\/span><\/p>\n","protected":false},"featured_media":0,"template":"","meta":{"_monsterinsights_skip_tracking":false,"_monsterinsights_sitenote_active":false,"_monsterinsights_sitenote_note":"","_monsterinsights_sitenote_category":0},"product_brand":[],"product_cat":[12364],"product_tag":[],"class_list":{"0":"post-706671","1":"product","2":"type-product","3":"status-publish","5":"product_cat-genel-konular","6":"pa_cilt-ciltsiz","7":"pa_tur-kitap","8":"pa_yayinevi-bilgesu-yayincilik","9":"pa_yazar-harun-tepe","11":"first","12":"instock","13":"sale","14":"shipping-taxable","15":"purchasable","16":"product-type-simple"},"_links":{"self":[{"href":"https:\/\/roveyayinevi.com.tr\/index.php\/wp-json\/wp\/v2\/product\/706671","targetHints":{"allow":["GET"]}}],"collection":[{"href":"https:\/\/roveyayinevi.com.tr\/index.php\/wp-json\/wp\/v2\/product"}],"about":[{"href":"https:\/\/roveyayinevi.com.tr\/index.php\/wp-json\/wp\/v2\/types\/product"}],"wp:attachment":[{"href":"https:\/\/roveyayinevi.com.tr\/index.php\/wp-json\/wp\/v2\/media?parent=706671"}],"wp:term":[{"taxonomy":"product_brand","embeddable":true,"href":"https:\/\/roveyayinevi.com.tr\/index.php\/wp-json\/wp\/v2\/product_brand?post=706671"},{"taxonomy":"product_cat","embeddable":true,"href":"https:\/\/roveyayinevi.com.tr\/index.php\/wp-json\/wp\/v2\/product_cat?post=706671"},{"taxonomy":"product_tag","embeddable":true,"href":"https:\/\/roveyayinevi.com.tr\/index.php\/wp-json\/wp\/v2\/product_tag?post=706671"}],"curies":[{"name":"wp","href":"https:\/\/api.w.org\/{rel}","templated":true}]}}