{"id":706664,"date":"2025-08-27T15:58:34","date_gmt":"2025-08-27T12:58:34","guid":{"rendered":"https:\/\/roveyayinevi.com.tr\/index.php\/urun\/anadoludaki-galatlar-ve-galatya-tarihi\/"},"modified":"2026-04-16T02:15:05","modified_gmt":"2026-04-15T23:15:05","slug":"anadoludaki-galatlar-ve-galatya-tarihi","status":"publish","type":"product","link":"https:\/\/roveyayinevi.com.tr\/index.php\/urun\/anadoludaki-galatlar-ve-galatya-tarihi\/","title":{"rendered":"Anadolu&#8217;daki Galatlar ve Galatya Tarihi"},"content":{"rendered":"<p>Eski\u00e7a\u011f\u2019\u0131n Yunanl\u0131 ve Romal\u0131 yazarlar\u0131n\u0131n eserlerinde barbar, g\u00f6\u00e7ebe ve sava\u015f\u00e7\u0131 bir kavim olarak anlat\u0131lan Galatlar, Kuzey Avrupa k\u00f6kenli Keltlerin (ya da Galler) bug\u00fcnk\u00fc T\u00fcrkiye topraklar\u0131na yerle\u015fen grubunun ad\u0131d\u0131r. Onlar, \u0130\u00d6 277 y\u0131l\u0131nda kad\u0131n, \u00e7ocuk, ya\u015fl\u0131 ve hastalar\u0131yla birlikte bo\u011fazlar yoluyla Anadolu\u2019ya ge\u00e7tiler. Anadolu\u2019nun Ege Denizi k\u0131y\u0131s\u0131 olan b\u00f6lgelerinde yakla\u015f\u0131k on y\u0131l yertsiz yurtsuz doland\u0131lar. Bu arada eski Yunan kentlerine sald\u0131r\u0131p, onlar\u0131 ya\u011fmalad\u0131lar, sava\u015f vergisi \u00f6demeye zorlad\u0131lar.\u0130\u00d6 268 y\u0131l\u0131nda Seleukoslar (Suriye) kral\u0131 I. Antiokhos ile yapt\u0131klar\u0131 sava\u015fta yenildikten sonra merkezi Ankyra (Ankara) ve Tavion (b\u00fcy\u00fck Nefesk\u00f6y) dolaylar\u0131 olmak \u00fczere \u0130\u00e7 Anadolu\u2019nun yukar\u0131 K\u0131z\u0131l\u0131rmak havzas\u0131na \u00e7ekilip oraya yerle\u015ftiler. Yerle\u015ftikleri bu b\u00f6lge adlar\u0131yla, yani Galatia\/Galatya olarak an\u0131ld\u0131. \u0130\u00e7inde ya\u015fad\u0131klar\u0131 Hellenistik d\u00fcnyada kendi dinlerine ve geleneklerine ba\u011fl\u0131 kalarak, kom\u015fu \u00fclkelere sald\u0131rarak ya da krall\u0131klarla sava\u015farak, baz\u0131 krall\u0131klara paral\u0131 askerlik yaparak ya\u015famlar\u0131n\u0131 idame ettiler.\u00c7ok \u00fcredikleri i\u00e7in n\u00fcfuslar\u0131n\u0131 zamanla \u00e7ok art\u0131rm\u0131\u015f olan Galatlar, \u0130\u00d6 1. y\u00fczy\u0131lda Roma\u2019ya ba\u011f\u0131ml\u0131 olan Galatya Krall\u0131\u011f\u0131\u2019n\u0131 kurdular. Ayn\u0131 y\u00fczy\u0131l\u0131n son \u00e7eyre\u011finde Galatya Krall\u0131\u011f\u0131, Romal\u0131lar taraf\u0131ndan Roma eyaleti (Galaya Eyaleti) yap\u0131larak Roma \u0130mparatorlu\u011fu\u2019nun s\u0131n\u0131rlar\u0131na d\u00e2hil edildi. Bu kitap, s\u00f6z\u00fcn\u00fc etmi\u015f oldu\u011fumuz Galatlar ve Galatya\u2019n\u0131n yakla\u015f\u0131k 500 y\u0131ll\u0131k, siyasi, sosyal ve k\u00fclt\u00fcrel tarihini anlatmaktad\u0131r.<\/p>\n","protected":false},"excerpt":{"rendered":"<p>Eski\u00e7a\u011f\u2019\u0131n Yunanl\u0131 ve Romal\u0131 yazarlar\u0131n\u0131n eserlerinde barbar, g\u00f6\u00e7ebe ve sava\u015f\u00e7\u0131 bir kavim olarak anlat\u0131lan Galatlar, Kuzey Avrupa k\u00f6kenli Keltlerin (ya da Galler) bug\u00fcnk\u00fc T\u00fcrkiye topraklar\u0131na yerle\u015fen<span class=\"excerpt-hellip\"> [\u2026]<\/span><\/p>\n","protected":false},"featured_media":0,"template":"","meta":{"_monsterinsights_skip_tracking":false,"_monsterinsights_sitenote_active":false,"_monsterinsights_sitenote_note":"","_monsterinsights_sitenote_category":0},"product_brand":[],"product_cat":[12370,12304],"product_tag":[],"class_list":{"0":"post-706664","1":"product","2":"type-product","3":"status-publish","5":"product_cat-arastirma-inceleme","6":"product_cat-tarih","7":"pa_cilt-ciltsiz","8":"pa_tur-kitap","9":"pa_yayinevi-bilge-kultur-sanat","10":"pa_yazar-mehmet-ali-kaya","12":"first","13":"instock","14":"sale","15":"shipping-taxable","16":"purchasable","17":"product-type-simple"},"_links":{"self":[{"href":"https:\/\/roveyayinevi.com.tr\/index.php\/wp-json\/wp\/v2\/product\/706664","targetHints":{"allow":["GET"]}}],"collection":[{"href":"https:\/\/roveyayinevi.com.tr\/index.php\/wp-json\/wp\/v2\/product"}],"about":[{"href":"https:\/\/roveyayinevi.com.tr\/index.php\/wp-json\/wp\/v2\/types\/product"}],"wp:attachment":[{"href":"https:\/\/roveyayinevi.com.tr\/index.php\/wp-json\/wp\/v2\/media?parent=706664"}],"wp:term":[{"taxonomy":"product_brand","embeddable":true,"href":"https:\/\/roveyayinevi.com.tr\/index.php\/wp-json\/wp\/v2\/product_brand?post=706664"},{"taxonomy":"product_cat","embeddable":true,"href":"https:\/\/roveyayinevi.com.tr\/index.php\/wp-json\/wp\/v2\/product_cat?post=706664"},{"taxonomy":"product_tag","embeddable":true,"href":"https:\/\/roveyayinevi.com.tr\/index.php\/wp-json\/wp\/v2\/product_tag?post=706664"}],"curies":[{"name":"wp","href":"https:\/\/api.w.org\/{rel}","templated":true}]}}