{"id":706663,"date":"2025-08-27T15:58:34","date_gmt":"2025-08-27T12:58:34","guid":{"rendered":"https:\/\/roveyayinevi.com.tr\/index.php\/urun\/20-yuzyilda-savas-ve-kadin\/"},"modified":"2026-04-16T02:15:05","modified_gmt":"2026-04-15T23:15:05","slug":"20-yuzyilda-savas-ve-kadin","status":"publish","type":"product","link":"https:\/\/roveyayinevi.com.tr\/index.php\/urun\/20-yuzyilda-savas-ve-kadin\/","title":{"rendered":"20. Y\u00fczy\u0131lda Sava\u015f ve Kad\u0131n"},"content":{"rendered":"<p>Farkl\u0131 disiplinlerden gelen ara\u015ft\u0131rmac\u0131lar\u0131n \u00e7al\u0131\u015fmalar\u0131ndan meydana gelen bu kitap; cephenin arkas\u0131ndaki kad\u0131nlar\u0131n \u00f6zlemlerini, m\u00fccadelelerini, yok say\u0131lmalar\u0131n\u0131, cinsel istismara u\u011framalar\u0131n\u0131, bir s\u00f6ylem arac\u0131 olarak kullan\u0131lmalar\u0131n\u0131, toplumsal cinsiyet ayr\u0131mc\u0131l\u0131\u011f\u0131n\u0131, a\u015fklar\u0131n\u0131, umutlar\u0131n\u0131, ac\u0131lar\u0131n\u0131, kaybettiklerini ve t\u00fcm bu duygular\u0131 ayn\u0131 anda ya\u015fad\u0131klar\u0131 sava\u015f y\u0131llar\u0131ndaki tecr\u00fcbelerini anlat\u0131yor&#8230;B\u00f6ylece 20. y\u00fczy\u0131lda ger\u00e7ekle\u015fen b\u00fcy\u00fck sava\u015flar\u0131n kad\u0131n kimli\u011fine ve kad\u0131nlar\u0131n hayatlar\u0131na yapt\u0131\u011f\u0131 etki \u00e7ok daha etkin ve \u00e7arp\u0131c\u0131 bi\u00e7imde g\u00f6r\u00fcn\u00fcr h\u00e2le geliyor&#8230;20. Y\u00fczy\u0131lda Sava\u015f ve Kad\u0131n bu konuda ilk kez T\u00fcrk\u00e7e ve interdisipliner olarak literat\u00fcre katk\u0131 sa\u011flamakla beraber, sava\u015f olgusu \u00fczerinden kad\u0131n tarihini anlayabilmemiz a\u00e7\u0131s\u0131ndan da \u00f6nemli bir ilk ad\u0131m niteli\u011finde&#8230;<\/p>\n","protected":false},"excerpt":{"rendered":"<p>Farkl\u0131 disiplinlerden gelen ara\u015ft\u0131rmac\u0131lar\u0131n \u00e7al\u0131\u015fmalar\u0131ndan meydana gelen bu kitap; cephenin arkas\u0131ndaki kad\u0131nlar\u0131n \u00f6zlemlerini, m\u00fccadelelerini, yok say\u0131lmalar\u0131n\u0131, cinsel istismara u\u011framalar\u0131n\u0131, bir s\u00f6ylem arac\u0131 olarak kullan\u0131lmalar\u0131n\u0131, toplumsal cinsiyet<span class=\"excerpt-hellip\"> [\u2026]<\/span><\/p>\n","protected":false},"featured_media":0,"template":"","meta":{"_monsterinsights_skip_tracking":false,"_monsterinsights_sitenote_active":false,"_monsterinsights_sitenote_note":"","_monsterinsights_sitenote_category":0},"product_brand":[],"product_cat":[13488],"product_tag":[],"class_list":{"0":"post-706663","1":"product","2":"type-product","3":"status-publish","5":"product_cat-toplum-ve-insan","6":"pa_cilt-ciltsiz","7":"pa_tur-kitap","8":"pa_yayinevi-bilge-kultur-sanat","9":"pa_yazar-onur-yamaner","11":"first","12":"instock","13":"sale","14":"shipping-taxable","15":"purchasable","16":"product-type-simple"},"_links":{"self":[{"href":"https:\/\/roveyayinevi.com.tr\/index.php\/wp-json\/wp\/v2\/product\/706663","targetHints":{"allow":["GET"]}}],"collection":[{"href":"https:\/\/roveyayinevi.com.tr\/index.php\/wp-json\/wp\/v2\/product"}],"about":[{"href":"https:\/\/roveyayinevi.com.tr\/index.php\/wp-json\/wp\/v2\/types\/product"}],"wp:attachment":[{"href":"https:\/\/roveyayinevi.com.tr\/index.php\/wp-json\/wp\/v2\/media?parent=706663"}],"wp:term":[{"taxonomy":"product_brand","embeddable":true,"href":"https:\/\/roveyayinevi.com.tr\/index.php\/wp-json\/wp\/v2\/product_brand?post=706663"},{"taxonomy":"product_cat","embeddable":true,"href":"https:\/\/roveyayinevi.com.tr\/index.php\/wp-json\/wp\/v2\/product_cat?post=706663"},{"taxonomy":"product_tag","embeddable":true,"href":"https:\/\/roveyayinevi.com.tr\/index.php\/wp-json\/wp\/v2\/product_tag?post=706663"}],"curies":[{"name":"wp","href":"https:\/\/api.w.org\/{rel}","templated":true}]}}