{"id":706661,"date":"2025-08-27T15:58:33","date_gmt":"2025-08-27T12:58:33","guid":{"rendered":"https:\/\/roveyayinevi.com.tr\/index.php\/urun\/osmanli-turkcesi\/"},"modified":"2026-04-16T02:15:05","modified_gmt":"2026-04-15T23:15:05","slug":"osmanli-turkcesi","status":"publish","type":"product","link":"https:\/\/roveyayinevi.com.tr\/index.php\/urun\/osmanli-turkcesi\/","title":{"rendered":"Osmanl\u0131 T\u00fcrk\u00e7esi"},"content":{"rendered":"<p>T\u00fcrk\u00e7e, T\u00fcrklerin d\u00fcnya \u00fczerindeki co\u011frafi yay\u0131l\u0131\u015flar\u0131na ba\u011fl\u0131 olarak, de\u011fi\u015fik zaman dilimlerinde ve yerlerde kullan\u0131lan zengin bir dildir.Osmanl\u0131 co\u011frafyas\u0131nda uzun y\u0131llar kullan\u0131lan Osmanl\u0131 alfabesiyle yaz\u0131lm\u0131\u015f metin, belge ve yaz\u0131tlar\u0131n kolayl\u0131kla okunup anla\u015f\u0131lmas\u0131n\u0131 yayg\u0131nla\u015ft\u0131rmak amac\u0131yla haz\u0131rlanan bu yap\u0131tta, Osmanl\u0131 T\u00fcrk\u00e7esinin temel gramer \u00f6zellikleri ele al\u0131nmakla yetinilmemi\u015f, hem bu \u00f6zellikleri i\u00e7eren, hem de y\u00fczy\u0131llar i\u00e7erisindeki \u00e7e\u015fitlili\u011fi yans\u0131tan tarih\u00ee metinlere de yer verilmi\u015ftir. Ayr\u0131ca pek \u00e7ok t\u00fcrde belge ve yaz\u0131t da kitaba eklenmi\u015ftir.<\/p>\n","protected":false},"excerpt":{"rendered":"<p>T\u00fcrk\u00e7e, T\u00fcrklerin d\u00fcnya \u00fczerindeki co\u011frafi yay\u0131l\u0131\u015flar\u0131na ba\u011fl\u0131 olarak, de\u011fi\u015fik zaman dilimlerinde ve yerlerde kullan\u0131lan zengin bir dildir.Osmanl\u0131 co\u011frafyas\u0131nda uzun y\u0131llar kullan\u0131lan Osmanl\u0131 alfabesiyle yaz\u0131lm\u0131\u015f metin, belge<span class=\"excerpt-hellip\"> [\u2026]<\/span><\/p>\n","protected":false},"featured_media":0,"template":"","meta":{"_monsterinsights_skip_tracking":false,"_monsterinsights_sitenote_active":false,"_monsterinsights_sitenote_note":"","_monsterinsights_sitenote_category":0},"product_brand":[],"product_cat":[20225,12291],"product_tag":[],"class_list":{"0":"post-706661","1":"product","2":"type-product","3":"status-publish","5":"product_cat-dil-bilim","6":"product_cat-edebiyat","7":"pa_cilt-ciltsiz","8":"pa_tur-kitap","9":"pa_yayinevi-bilge-kultur-sanat","10":"pa_yazar-mahmut-ak","12":"first","13":"instock","14":"sale","15":"shipping-taxable","16":"purchasable","17":"product-type-simple"},"_links":{"self":[{"href":"https:\/\/roveyayinevi.com.tr\/index.php\/wp-json\/wp\/v2\/product\/706661","targetHints":{"allow":["GET"]}}],"collection":[{"href":"https:\/\/roveyayinevi.com.tr\/index.php\/wp-json\/wp\/v2\/product"}],"about":[{"href":"https:\/\/roveyayinevi.com.tr\/index.php\/wp-json\/wp\/v2\/types\/product"}],"wp:attachment":[{"href":"https:\/\/roveyayinevi.com.tr\/index.php\/wp-json\/wp\/v2\/media?parent=706661"}],"wp:term":[{"taxonomy":"product_brand","embeddable":true,"href":"https:\/\/roveyayinevi.com.tr\/index.php\/wp-json\/wp\/v2\/product_brand?post=706661"},{"taxonomy":"product_cat","embeddable":true,"href":"https:\/\/roveyayinevi.com.tr\/index.php\/wp-json\/wp\/v2\/product_cat?post=706661"},{"taxonomy":"product_tag","embeddable":true,"href":"https:\/\/roveyayinevi.com.tr\/index.php\/wp-json\/wp\/v2\/product_tag?post=706661"}],"curies":[{"name":"wp","href":"https:\/\/api.w.org\/{rel}","templated":true}]}}