{"id":706660,"date":"2025-08-27T15:58:33","date_gmt":"2025-08-27T12:58:33","guid":{"rendered":"https:\/\/roveyayinevi.com.tr\/index.php\/urun\/siyaset-sosyolojisi-3\/"},"modified":"2026-04-16T02:15:05","modified_gmt":"2026-04-15T23:15:05","slug":"siyaset-sosyolojisi-3","status":"publish","type":"product","link":"https:\/\/roveyayinevi.com.tr\/index.php\/urun\/siyaset-sosyolojisi-3\/","title":{"rendered":"Siyaset Sosyolojisi"},"content":{"rendered":"<p>\u201cBu kitap t\u00fcm siyaset sosyologlar\u0131 i\u00e7in g\u00fcncellenmi\u015f temel disipliner bir ba\u015fvuru kayna\u011f\u0131 ve siyaseti d\u0131\u015far\u0131dan izleyen alayl\u0131 g\u00f6zlemciler i\u00e7inse heyecan uyand\u0131r\u0131c\u0131 bir k\u0131lavuz niteli\u011findedir. Drake k\u00fcresel ter\u00f6rist tehdidinin, kitlesel seferberli\u011fin, b\u00f6lgesel ayaklanmalar\u0131n, yayg\u0131n demokratik taleplerin ve h\u0131zla de\u011fi\u015fen s\u00fcper g\u00fc\u00e7 ili\u015fkilerinin h\u00fck\u00fcm s\u00fcrd\u00fc\u011f\u00fc zaman diliminde -bizatihi \u00e7at\u0131\u015fma alan\u0131 olan- \u00e7a\u011fda\u015f d\u00fcnya siyasetine yeni bir yakla\u015f\u0131m \u00f6nermektedir.\u201d- Jan Pukaulski, Tazmanya \u00dcniversitesi\u201cSiyaset Sosyolojisi, eski g\u00fczel g\u00fcnlerin standart yakla\u015f\u0131m\u0131ndan uzakla\u015farak derinlemesine g\u00fcncel sosyal \u015fartlara odaklanan bir eserdir. Drake\u2019in g\u00fcn\u00fcm\u00fcz siyaset olgusuna, \u00f6zellikle egemenlik, vatanda\u015fl\u0131k, devlet, k\u00fcreselle\u015fme gibi ana temalara odaklanmas\u0131, bu \u00e7al\u0131\u015fmay\u0131 bir metin olarak \u00e7arp\u0131c\u0131 k\u0131lmakta ve benzerlerine nazaran \u00f6n plana \u00e7\u0131karmaktad\u0131r.\u201d- Howard Winant, Kaliforniya \u00dcniversitesi, Santa Barbara\u201c Michael Drake ders kitaplar\u0131n\u0131n geleneklerini bir kenara b\u0131rakarak okuyucuyu ezber bozan tezler manzumesiyle bulu\u015fturmakta ve insanlar\u0131 d\u00fc\u015f\u00fcnmeye ve tart\u0131\u015fmaya davet etmektedir. Siyaset sosyolojisi birtak\u0131m perspektifler serisi olarak de\u011fil, bilakis 1968 May\u0131s Devrimi, 1989 Berlin Duvar\u0131\u2019n\u0131n y\u0131k\u0131l\u0131\u015f\u0131, Do\u011fu Avrupa Devrimleri ve 11 Eyl\u00fcl ter\u00f6r eylemleri gibi d\u00f6n\u00fcm noktas\u0131 niteli\u011findeki olaylara entelekt\u00fcel d\u00fc\u015f\u00fcn\u00fc\u015f ve bak\u0131\u015f olarak takdim edilmi\u015ftir.\u201d- Alan Scott, Innsbruck \u00dcniversitesiElinizdeki eser yirmi birinci y\u00fczy\u0131l\u0131n en \u00f6nemli meselelerinden birini g\u00fcndeme ta\u015f\u0131maktad\u0131r: Siyasi kurumlarla g\u00fcndelik hayat\u0131m\u0131z\u0131n sosyal ger\u00e7ekli\u011fi aras\u0131nda gittik\u00e7e artan irtibats\u0131zl\u0131k. Halka ait taleplerle resm\u00ee siyaset aras\u0131ndaki u\u00e7urum, otoriteye kar\u015f\u0131 1968 ayaklanmas\u0131, 1989 Do\u011fu Avrupa Devrimleri ve yeni sosyal hareketlerin b\u00fcy\u00fcmesiyle m\u00fctemadiyen geni\u015fledi. 1970\u2019lerden beri k\u00fcresel \u00f6l\u00e7ekte ger\u00e7ekle\u015fen muazzam sosyal de\u011fi\u015fim ve d\u00f6n\u00fc\u015f\u00fcm; devlet, ana ak\u0131m siyasi ideolojiler ve siyasi partiler gibi normal siyasi kurumlar hakk\u0131ndaki d\u00fc\u015f\u00fcncelerimizde k\u00f6kl\u00fc bir de\u011fi\u015fim getirmedi.Bu kitap resm\u00ee siyasi kurumlar ve uygulamalarla sosyal hayat\u0131n bariz bir bi\u00e7im alan ba\u011flant\u0131s\u0131zl\u0131\u011f\u0131n\u0131 anlamam\u0131z i\u00e7in ara\u00e7lar ve imk\u00e2nlar sunmaktad\u0131r. Siyaset ve toplum aras\u0131ndaki ili\u015fkileri yeniden d\u00fc\u015f\u00fcnmeye ba\u015flayabilmemiz i\u00e7in Michael Drake, iktidar analizi, temsiliyet, sosyal kimlikler, sosyal hareketler, egemenlik, devlet, k\u00fcreselle\u015fme, ayaklanmalar, risk ve g\u00fcvenlik gibi sosyal de\u011fi\u015fim ve d\u00f6n\u00fc\u015f\u00fcm\u00fcn \u00fcretti\u011fi yeni teorik geli\u015fmeleri sentezler. Son olarak bu \u00e7al\u0131\u015fma, siyasi parametrelerin s\u00fcrekli de\u011fi\u015fim ve d\u00f6n\u00fc\u015f\u00fcme maruz kald\u0131\u011f\u0131 d\u00fcnyada \u015fekillenen bu yeni siyasetin imk\u00e2n ve problemlerini ara\u015ft\u0131r\u0131r, tart\u0131\u015fmaya a\u00e7ar ve ke\u015ffeder. Siyaset sosyolojisi disiplininin tarih\u00e7esi, amac\u0131, kapsam\u0131, metodolojisi, kavramlar\u0131 ve kuramlar\u0131n\u0131 b\u00fcnyesinde bar\u0131nd\u0131rmas\u0131 ve g\u00fcncel siyaset alan\u0131n\u0131 disiplinin en yeni yakla\u015f\u0131mlar\u0131yla ele almas\u0131 bak\u0131m\u0131ndan bu \u00e7al\u0131\u015fma, lisans, y\u00fcksek lisans ve doktora \u00f6\u011frencileri a\u00e7\u0131s\u0131ndan ideal bir ders kitab\u0131 niteli\u011fi ta\u015f\u0131maktad\u0131r.<\/p>\n","protected":false},"excerpt":{"rendered":"<p>\u201cBu kitap t\u00fcm siyaset sosyologlar\u0131 i\u00e7in g\u00fcncellenmi\u015f temel disipliner bir ba\u015fvuru kayna\u011f\u0131 ve siyaseti d\u0131\u015far\u0131dan izleyen alayl\u0131 g\u00f6zlemciler i\u00e7inse heyecan uyand\u0131r\u0131c\u0131 bir k\u0131lavuz niteli\u011findedir. Drake k\u00fcresel<span class=\"excerpt-hellip\"> [\u2026]<\/span><\/p>\n","protected":false},"featured_media":0,"template":"","meta":{"_monsterinsights_skip_tracking":false,"_monsterinsights_sitenote_active":false,"_monsterinsights_sitenote_note":"","_monsterinsights_sitenote_category":0},"product_brand":[],"product_cat":[12351,12324],"product_tag":[],"class_list":{"0":"post-706660","1":"product","2":"type-product","3":"status-publish","5":"product_cat-siyaset-sosyolojisi","6":"product_cat-sosyoloji","7":"pa_cilt-ciltsiz","8":"pa_tur-kitap","9":"pa_yayinevi-bilge-kultur-sanat","10":"pa_yazar-michael-s-drake","12":"first","13":"instock","14":"sale","15":"shipping-taxable","16":"purchasable","17":"product-type-simple"},"_links":{"self":[{"href":"https:\/\/roveyayinevi.com.tr\/index.php\/wp-json\/wp\/v2\/product\/706660","targetHints":{"allow":["GET"]}}],"collection":[{"href":"https:\/\/roveyayinevi.com.tr\/index.php\/wp-json\/wp\/v2\/product"}],"about":[{"href":"https:\/\/roveyayinevi.com.tr\/index.php\/wp-json\/wp\/v2\/types\/product"}],"wp:attachment":[{"href":"https:\/\/roveyayinevi.com.tr\/index.php\/wp-json\/wp\/v2\/media?parent=706660"}],"wp:term":[{"taxonomy":"product_brand","embeddable":true,"href":"https:\/\/roveyayinevi.com.tr\/index.php\/wp-json\/wp\/v2\/product_brand?post=706660"},{"taxonomy":"product_cat","embeddable":true,"href":"https:\/\/roveyayinevi.com.tr\/index.php\/wp-json\/wp\/v2\/product_cat?post=706660"},{"taxonomy":"product_tag","embeddable":true,"href":"https:\/\/roveyayinevi.com.tr\/index.php\/wp-json\/wp\/v2\/product_tag?post=706660"}],"curies":[{"name":"wp","href":"https:\/\/api.w.org\/{rel}","templated":true}]}}