{"id":706659,"date":"2025-08-27T15:58:32","date_gmt":"2025-08-27T12:58:32","guid":{"rendered":"https:\/\/roveyayinevi.com.tr\/index.php\/urun\/bir-kucak-koy-bir-kulac-sehir\/"},"modified":"2026-04-16T02:15:05","modified_gmt":"2026-04-15T23:15:05","slug":"bir-kucak-koy-bir-kulac-sehir","status":"publish","type":"product","link":"https:\/\/roveyayinevi.com.tr\/index.php\/urun\/bir-kucak-koy-bir-kulac-sehir\/","title":{"rendered":"Bir Kucak K\u00f6y Bir Kula\u00e7 \u015eehir"},"content":{"rendered":"<p>Pek \u00e7o\u011fu ya\u015fanm\u0131\u015f olaylardan al\u0131nan, birbirinden g\u00fczel tam yirmi bir hik\u00e2yenin yer ald\u0131\u011f\u0131 bu eser, sizi Anadolu\u2019nun derinliklerinde bir yolculu\u011fa \u00e7\u0131kar\u0131yor. Okudu\u011funuz her bir hik\u00e2yenin s\u0131cakl\u0131\u011f\u0131 kalbinizi saracak&#8230;Ya\u011fmurla \u0131slanan topraklar\u0131n kokusunu ci\u011ferlerinizde hissedecek, kendinizi anlat\u0131lan hadiselerin i\u00e7inde bulacaks\u0131n\u0131z. K\u00e2h siyah bir y\u0131lanla burun buruna gelecek, k\u00e2h \u0131ss\u0131z bir da\u011f k\u00f6y\u00fcnde kar\u015f\u0131la\u015ft\u0131\u011f\u0131n\u0131z \u00e7obanla hemh\u00e2l olacaks\u0131n\u0131z.\u0130stiklal Harbi\u2019nin efsane kahramanlar\u0131 Y\u00f6r\u00fck Ali Efe, G\u00f6k\u00e7en Efe, S\u00f6keli Cafer Efe\u2019yi usta kalemiyle romanla\u015ft\u0131ran Sabahattin Burhan, bu eserinde size i\u00e7 d\u00fcnyan\u0131zda kal\u0131c\u0131 izler b\u0131rakacak ya\u015fanm\u0131\u015f hik\u00e2yeler sunuyor&#8230;<\/p>\n","protected":false},"excerpt":{"rendered":"<p>Pek \u00e7o\u011fu ya\u015fanm\u0131\u015f olaylardan al\u0131nan, birbirinden g\u00fczel tam yirmi bir hik\u00e2yenin yer ald\u0131\u011f\u0131 bu eser, sizi Anadolu\u2019nun derinliklerinde bir yolculu\u011fa \u00e7\u0131kar\u0131yor. Okudu\u011funuz her bir hik\u00e2yenin s\u0131cakl\u0131\u011f\u0131<span class=\"excerpt-hellip\"> [\u2026]<\/span><\/p>\n","protected":false},"featured_media":0,"template":"","meta":{"_monsterinsights_skip_tracking":false,"_monsterinsights_sitenote_active":false,"_monsterinsights_sitenote_note":"","_monsterinsights_sitenote_category":0},"product_brand":[],"product_cat":[12291,18202],"product_tag":[],"class_list":{"0":"post-706659","1":"product","2":"type-product","3":"status-publish","5":"product_cat-edebiyat","6":"product_cat-hikaye","7":"pa_cilt-ciltsiz","8":"pa_tur-kitap","9":"pa_yayinevi-bilge-kultur-sanat","10":"pa_yazar-sabahattin-burhan","12":"first","13":"instock","14":"sale","15":"shipping-taxable","16":"purchasable","17":"product-type-simple"},"_links":{"self":[{"href":"https:\/\/roveyayinevi.com.tr\/index.php\/wp-json\/wp\/v2\/product\/706659","targetHints":{"allow":["GET"]}}],"collection":[{"href":"https:\/\/roveyayinevi.com.tr\/index.php\/wp-json\/wp\/v2\/product"}],"about":[{"href":"https:\/\/roveyayinevi.com.tr\/index.php\/wp-json\/wp\/v2\/types\/product"}],"wp:attachment":[{"href":"https:\/\/roveyayinevi.com.tr\/index.php\/wp-json\/wp\/v2\/media?parent=706659"}],"wp:term":[{"taxonomy":"product_brand","embeddable":true,"href":"https:\/\/roveyayinevi.com.tr\/index.php\/wp-json\/wp\/v2\/product_brand?post=706659"},{"taxonomy":"product_cat","embeddable":true,"href":"https:\/\/roveyayinevi.com.tr\/index.php\/wp-json\/wp\/v2\/product_cat?post=706659"},{"taxonomy":"product_tag","embeddable":true,"href":"https:\/\/roveyayinevi.com.tr\/index.php\/wp-json\/wp\/v2\/product_tag?post=706659"}],"curies":[{"name":"wp","href":"https:\/\/api.w.org\/{rel}","templated":true}]}}