{"id":706656,"date":"2025-08-27T15:58:31","date_gmt":"2025-08-27T12:58:31","guid":{"rendered":"https:\/\/roveyayinevi.com.tr\/index.php\/urun\/oguz-kagan-turan\/"},"modified":"2026-04-16T02:15:05","modified_gmt":"2026-04-15T23:15:05","slug":"oguz-kagan-turan","status":"publish","type":"product","link":"https:\/\/roveyayinevi.com.tr\/index.php\/urun\/oguz-kagan-turan\/","title":{"rendered":"O\u011fuz Ka\u011fan &#8211; Turan"},"content":{"rendered":"<p>O\u011fuz Ka\u011fan &#8211; Dirili\u015f kitab\u0131yla ba\u015flayan destan kesintisiz devam ediyor.T\u00f6re u\u011fruna atas\u0131yla sava\u015f\u0131p tahta ge\u00e7en O\u011fuz Ka\u011fan\u2019\u0131 bekleyen zorluklar neydi?Tunghu yabgusu, T\u00fcrkleri ve t\u00f6reyi yok etmek i\u00e7in Ka\u011fan\u2019dan ne istedi?Bozk\u0131ra k\u00f6k salmaya ba\u015flayan T\u00fcrk Devleti\u2019ni istemeyen \u00c7in imparatoru kimlerle anla\u015ft\u0131?Ve en \u00f6nemlisi;Yeniden var olmak isteyen Karanl\u0131k, O\u011fuz\u2019la ve K\u0131rklar\u2019la nas\u0131l bir sava\u015fa haz\u0131rlan\u0131yordu?Kara Tap\u0131nak y\u00fckselirken T\u00fcrk budununun yi\u011fitleri bir bir u\u00e7ma\u011fa varacak.Uzaklardan, kuzeyden gelen gen\u00e7 k\u0131z, t\u00f6renin, T\u00fcrklerin ve hatta acunun kaderi olacak.Tarih T\u00fcrklerin k\u0131l\u0131c\u0131yla de\u011fi\u015firken kendinizi nefes kesen bir maceran\u0131n i\u00e7inde bulacaks\u0131n\u0131z&#8230;\u201cKafesinden ka\u00e7m\u0131\u015f birer kartal gibi, hi\u00e7 yorulmam\u0131\u015f ve a\u00e7 kurtlar gibi ve amans\u0131z bir Sayan Da\u011f\u0131 f\u0131rt\u0131nas\u0131 gibi geldiler \u00fcst\u00fcm\u00fcze Prens\u2019im. Son askeriniz de orada can verdi\u011finde ve son bayrak da d\u00fc\u015ft\u00fc\u011f\u00fcnde topra\u011fa, onlar arkalar\u0131na bakmadan ve sanki hi\u00e7 sava\u015fmam\u0131\u015f gibi s\u00fcrd\u00fcler atlar\u0131n\u0131 uzaklara. Prens\u2019im soruyordunuz \u2018Nas\u0131l durdurabiliriz?\u2019 diye. Efendim, T\u00fcrkler durdurulamazlar!\u201d\u2013General Ho-tsun<\/p>\n","protected":false},"excerpt":{"rendered":"<p>O\u011fuz Ka\u011fan &#8211; Dirili\u015f kitab\u0131yla ba\u015flayan destan kesintisiz devam ediyor.T\u00f6re u\u011fruna atas\u0131yla sava\u015f\u0131p tahta ge\u00e7en O\u011fuz Ka\u011fan\u2019\u0131 bekleyen zorluklar neydi?Tunghu yabgusu, T\u00fcrkleri ve t\u00f6reyi yok etmek<span class=\"excerpt-hellip\"> [\u2026]<\/span><\/p>\n","protected":false},"featured_media":0,"template":"","meta":{"_monsterinsights_skip_tracking":false,"_monsterinsights_sitenote_active":false,"_monsterinsights_sitenote_note":"","_monsterinsights_sitenote_category":0},"product_brand":[],"product_cat":[12291,12745],"product_tag":[],"class_list":{"0":"post-706656","1":"product","2":"type-product","3":"status-publish","5":"product_cat-edebiyat","6":"product_cat-tarihi-roman","7":"pa_cilt-ciltsiz","8":"pa_tur-kitap","9":"pa_yayinevi-bilge-kultur-sanat","10":"pa_yazar-lokman-aydogan","12":"first","13":"instock","14":"sale","15":"shipping-taxable","16":"purchasable","17":"product-type-simple"},"_links":{"self":[{"href":"https:\/\/roveyayinevi.com.tr\/index.php\/wp-json\/wp\/v2\/product\/706656","targetHints":{"allow":["GET"]}}],"collection":[{"href":"https:\/\/roveyayinevi.com.tr\/index.php\/wp-json\/wp\/v2\/product"}],"about":[{"href":"https:\/\/roveyayinevi.com.tr\/index.php\/wp-json\/wp\/v2\/types\/product"}],"wp:attachment":[{"href":"https:\/\/roveyayinevi.com.tr\/index.php\/wp-json\/wp\/v2\/media?parent=706656"}],"wp:term":[{"taxonomy":"product_brand","embeddable":true,"href":"https:\/\/roveyayinevi.com.tr\/index.php\/wp-json\/wp\/v2\/product_brand?post=706656"},{"taxonomy":"product_cat","embeddable":true,"href":"https:\/\/roveyayinevi.com.tr\/index.php\/wp-json\/wp\/v2\/product_cat?post=706656"},{"taxonomy":"product_tag","embeddable":true,"href":"https:\/\/roveyayinevi.com.tr\/index.php\/wp-json\/wp\/v2\/product_tag?post=706656"}],"curies":[{"name":"wp","href":"https:\/\/api.w.org\/{rel}","templated":true}]}}