{"id":706655,"date":"2025-08-27T15:58:31","date_gmt":"2025-08-27T12:58:31","guid":{"rendered":"https:\/\/roveyayinevi.com.tr\/index.php\/urun\/zigetvarin-laneti\/"},"modified":"2026-04-16T02:15:05","modified_gmt":"2026-04-15T23:15:05","slug":"zigetvarin-laneti","status":"publish","type":"product","link":"https:\/\/roveyayinevi.com.tr\/index.php\/urun\/zigetvarin-laneti\/","title":{"rendered":"Zigetvar&#8217;\u0131n Laneti"},"content":{"rendered":"<p>Yeni\u00e7eri olmas\u0131 i\u00e7in dev\u015firilip ana babas\u0131ndan kopar\u0131lan k\u00fc\u00e7\u00fck bir \u00e7ocuk ve ailesinin ya\u015fad\u0131\u011f\u0131 hazin son. Yanlar\u0131na verilen \u00e7ocu\u011fu ba\u011f\u0131rlar\u0131na basan Akk\u0131z Ana ve Dursun Baba\u2019n\u0131n h\u00fcz\u00fcnl\u00fc hayatlar\u0131. \u201c\u0130nsan\u0131n kaderi, onun \u015fans\u0131d\u0131r. Asla de\u011fi\u015ftiremezsin. \u00dczerine bi\u00e7ileni giyersin. S\u0131rp do\u011fduk, Osmanl\u0131 \u00f6lece\u011fiz evlat\u201d diyen Pa\u015fa\u2019s\u0131n\u0131n sad\u0131k muhaf\u0131z\u0131. Sevin\u00e7 ve umutla \u00e7\u0131kt\u0131\u011f\u0131 ilk seferde, lanetli bir ak\u0131betle y\u00fcz y\u00fcze geldikten sonra teselliyi Akk\u0131z Ana, Dursun Baba ve Mehmet Pa\u015fa\u2019ya s\u0131\u011f\u0131nmakta bulan \u00e7aresiz adam. \u0130\u015fte h\u00fcz\u00fcn, sadakat ve \u00e7aresizlik dolu bir umudun hikayesi&#8230;<\/p>\n","protected":false},"excerpt":{"rendered":"<p>Yeni\u00e7eri olmas\u0131 i\u00e7in dev\u015firilip ana babas\u0131ndan kopar\u0131lan k\u00fc\u00e7\u00fck bir \u00e7ocuk ve ailesinin ya\u015fad\u0131\u011f\u0131 hazin son. Yanlar\u0131na verilen \u00e7ocu\u011fu ba\u011f\u0131rlar\u0131na basan Akk\u0131z Ana ve Dursun Baba\u2019n\u0131n h\u00fcz\u00fcnl\u00fc<span class=\"excerpt-hellip\"> [\u2026]<\/span><\/p>\n","protected":false},"featured_media":0,"template":"","meta":{"_monsterinsights_skip_tracking":false,"_monsterinsights_sitenote_active":false,"_monsterinsights_sitenote_note":"","_monsterinsights_sitenote_category":0},"product_brand":[],"product_cat":[12291,12745],"product_tag":[],"class_list":{"0":"post-706655","1":"product","2":"type-product","3":"status-publish","5":"product_cat-edebiyat","6":"product_cat-tarihi-roman","7":"pa_cilt-ciltsiz","8":"pa_tur-kitap","9":"pa_yayinevi-bilge-kultur-sanat","10":"pa_yazar-haldun-eroglu","12":"first","13":"instock","14":"sale","15":"shipping-taxable","16":"purchasable","17":"product-type-simple"},"_links":{"self":[{"href":"https:\/\/roveyayinevi.com.tr\/index.php\/wp-json\/wp\/v2\/product\/706655","targetHints":{"allow":["GET"]}}],"collection":[{"href":"https:\/\/roveyayinevi.com.tr\/index.php\/wp-json\/wp\/v2\/product"}],"about":[{"href":"https:\/\/roveyayinevi.com.tr\/index.php\/wp-json\/wp\/v2\/types\/product"}],"wp:attachment":[{"href":"https:\/\/roveyayinevi.com.tr\/index.php\/wp-json\/wp\/v2\/media?parent=706655"}],"wp:term":[{"taxonomy":"product_brand","embeddable":true,"href":"https:\/\/roveyayinevi.com.tr\/index.php\/wp-json\/wp\/v2\/product_brand?post=706655"},{"taxonomy":"product_cat","embeddable":true,"href":"https:\/\/roveyayinevi.com.tr\/index.php\/wp-json\/wp\/v2\/product_cat?post=706655"},{"taxonomy":"product_tag","embeddable":true,"href":"https:\/\/roveyayinevi.com.tr\/index.php\/wp-json\/wp\/v2\/product_tag?post=706655"}],"curies":[{"name":"wp","href":"https:\/\/api.w.org\/{rel}","templated":true}]}}