{"id":706652,"date":"2025-08-27T15:58:29","date_gmt":"2025-08-27T12:58:29","guid":{"rendered":"https:\/\/roveyayinevi.com.tr\/index.php\/urun\/osmanlida-muhalefet\/"},"modified":"2026-04-16T02:15:05","modified_gmt":"2026-04-15T23:15:05","slug":"osmanlida-muhalefet","status":"publish","type":"product","link":"https:\/\/roveyayinevi.com.tr\/index.php\/urun\/osmanlida-muhalefet\/","title":{"rendered":"Osmanl\u0131\u2019da Muhalefet"},"content":{"rendered":"<p>Bir orta zamanlar imparatorlu\u011fu olarak kurulan Osmanl\u0131lar\u0131n hanedan ve onun ba\u015f\u0131nda bulunan h\u00fck\u00fcmdar\u0131n elinde \u015fekillenen y\u00f6netim anlay\u0131\u015f\u0131, \u00e7a\u011fda\u015flar\u0131ndan farkl\u0131 olarak devlet ile tebaa aras\u0131nda olumlu bir ili\u015fki kurabilme kabiliyeti g\u00f6sterebilmi\u015fti. Her ne kadar h\u00fck\u00fcmdar d\u00fcnyevi ve uhrevi yetkileri elinde toplam\u0131\u015f bulunsa da bunu kurumlar vas\u0131tas\u0131yla kullanma yolunu se\u00e7mi\u015f, b\u00f6ylece g\u00f6rece di\u011fer devletlerden farkl\u0131 olarak tebaan\u0131n ruhunda \u00e7\u0131\u011f\u0131r a\u00e7an y\u00f6netme becerisiyle me\u015fruiyetini sa\u011flamada hayli ba\u015far\u0131l\u0131 olmu\u015ftu.Bu ba\u015far\u0131n\u0131n s\u0131rr\u0131 bir sihir de\u011fil kanunlara riayetin esas oldu\u011fu hukuki ve mutedil anlay\u0131\u015f idi. Geni\u015f halk kitlelerine kar\u015f\u0131 kendini kabul ettirmede elde edilen ba\u015far\u0131ya ra\u011fmen h\u00fck\u00fcmdarda m\u00fc\u015fahhas h\u00e2le gelen y\u00f6netme erkinin kullan\u0131m\u0131n\u0131 ele ge\u00e7irme iste\u011fine ba\u011fl\u0131 olarak ortaya \u00e7\u0131kan muhalefet meselesi imparatorluk tarihinin belki de en \u00f6nemli sorunlar\u0131ndan biriydi. Ger\u00e7i Osmanl\u0131 \u0130mparatorlu\u011fu\u2019nda, hukuki ve nazari bak\u0131m\u0131ndan tart\u0131\u015f\u0131lmas\u0131 dahi d\u00fc\u015f\u00fcn\u00fclemeyen h\u00fck\u00fcmdara kar\u015f\u0131 bir muhalefetten bahsetmek ne kadar m\u00fcmk\u00fcn idi? Tarih\u00ee olaylar\u0131n takibi hemen her devirde h\u00fck\u00fcmdara kar\u015f\u0131 ba\u015flat\u0131lan ve iktidar\u0131 ele ge\u00e7irmek isteyen t\u00fcrl\u00fc ve fas\u0131las\u0131z muhalif hareketlerin varl\u0131\u011f\u0131na i\u015faret ediyor ki, bahsedilen bu muhalefetin \u00f6nc\u00fcleri bazen Osmanl\u0131 hanedan\u0131n\u0131n bir \u00fcyesi, bazen bir din\u00ee lider, bazen ise imparatorlu\u011fun bir g\u00f6revlisi olabiliyordu. \u0130\u015fte bu \u00e7al\u0131\u015fmada \u201ckutsal Osmanl\u0131 h\u00fck\u00fcmdar\u0131\u201d ile onun etraf\u0131nda k\u00fcmelenen b\u00fcrokratik elite kar\u015f\u0131 giri\u015filen muhalif hareketlerin niteli\u011fini ve iktidar erkini elinde tutanlarla onu ele ge\u00e7irmek isteyenlerin m\u00fccadelesinin bilinmeyenlerini bulacaks\u0131n\u0131z.<\/p>\n","protected":false},"excerpt":{"rendered":"<p>Bir orta zamanlar imparatorlu\u011fu olarak kurulan Osmanl\u0131lar\u0131n hanedan ve onun ba\u015f\u0131nda bulunan h\u00fck\u00fcmdar\u0131n elinde \u015fekillenen y\u00f6netim anlay\u0131\u015f\u0131, \u00e7a\u011fda\u015flar\u0131ndan farkl\u0131 olarak devlet ile tebaa aras\u0131nda olumlu bir<span class=\"excerpt-hellip\"> [\u2026]<\/span><\/p>\n","protected":false},"featured_media":0,"template":"","meta":{"_monsterinsights_skip_tracking":false,"_monsterinsights_sitenote_active":false,"_monsterinsights_sitenote_note":"","_monsterinsights_sitenote_category":0},"product_brand":[],"product_cat":[13517,12304],"product_tag":[],"class_list":{"0":"post-706652","1":"product","2":"type-product","3":"status-publish","5":"product_cat-osmanli-tarihi","6":"product_cat-tarih","7":"pa_cilt-ciltsiz","8":"pa_tur-kitap","9":"pa_yayinevi-bilge-kultur-sanat","10":"pa_yazar-haldun-eroglu","12":"first","13":"instock","14":"sale","15":"shipping-taxable","16":"purchasable","17":"product-type-simple"},"_links":{"self":[{"href":"https:\/\/roveyayinevi.com.tr\/index.php\/wp-json\/wp\/v2\/product\/706652","targetHints":{"allow":["GET"]}}],"collection":[{"href":"https:\/\/roveyayinevi.com.tr\/index.php\/wp-json\/wp\/v2\/product"}],"about":[{"href":"https:\/\/roveyayinevi.com.tr\/index.php\/wp-json\/wp\/v2\/types\/product"}],"wp:attachment":[{"href":"https:\/\/roveyayinevi.com.tr\/index.php\/wp-json\/wp\/v2\/media?parent=706652"}],"wp:term":[{"taxonomy":"product_brand","embeddable":true,"href":"https:\/\/roveyayinevi.com.tr\/index.php\/wp-json\/wp\/v2\/product_brand?post=706652"},{"taxonomy":"product_cat","embeddable":true,"href":"https:\/\/roveyayinevi.com.tr\/index.php\/wp-json\/wp\/v2\/product_cat?post=706652"},{"taxonomy":"product_tag","embeddable":true,"href":"https:\/\/roveyayinevi.com.tr\/index.php\/wp-json\/wp\/v2\/product_tag?post=706652"}],"curies":[{"name":"wp","href":"https:\/\/api.w.org\/{rel}","templated":true}]}}