{"id":706649,"date":"2025-08-27T15:58:28","date_gmt":"2025-08-27T12:58:28","guid":{"rendered":"https:\/\/roveyayinevi.com.tr\/index.php\/urun\/hitlerin-ikinci-kitabi\/"},"modified":"2026-04-16T02:15:05","modified_gmt":"2026-04-15T23:15:05","slug":"hitlerin-ikinci-kitabi","status":"publish","type":"product","link":"https:\/\/roveyayinevi.com.tr\/index.php\/urun\/hitlerin-ikinci-kitabi\/","title":{"rendered":"Hitler\u2019in \u0130kinci Kitab\u0131"},"content":{"rendered":"<p>Kaybedilen vatan topra\u011f\u0131 n\u00fcmayi\u015flerle de\u011fil, muzaffer k\u0131l\u0131\u00e7la geri al\u0131n\u0131r.Harpler ancak h\u00e2lihaz\u0131r\u0131n bir kesrini, buna mukabil sulh\u00e7u iktisat gelece\u011fi katletmektedir.Bir milletin b\u00fcy\u00fckl\u00fck ve gelece\u011fi, her sahada b\u00fcy\u00fck i\u015fler ba\u015faran kabiliyetlerin yek\u00fbnuna tabidir.\u0130stikbalde Kuzey Amerika kar\u015f\u0131s\u0131nda dayanabilecek devlet, ancak; gerek i\u00e7 hayat\u0131na verdi\u011fi \u015fekille ve gerekse d\u0131\u015f politikas\u0131na esas ittihaz etti\u011fi d\u00fc\u015f\u00fcnce ile, milletini \u0131rk bak\u0131m\u0131ndan daha \u00fcst\u00fcn de\u011ferlere ula\u015ft\u0131rabilen devlet olacakt\u0131r. Bir milletin kudreti elindeki sil\u00e2hta de\u011fil, iradesindedir.<\/p>\n","protected":false},"excerpt":{"rendered":"<p>Kaybedilen vatan topra\u011f\u0131 n\u00fcmayi\u015flerle de\u011fil, muzaffer k\u0131l\u0131\u00e7la geri al\u0131n\u0131r.Harpler ancak h\u00e2lihaz\u0131r\u0131n bir kesrini, buna mukabil sulh\u00e7u iktisat gelece\u011fi katletmektedir.Bir milletin b\u00fcy\u00fckl\u00fck ve gelece\u011fi, her sahada b\u00fcy\u00fck<span class=\"excerpt-hellip\"> [\u2026]<\/span><\/p>\n","protected":false},"featured_media":0,"template":"","meta":{"_monsterinsights_skip_tracking":false,"_monsterinsights_sitenote_active":false,"_monsterinsights_sitenote_note":"","_monsterinsights_sitenote_category":0},"product_brand":[],"product_cat":[12312,12304],"product_tag":[],"class_list":{"0":"post-706649","1":"product","2":"type-product","3":"status-publish","5":"product_cat-diger","6":"product_cat-tarih","7":"pa_cilt-ciltsiz","8":"pa_tur-kitap","9":"pa_yayinevi-bilge-kultur-sanat","10":"pa_yazar-adolf-hitler","12":"first","13":"instock","14":"sale","15":"shipping-taxable","16":"purchasable","17":"product-type-simple"},"_links":{"self":[{"href":"https:\/\/roveyayinevi.com.tr\/index.php\/wp-json\/wp\/v2\/product\/706649","targetHints":{"allow":["GET"]}}],"collection":[{"href":"https:\/\/roveyayinevi.com.tr\/index.php\/wp-json\/wp\/v2\/product"}],"about":[{"href":"https:\/\/roveyayinevi.com.tr\/index.php\/wp-json\/wp\/v2\/types\/product"}],"wp:attachment":[{"href":"https:\/\/roveyayinevi.com.tr\/index.php\/wp-json\/wp\/v2\/media?parent=706649"}],"wp:term":[{"taxonomy":"product_brand","embeddable":true,"href":"https:\/\/roveyayinevi.com.tr\/index.php\/wp-json\/wp\/v2\/product_brand?post=706649"},{"taxonomy":"product_cat","embeddable":true,"href":"https:\/\/roveyayinevi.com.tr\/index.php\/wp-json\/wp\/v2\/product_cat?post=706649"},{"taxonomy":"product_tag","embeddable":true,"href":"https:\/\/roveyayinevi.com.tr\/index.php\/wp-json\/wp\/v2\/product_tag?post=706649"}],"curies":[{"name":"wp","href":"https:\/\/api.w.org\/{rel}","templated":true}]}}