{"id":706648,"date":"2025-08-27T15:58:27","date_gmt":"2025-08-27T12:58:27","guid":{"rendered":"https:\/\/roveyayinevi.com.tr\/index.php\/urun\/define-adasi-7\/"},"modified":"2026-04-16T02:15:05","modified_gmt":"2026-04-15T23:15:05","slug":"define-adasi-7","status":"publish","type":"product","link":"https:\/\/roveyayinevi.com.tr\/index.php\/urun\/define-adasi-7\/","title":{"rendered":"Define Adas\u0131"},"content":{"rendered":"<p>\u0130spanyol gemisi kalk\u0131yor, binmeyen kalmas\u0131n! Jim Hawkins define bulmak i\u00e7in bir grup denizciyle birlikte yollara d\u00fc\u015fm\u00fc\u015ft\u00fcr ama adamlardan baz\u0131lar\u0131n\u0131n gemide isyan \u00e7\u0131kartaca\u011f\u0131ndan habersizdir. E\u011fer ya\u015famak istiyorsa korkun\u00e7 bir korsan olan Uzun John Silver\u2019\u0131 alt etmesi gerekmektedir.Uzman isimlerce sadele\u015ftirilip yay\u0131na haz\u0131rlanan ve her biri usta \u00e7izerler taraf\u0131ndan resimlenen klasik dizi kitaplar\u0131 minik kitapseverleri hi\u00e7 eskimeyen klasiklerle tan\u0131\u015ft\u0131r\u0131yor.<\/p>\n","protected":false},"excerpt":{"rendered":"<p>\u0130spanyol gemisi kalk\u0131yor, binmeyen kalmas\u0131n! Jim Hawkins define bulmak i\u00e7in bir grup denizciyle birlikte yollara d\u00fc\u015fm\u00fc\u015ft\u00fcr ama adamlardan baz\u0131lar\u0131n\u0131n gemide isyan \u00e7\u0131kartaca\u011f\u0131ndan habersizdir. E\u011fer ya\u015famak istiyorsa<span class=\"excerpt-hellip\"> [\u2026]<\/span><\/p>\n","protected":false},"featured_media":0,"template":"","meta":{"_monsterinsights_skip_tracking":false,"_monsterinsights_sitenote_active":false,"_monsterinsights_sitenote_note":"","_monsterinsights_sitenote_category":0},"product_brand":[],"product_cat":[12274,12467],"product_tag":[],"class_list":{"0":"post-706648","1":"product","2":"type-product","3":"status-publish","5":"product_cat-cocuk-ve-genclik-kitaplari","6":"product_cat-dunya-klasikleri","7":"pa_cilt-ciltsiz","8":"pa_tur-kitap","9":"pa_yayinevi-ucan-at","10":"pa_yazar-robert-louis-stevenson","12":"first","13":"instock","14":"sale","15":"shipping-taxable","16":"purchasable","17":"product-type-simple"},"_links":{"self":[{"href":"https:\/\/roveyayinevi.com.tr\/index.php\/wp-json\/wp\/v2\/product\/706648","targetHints":{"allow":["GET"]}}],"collection":[{"href":"https:\/\/roveyayinevi.com.tr\/index.php\/wp-json\/wp\/v2\/product"}],"about":[{"href":"https:\/\/roveyayinevi.com.tr\/index.php\/wp-json\/wp\/v2\/types\/product"}],"wp:attachment":[{"href":"https:\/\/roveyayinevi.com.tr\/index.php\/wp-json\/wp\/v2\/media?parent=706648"}],"wp:term":[{"taxonomy":"product_brand","embeddable":true,"href":"https:\/\/roveyayinevi.com.tr\/index.php\/wp-json\/wp\/v2\/product_brand?post=706648"},{"taxonomy":"product_cat","embeddable":true,"href":"https:\/\/roveyayinevi.com.tr\/index.php\/wp-json\/wp\/v2\/product_cat?post=706648"},{"taxonomy":"product_tag","embeddable":true,"href":"https:\/\/roveyayinevi.com.tr\/index.php\/wp-json\/wp\/v2\/product_tag?post=706648"}],"curies":[{"name":"wp","href":"https:\/\/api.w.org\/{rel}","templated":true}]}}