{"id":706647,"date":"2025-08-27T15:58:27","date_gmt":"2025-08-27T12:58:27","guid":{"rendered":"https:\/\/roveyayinevi.com.tr\/index.php\/urun\/robin-hood-7\/"},"modified":"2026-04-16T02:15:05","modified_gmt":"2026-04-15T23:15:05","slug":"robin-hood-7","status":"publish","type":"product","link":"https:\/\/roveyayinevi.com.tr\/index.php\/urun\/robin-hood-7\/","title":{"rendered":"Robin Hood"},"content":{"rendered":"<p>Much Middleton\u2019\u0131n babas\u0131 Nottingham \u015eerifi\u2019nin askerleri taraf\u0131ndan tutuklan\u0131nca Much, Robin Hood\u2019dan yard\u0131m ister. Birlikte \u015eerif\u2019in kalesine girmek i\u00e7in tehlikeli bir plan yaparlar.Uzman isimlerce sadele\u015ftirilip yay\u0131na haz\u0131rlanan ve her biri usta \u00e7izerler taraf\u0131ndan resimlenen klasik dizi kitaplar\u0131 minik kitapseverleri hi\u00e7 eskimeyen klasiklerle tan\u0131\u015ft\u0131r\u0131yor<\/p>\n","protected":false},"excerpt":{"rendered":"<p>Much Middleton\u2019\u0131n babas\u0131 Nottingham \u015eerifi\u2019nin askerleri taraf\u0131ndan tutuklan\u0131nca Much, Robin Hood\u2019dan yard\u0131m ister. Birlikte \u015eerif\u2019in kalesine girmek i\u00e7in tehlikeli bir plan yaparlar.Uzman isimlerce sadele\u015ftirilip yay\u0131na haz\u0131rlanan<span class=\"excerpt-hellip\"> [\u2026]<\/span><\/p>\n","protected":false},"featured_media":0,"template":"","meta":{"_monsterinsights_skip_tracking":false,"_monsterinsights_sitenote_active":false,"_monsterinsights_sitenote_note":"","_monsterinsights_sitenote_category":0},"product_brand":[],"product_cat":[12274,12467],"product_tag":[],"class_list":{"0":"post-706647","1":"product","2":"type-product","3":"status-publish","5":"product_cat-cocuk-ve-genclik-kitaplari","6":"product_cat-dunya-klasikleri","7":"pa_cilt-ciltsiz","8":"pa_tur-kitap","9":"pa_yayinevi-bilge-kultur-sanat","10":"pa_yazar-kolektif","12":"first","13":"instock","14":"sale","15":"shipping-taxable","16":"purchasable","17":"product-type-simple"},"_links":{"self":[{"href":"https:\/\/roveyayinevi.com.tr\/index.php\/wp-json\/wp\/v2\/product\/706647","targetHints":{"allow":["GET"]}}],"collection":[{"href":"https:\/\/roveyayinevi.com.tr\/index.php\/wp-json\/wp\/v2\/product"}],"about":[{"href":"https:\/\/roveyayinevi.com.tr\/index.php\/wp-json\/wp\/v2\/types\/product"}],"wp:attachment":[{"href":"https:\/\/roveyayinevi.com.tr\/index.php\/wp-json\/wp\/v2\/media?parent=706647"}],"wp:term":[{"taxonomy":"product_brand","embeddable":true,"href":"https:\/\/roveyayinevi.com.tr\/index.php\/wp-json\/wp\/v2\/product_brand?post=706647"},{"taxonomy":"product_cat","embeddable":true,"href":"https:\/\/roveyayinevi.com.tr\/index.php\/wp-json\/wp\/v2\/product_cat?post=706647"},{"taxonomy":"product_tag","embeddable":true,"href":"https:\/\/roveyayinevi.com.tr\/index.php\/wp-json\/wp\/v2\/product_tag?post=706647"}],"curies":[{"name":"wp","href":"https:\/\/api.w.org\/{rel}","templated":true}]}}