{"id":706646,"date":"2025-08-27T15:58:26","date_gmt":"2025-08-27T12:58:26","guid":{"rendered":"https:\/\/roveyayinevi.com.tr\/index.php\/urun\/dile-genel-bir-bakis-turkce-orneklerle\/"},"modified":"2026-04-16T02:15:05","modified_gmt":"2026-04-15T23:15:05","slug":"dile-genel-bir-bakis-turkce-orneklerle","status":"publish","type":"product","link":"https:\/\/roveyayinevi.com.tr\/index.php\/urun\/dile-genel-bir-bakis-turkce-orneklerle\/","title":{"rendered":"Dile Genel Bir Bak\u0131\u015f (T\u00fcrk\u00e7e \u00d6rneklerle)"},"content":{"rendered":"<p>Dil nedir?Dilin i\u015flevleri nelerdir?\u0130leti\u015fim nedir?Dilin kayda ge\u00e7irilmesi, yani yaz\u0131 nedir?Dil hakk\u0131nda \u00e7a\u011flar boyunca ne gibi yorumlar yap\u0131ld\u0131?Bu yorumlar nas\u0131l bir evrim ge\u00e7irdi?Dilin birimleri nelerdir?S\u00f6zc\u00fckler \u00fczerinde tart\u0131\u015fmak neden yeterli de\u011fildir?\u0130leti\u015fimi s\u00f6zc\u00fckler mi, t\u00fcmceler mi, yoksa metinler mi sa\u011flar?S\u00f6zc\u00fckten t\u00fcmceye, t\u00fcmceden metne ge\u00e7i\u015f nas\u0131l sa\u011flan\u0131r?Dilin katmanlar\u0131 nelerdir?Dil d\u0131\u015f\u0131 ortam\u0131n, k\u00fclt\u00fcr\u00fcn, olaylar kar\u015f\u0131s\u0131ndaki bireysel tutumumuzun dile yans\u0131mas\u0131 nas\u0131l ger\u00e7ekle\u015fir?Geleneksel dilbilgisi ile \u00e7a\u011fda\u015f dilbilgisi aras\u0131nda uyum nas\u0131l sa\u011flan\u0131r?Bu kitap, i\u015fte bu sorulara yan\u0131t ar\u0131yor. Bilgi vermenin yan\u0131 s\u0131ra, okuyucuyu tart\u0131\u015fmaya, d\u00fc\u015f\u00fcnmeye, yeni sorular sormaya y\u00f6nlendiriyor. Dilbilgisinin korkulu bir d\u00fc\u015f olmad\u0131\u011f\u0131n\u0131 g\u00f6steriyor. Zaten bildi\u011fimiz ve kulland\u0131\u011f\u0131m\u0131z yap\u0131lar\u0131n bilincine varmam\u0131z\u0131 sa\u011fl\u0131yor. K\u0131sacas\u0131, dile ve \u00f6zellikle de T\u00fcrk\u00e7eye, \u00e7a\u011fda\u015f dilbilimin verileriyle bakmay\u0131 \u00f6neriyor.<\/p>\n","protected":false},"excerpt":{"rendered":"<p>Dil nedir?Dilin i\u015flevleri nelerdir?\u0130leti\u015fim nedir?Dilin kayda ge\u00e7irilmesi, yani yaz\u0131 nedir?Dil hakk\u0131nda \u00e7a\u011flar boyunca ne gibi yorumlar yap\u0131ld\u0131?Bu yorumlar nas\u0131l bir evrim ge\u00e7irdi?Dilin birimleri nelerdir?S\u00f6zc\u00fckler \u00fczerinde tart\u0131\u015fmak<span class=\"excerpt-hellip\"> [\u2026]<\/span><\/p>\n","protected":false},"featured_media":0,"template":"","meta":{"_monsterinsights_skip_tracking":false,"_monsterinsights_sitenote_active":false,"_monsterinsights_sitenote_note":"","_monsterinsights_sitenote_category":0},"product_brand":[],"product_cat":[20225,12291],"product_tag":[],"class_list":{"0":"post-706646","1":"product","2":"type-product","3":"status-publish","5":"product_cat-dil-bilim","6":"product_cat-edebiyat","7":"pa_cilt-ciltsiz","8":"pa_tur-kitap","9":"pa_yayinevi-bilge-kultur-sanat","10":"pa_yazar-fatma-erkman-akerson","12":"first","13":"instock","14":"sale","15":"shipping-taxable","16":"purchasable","17":"product-type-simple"},"_links":{"self":[{"href":"https:\/\/roveyayinevi.com.tr\/index.php\/wp-json\/wp\/v2\/product\/706646","targetHints":{"allow":["GET"]}}],"collection":[{"href":"https:\/\/roveyayinevi.com.tr\/index.php\/wp-json\/wp\/v2\/product"}],"about":[{"href":"https:\/\/roveyayinevi.com.tr\/index.php\/wp-json\/wp\/v2\/types\/product"}],"wp:attachment":[{"href":"https:\/\/roveyayinevi.com.tr\/index.php\/wp-json\/wp\/v2\/media?parent=706646"}],"wp:term":[{"taxonomy":"product_brand","embeddable":true,"href":"https:\/\/roveyayinevi.com.tr\/index.php\/wp-json\/wp\/v2\/product_brand?post=706646"},{"taxonomy":"product_cat","embeddable":true,"href":"https:\/\/roveyayinevi.com.tr\/index.php\/wp-json\/wp\/v2\/product_cat?post=706646"},{"taxonomy":"product_tag","embeddable":true,"href":"https:\/\/roveyayinevi.com.tr\/index.php\/wp-json\/wp\/v2\/product_tag?post=706646"}],"curies":[{"name":"wp","href":"https:\/\/api.w.org\/{rel}","templated":true}]}}