{"id":706641,"date":"2025-08-27T15:58:24","date_gmt":"2025-08-27T12:58:24","guid":{"rendered":"https:\/\/roveyayinevi.com.tr\/index.php\/urun\/rus-iktidarinin-kalbinde\/"},"modified":"2026-04-16T02:15:05","modified_gmt":"2026-04-15T23:15:05","slug":"rus-iktidarinin-kalbinde","status":"publish","type":"product","link":"https:\/\/roveyayinevi.com.tr\/index.php\/urun\/rus-iktidarinin-kalbinde\/","title":{"rendered":"Rus \u0130ktidar\u0131n\u0131n Kalbinde"},"content":{"rendered":"<p>Vladimir Putin d\u00fcnyan\u0131n en g\u00fc\u00e7l\u00fc insanlar\u0131ndan biridir ve modern Rusya\u2019n\u0131n en pop\u00fcler y\u00f6neticilerinden biri olmay\u0131 ba\u015farm\u0131\u015ft\u0131r. Ama daha 1999\u2019da Rus istihbarat servisi FSB\u2019nin silik bir memuru iken nas\u0131l birdenbire Boris Yeltsin\u2019in varisi olabilmi\u015ftir? 2000 y\u0131l\u0131nda Ba\u015fkan se\u00e7ilmeden bir y\u0131l \u00f6nce KGB\u2019nin bu eski yarbay\u0131 nas\u0131l iktidara gelmi\u015f ve o zamandan beri Rusya\u2019n\u0131n b\u00fct\u00fcn \u00e7arklar\u0131n\u0131 nas\u0131l kontrol edebilmektedir?Tania Rakhmanova\u2019n\u0131n \u00f6d\u00fcl alan \u201cVladimir Putin\u2019in \u0130ktidara Geli\u015fi\u201d belgeseli ard\u0131ndan yaz\u0131lan bu kitap giderek otoriterle\u015fen Rusya\u2019n\u0131n i\u00e7inde d\u00f6nen r\u00fc\u015fvet, yolsuzluk, haks\u0131z servet edinme, zimmete para ge\u00e7irme, \u015fantaj, komplo, suikast, iftira, medya arac\u0131l\u0131\u011f\u0131yla g\u00fcd\u00fcmleme, se\u00e7im hileleri, siyasi tehdit, keyf\u00ee y\u00f6netim olaylar\u0131n\u0131 g\u00f6zler \u00f6n\u00fcne sermektedir. Ayr\u0131ca, Ukrayna krizi ve K\u0131r\u0131m\u2019\u0131n ilhak\u0131, \u00c7e\u00e7enistan-Rusya sava\u015f\u0131n\u0131n i\u00e7y\u00fcz\u00fc, Suriye\u2019de Esad rejimine verilen deste\u011fin perde arkas\u0131 gibi g\u00fcncel konular da dile getirilmektedir.Adeta bir casusluk roman\u0131 gibi okuyaca\u011f\u0131n\u0131z bu belgesel-kitap inan\u0131yoruz ki T\u00fcrkiye\u2019de siyaset\u00e7ilerimizden medya mensuplar\u0131m\u0131za kadar pek \u00e7ok kesime ders verecek, ibret olacak olaylarla doludur.Rus as\u0131ll\u0131 Fransa\u2019ya yerle\u015fmi\u015f olan gazeteci ve belgesel yap\u0131mc\u0131s\u0131 Tania Rakhmanova\u2019n\u0131n \u00e7ok say\u0131da televizyon belgesel filmleri vard\u0131r. Bunlardan \u201cLa Prise du Pouvoir par Vladimir Poutine\u201d Pessac Uluslararas\u0131 Tarih\u00ee Film Festivali\u2019nde 2005 y\u0131l\u0131nda en iyi belgesel \u00f6d\u00fcl\u00fc alm\u0131\u015ft\u0131r.<\/p>\n","protected":false},"excerpt":{"rendered":"<p>Vladimir Putin d\u00fcnyan\u0131n en g\u00fc\u00e7l\u00fc insanlar\u0131ndan biridir ve modern Rusya\u2019n\u0131n en pop\u00fcler y\u00f6neticilerinden biri olmay\u0131 ba\u015farm\u0131\u015ft\u0131r. Ama daha 1999\u2019da Rus istihbarat servisi FSB\u2019nin silik bir memuru<span class=\"excerpt-hellip\"> [\u2026]<\/span><\/p>\n","protected":false},"featured_media":0,"template":"","meta":{"_monsterinsights_skip_tracking":false,"_monsterinsights_sitenote_active":false,"_monsterinsights_sitenote_note":"","_monsterinsights_sitenote_category":0},"product_brand":[],"product_cat":[12337],"product_tag":[],"class_list":{"0":"post-706641","1":"product","2":"type-product","3":"status-publish","5":"product_cat-politika-siyaset","6":"pa_cilt-ciltsiz","7":"pa_tur-kitap","8":"pa_yayinevi-bilge-kultur-sanat","9":"pa_yazar-tania-rakhmanova","11":"first","12":"instock","13":"sale","14":"shipping-taxable","15":"purchasable","16":"product-type-simple"},"_links":{"self":[{"href":"https:\/\/roveyayinevi.com.tr\/index.php\/wp-json\/wp\/v2\/product\/706641","targetHints":{"allow":["GET"]}}],"collection":[{"href":"https:\/\/roveyayinevi.com.tr\/index.php\/wp-json\/wp\/v2\/product"}],"about":[{"href":"https:\/\/roveyayinevi.com.tr\/index.php\/wp-json\/wp\/v2\/types\/product"}],"wp:attachment":[{"href":"https:\/\/roveyayinevi.com.tr\/index.php\/wp-json\/wp\/v2\/media?parent=706641"}],"wp:term":[{"taxonomy":"product_brand","embeddable":true,"href":"https:\/\/roveyayinevi.com.tr\/index.php\/wp-json\/wp\/v2\/product_brand?post=706641"},{"taxonomy":"product_cat","embeddable":true,"href":"https:\/\/roveyayinevi.com.tr\/index.php\/wp-json\/wp\/v2\/product_cat?post=706641"},{"taxonomy":"product_tag","embeddable":true,"href":"https:\/\/roveyayinevi.com.tr\/index.php\/wp-json\/wp\/v2\/product_tag?post=706641"}],"curies":[{"name":"wp","href":"https:\/\/api.w.org\/{rel}","templated":true}]}}