{"id":706639,"date":"2025-08-27T15:58:23","date_gmt":"2025-08-27T12:58:23","guid":{"rendered":"https:\/\/roveyayinevi.com.tr\/index.php\/urun\/notlar\/"},"modified":"2026-04-16T02:15:05","modified_gmt":"2026-04-15T23:15:05","slug":"notlar","status":"publish","type":"product","link":"https:\/\/roveyayinevi.com.tr\/index.php\/urun\/notlar\/","title":{"rendered":"Notlar"},"content":{"rendered":"<p>Bir\u00e7ok y\u00f6nlerden de\u011ferlendirmelere a\u00e7\u0131k olan Mehmet Seyda; \u00f6yk\u00fcden, romandan \u015fiire, \u00e7ocuk edebiyat\u0131ndan biyografiye, deneme ve ele\u015ftiriden radyo oyunlar\u0131na kadar edebiyat\u0131n de\u011fi\u015fik t\u00fcrlerinde eser vermi\u015f \u00fcretken bir yazard\u0131r. Bunun \u00f6tesinde, de\u011fi\u015fik y\u00f6nleriyle \u00e7e\u015fitli akademik \u00e7al\u0131\u015fmalara, anma toplant\u0131lar\u0131na, roman yar\u0131\u015fmalar\u0131na konu olmakla ve eserlerinin yeniden yay\u0131mlanmas\u0131yla g\u00fcncelli\u011fini korumaktad\u0131r. Bu kitap, onun 1958-1985 y\u0131llar\u0131 aras\u0131nda d\u00f6nemin \u00f6nemli bir\u00e7ok dergisinde yay\u0131mlad\u0131\u011f\u0131 yaz\u0131lar\u0131ndan bir se\u00e7me sunmaktad\u0131r. \u00d6zel hayat\u0131n\u0131n, sosyal meselelerin konu edildi\u011fi yaz\u0131lardan, sanat ve edebiyat d\u00fcnyas\u0131yla ilgili kitap tan\u0131t\u0131m ve ele\u015ftiri yaz\u0131lar\u0131na kadar \u00e7e\u015fitli denemelerin yer ald\u0131\u011f\u0131 bu se\u00e7ki, bir yandan Mehmet Seyda k\u00fclliyat\u0131n\u0131 tamamlarken, di\u011fer yandan Cumhuriyet D\u00f6nemi Ele\u015ftirisi\u2019ne de \u0131\u015f\u0131k tutmaktad\u0131r.<\/p>\n","protected":false},"excerpt":{"rendered":"<p>Bir\u00e7ok y\u00f6nlerden de\u011ferlendirmelere a\u00e7\u0131k olan Mehmet Seyda; \u00f6yk\u00fcden, romandan \u015fiire, \u00e7ocuk edebiyat\u0131ndan biyografiye, deneme ve ele\u015ftiriden radyo oyunlar\u0131na kadar edebiyat\u0131n de\u011fi\u015fik t\u00fcrlerinde eser vermi\u015f \u00fcretken bir<span class=\"excerpt-hellip\"> [\u2026]<\/span><\/p>\n","protected":false},"featured_media":0,"template":"","meta":{"_monsterinsights_skip_tracking":false,"_monsterinsights_sitenote_active":false,"_monsterinsights_sitenote_note":"","_monsterinsights_sitenote_category":0},"product_brand":[],"product_cat":[12777,12291],"product_tag":[],"class_list":{"0":"post-706639","1":"product","2":"type-product","3":"status-publish","5":"product_cat-deneme","6":"product_cat-edebiyat","7":"pa_cilt-ciltsiz","8":"pa_tur-kitap","9":"pa_yayinevi-bilge-kultur-sanat","10":"pa_yazar-mehmet-seyda","12":"first","13":"instock","14":"sale","15":"shipping-taxable","16":"purchasable","17":"product-type-simple"},"_links":{"self":[{"href":"https:\/\/roveyayinevi.com.tr\/index.php\/wp-json\/wp\/v2\/product\/706639","targetHints":{"allow":["GET"]}}],"collection":[{"href":"https:\/\/roveyayinevi.com.tr\/index.php\/wp-json\/wp\/v2\/product"}],"about":[{"href":"https:\/\/roveyayinevi.com.tr\/index.php\/wp-json\/wp\/v2\/types\/product"}],"wp:attachment":[{"href":"https:\/\/roveyayinevi.com.tr\/index.php\/wp-json\/wp\/v2\/media?parent=706639"}],"wp:term":[{"taxonomy":"product_brand","embeddable":true,"href":"https:\/\/roveyayinevi.com.tr\/index.php\/wp-json\/wp\/v2\/product_brand?post=706639"},{"taxonomy":"product_cat","embeddable":true,"href":"https:\/\/roveyayinevi.com.tr\/index.php\/wp-json\/wp\/v2\/product_cat?post=706639"},{"taxonomy":"product_tag","embeddable":true,"href":"https:\/\/roveyayinevi.com.tr\/index.php\/wp-json\/wp\/v2\/product_tag?post=706639"}],"curies":[{"name":"wp","href":"https:\/\/api.w.org\/{rel}","templated":true}]}}