{"id":706638,"date":"2025-08-27T15:58:22","date_gmt":"2025-08-27T12:58:22","guid":{"rendered":"https:\/\/roveyayinevi.com.tr\/index.php\/urun\/gokyuzumuzun-rengi\/"},"modified":"2026-04-16T02:15:05","modified_gmt":"2026-04-15T23:15:05","slug":"gokyuzumuzun-rengi","status":"publish","type":"product","link":"https:\/\/roveyayinevi.com.tr\/index.php\/urun\/gokyuzumuzun-rengi\/","title":{"rendered":"G\u00f6ky\u00fcz\u00fcm\u00fcz\u00fcn Rengi"},"content":{"rendered":"<p>Gen\u00e7 bir kad\u0131n Los Angeles\u2019tan Mumbai\u2019ye kay\u0131p arkada\u015f\u0131n\u0131 aramak i\u00e7in giderken, kendi hayat\u0131n\u0131n s\u0131rlar\u0131n\u0131 da orada bulaca\u011f\u0131n\u0131 bilmiyordu&#8230;   Hindistan 1986: Annesi, on ya\u015f\u0131ndaki Mukta\u2019y\u0131 k\u00f6t\u00fc kaderinden korumak i\u00e7in Bombay\u2019daki bir ailenin yan\u0131na evlatl\u0131k olarak verir. Evin k\u0131z\u0131, sekiz ya\u015f\u0131ndaki \u201cerkek Fatma\u201d Tara ile k\u0131sa zamanda karde\u015f gibi olurlar. Tara ona yepyeni bir d\u00fcnyan\u0131n kap\u0131lar\u0131n\u0131 a\u00e7ar&#8230; Dondurma, tatl\u0131lar, \u015fiirler, hik\u00e2yeler ve daha \u00f6nce hi\u00e7 g\u00f6rmedi\u011fi kadar s\u0131cak bir arkada\u015fl\u0131k. Ancak 1993 y\u0131l\u0131nda bir gece Mukta, Tara\u2019n\u0131n odas\u0131ndan ka\u00e7\u0131r\u0131l\u0131r.  Bu olaydan hemen sonra ailesiyle birlikte Los Angeles\u2019a ta\u015f\u0131nan Tara on bir y\u0131l boyunca olanlardan kendini sorumlu tutmu\u015ftur ve Mukta\u2019y\u0131 bulmak i\u00e7in yola koyulur. Ancak o yol \u00e7ok uzun bir yoldur.  Amita Trasi \u015fiirsel diliyle sizi hi\u00e7 bilmedi\u011finiz bir d\u00fcnyaya davet ediyor&#8230; <\/p>\n","protected":false},"excerpt":{"rendered":"<p>Gen\u00e7 bir kad\u0131n Los Angeles\u2019tan Mumbai\u2019ye kay\u0131p arkada\u015f\u0131n\u0131 aramak i\u00e7in giderken, kendi hayat\u0131n\u0131n s\u0131rlar\u0131n\u0131 da orada bulaca\u011f\u0131n\u0131 bilmiyordu&#8230; Hindistan 1986: Annesi, on ya\u015f\u0131ndaki Mukta\u2019y\u0131 k\u00f6t\u00fc kaderinden<span class=\"excerpt-hellip\"> [\u2026]<\/span><\/p>\n","protected":false},"featured_media":0,"template":"","meta":{"_monsterinsights_skip_tracking":false,"_monsterinsights_sitenote_active":false,"_monsterinsights_sitenote_note":"","_monsterinsights_sitenote_category":0},"product_brand":[],"product_cat":[12291,12711],"product_tag":[],"class_list":{"0":"post-706638","1":"product","2":"type-product","3":"status-publish","5":"product_cat-edebiyat","6":"product_cat-roman-oyku","7":"pa_cilt-ciltsiz","8":"pa_tur-kitap","9":"pa_yayinevi-beyaz-baykus-yayinlari","10":"pa_yazar-amita-trasi","12":"first","13":"instock","14":"sale","15":"shipping-taxable","16":"purchasable","17":"product-type-simple"},"_links":{"self":[{"href":"https:\/\/roveyayinevi.com.tr\/index.php\/wp-json\/wp\/v2\/product\/706638","targetHints":{"allow":["GET"]}}],"collection":[{"href":"https:\/\/roveyayinevi.com.tr\/index.php\/wp-json\/wp\/v2\/product"}],"about":[{"href":"https:\/\/roveyayinevi.com.tr\/index.php\/wp-json\/wp\/v2\/types\/product"}],"wp:attachment":[{"href":"https:\/\/roveyayinevi.com.tr\/index.php\/wp-json\/wp\/v2\/media?parent=706638"}],"wp:term":[{"taxonomy":"product_brand","embeddable":true,"href":"https:\/\/roveyayinevi.com.tr\/index.php\/wp-json\/wp\/v2\/product_brand?post=706638"},{"taxonomy":"product_cat","embeddable":true,"href":"https:\/\/roveyayinevi.com.tr\/index.php\/wp-json\/wp\/v2\/product_cat?post=706638"},{"taxonomy":"product_tag","embeddable":true,"href":"https:\/\/roveyayinevi.com.tr\/index.php\/wp-json\/wp\/v2\/product_tag?post=706638"}],"curies":[{"name":"wp","href":"https:\/\/api.w.org\/{rel}","templated":true}]}}