{"id":706636,"date":"2025-08-27T15:57:45","date_gmt":"2025-08-27T12:57:45","guid":{"rendered":"https:\/\/roveyayinevi.com.tr\/index.php\/urun\/iyi-psikopatin-yasam-kilavuzu\/"},"modified":"2026-04-11T02:19:56","modified_gmt":"2026-04-10T23:19:56","slug":"iyi-psikopatin-yasam-kilavuzu","status":"publish","type":"product","link":"https:\/\/roveyayinevi.com.tr\/index.php\/urun\/iyi-psikopatin-yasam-kilavuzu\/","title":{"rendered":"\u0130yi Psikopat\u0131n Ya\u015fam K\u0131lavuzu"},"content":{"rendered":"<p>Bak\u0131\u015f a\u00e7\u0131n\u0131z\u0131 ve hayat\u0131n\u0131z\u0131 nas\u0131l de\u011fi\u015ftirebilece\u011finizi g\u00f6steren 30\u2019dan fazla \u00f6rnek&#8230; Bir M\u00dcLAKATIN iyi ge\u00e7mesini mi istiyorsunuz? Amac\u0131n\u0131z bir ilk BULU\u015eMADA kar\u015f\u0131 taraf\u0131 etkilemek mi? KAZANCINIZI art\u0131rmaya m\u0131 \u00e7al\u0131\u015f\u0131yorsunuz? Eminiz ki biraz PS\u0130KOPAT olman\u0131n b\u00fct\u00fcn bunlara faydas\u0131 olabilece\u011fi akl\u0131n\u0131z\u0131n ucundan bile ge\u00e7memi\u015ftir.   Dr. Kevin Dutton y\u0131llar\u0131n\u0131 psikopatlar\u0131 incelemeye vermi\u015f bir doktor. Son hastalar\u0131ndan biri ise SAS komandolar\u0131ndan Andy McNab. Andy biraz de\u011fi\u015fik biri&#8230; O, \u0130Y\u0130 bir PS\u0130KOPAT. Kararl\u0131l\u0131k, laf dinlemezlik ve korkusuzluk gibi \u00f6zelliklerini daha iyi biri ve daha iyi bir hayata sahip olmak i\u00e7in kullan\u0131yor. Bu ikili bildiklerini bir araya getirerek YED\u0130 \u00d6L\u00dcMC\u00dcL TAKT\u0130K kurallar\u0131n\u0131 yaz\u0131yorlar. Yani sizi daha ba\u015far\u0131l\u0131 bir hayata ta\u015f\u0131yacak birtak\u0131m \u201cpsikopat\u00e7a\u201d ipu\u00e7lar\u0131. Art\u0131k teorilerini test etmenin zaman\u0131 geldi. \u0130Y\u0130 PS\u0130KOPATIN YA\u015eAM KILAVUZU mutlu bir ya\u015fam ve iyi bir kariyerde size yol g\u00f6sterecek \u00e7ok e\u011flenceli bir kitap. <\/p>\n","protected":false},"excerpt":{"rendered":"<p>Bak\u0131\u015f a\u00e7\u0131n\u0131z\u0131 ve hayat\u0131n\u0131z\u0131 nas\u0131l de\u011fi\u015ftirebilece\u011finizi g\u00f6steren 30\u2019dan fazla \u00f6rnek&#8230; Bir M\u00dcLAKATIN iyi ge\u00e7mesini mi istiyorsunuz? Amac\u0131n\u0131z bir ilk BULU\u015eMADA kar\u015f\u0131 taraf\u0131 etkilemek mi? KAZANCINIZI art\u0131rmaya<span class=\"excerpt-hellip\"> [\u2026]<\/span><\/p>\n","protected":false},"featured_media":0,"template":"","meta":{"_monsterinsights_skip_tracking":false,"_monsterinsights_sitenote_active":false,"_monsterinsights_sitenote_note":"","_monsterinsights_sitenote_category":0},"product_brand":[],"product_cat":[12364,12376],"product_tag":[],"class_list":{"0":"post-706636","1":"product","2":"type-product","3":"status-publish","5":"product_cat-genel-konular","6":"product_cat-kisisel-gelisim","7":"pa_cilt-ciltsiz","8":"pa_tur-kitap","9":"pa_yayinevi-beyaz-baykus-yayinlari","10":"pa_yazar-kevin-dutton-andy-mcnab","12":"first","13":"instock","14":"sale","15":"shipping-taxable","16":"purchasable","17":"product-type-simple"},"_links":{"self":[{"href":"https:\/\/roveyayinevi.com.tr\/index.php\/wp-json\/wp\/v2\/product\/706636","targetHints":{"allow":["GET"]}}],"collection":[{"href":"https:\/\/roveyayinevi.com.tr\/index.php\/wp-json\/wp\/v2\/product"}],"about":[{"href":"https:\/\/roveyayinevi.com.tr\/index.php\/wp-json\/wp\/v2\/types\/product"}],"wp:attachment":[{"href":"https:\/\/roveyayinevi.com.tr\/index.php\/wp-json\/wp\/v2\/media?parent=706636"}],"wp:term":[{"taxonomy":"product_brand","embeddable":true,"href":"https:\/\/roveyayinevi.com.tr\/index.php\/wp-json\/wp\/v2\/product_brand?post=706636"},{"taxonomy":"product_cat","embeddable":true,"href":"https:\/\/roveyayinevi.com.tr\/index.php\/wp-json\/wp\/v2\/product_cat?post=706636"},{"taxonomy":"product_tag","embeddable":true,"href":"https:\/\/roveyayinevi.com.tr\/index.php\/wp-json\/wp\/v2\/product_tag?post=706636"}],"curies":[{"name":"wp","href":"https:\/\/api.w.org\/{rel}","templated":true}]}}