{"id":706635,"date":"2025-08-27T15:57:44","date_gmt":"2025-08-27T12:57:44","guid":{"rendered":"https:\/\/roveyayinevi.com.tr\/index.php\/urun\/ari-garcia-resimli-gunlugum-1\/"},"modified":"2026-04-16T02:15:05","modified_gmt":"2026-04-15T23:15:05","slug":"ari-garcia-resimli-gunlugum-1","status":"publish","type":"product","link":"https:\/\/roveyayinevi.com.tr\/index.php\/urun\/ari-garcia-resimli-gunlugum-1\/","title":{"rendered":"Ari Garcia &#8211; Resimli G\u00fcnl\u00fc\u011f\u00fcm 1"},"content":{"rendered":"<p>Arkada\u015flar, aile, canavarlar ve co\u011frafya hakk\u0131nda s\u0131cak ve komik bir \u00f6yk\u00fc.Ari Garcia bir sanat\u00e7\u0131? O her \u015feyi komik resimlerle anlatmay\u0131 seviyor.Ama ilk ve tek yak\u0131n arkada\u015f\u0131 Yvonne Avustralya&#8217;ya ta\u015f\u0131nd\u0131\u011f\u0131nda Ari olmas\u0131n\u0131 istemedi\u011fi \u015feylerin resmini yapmak zorunda kal\u0131yor. En iyi arkada\u015f\u0131na veda etmekten daha k\u00f6t\u00fc ne olabilir hayatta?Ama beterin beteri var. Ari&#8217;lerin yan evine ta\u015f\u0131nan \u00e7ocuk. O bir canavar!Bart garkl\u0131yor, v\u0131zl\u0131yor ve Ari&#8217;ye isimler tak\u0131yor. Her \u015feyi mahvediyor. Neyse ki Ari kaleminin g\u00fcc\u00fcn\u00fcn fark\u0131nda ve bu canavar\u0131 \u00e7\u0131kt\u0131\u011f\u0131 yere geri g\u00f6ndermenin yolunu buluyor.Okurlar\u0131, ellerine kalemi al\u0131p kendi ya\u015famlar\u0131n\u0131 resmetmeye, sanat\u0131n b\u00fcy\u00fcl\u00fc merce\u011finin hayat\u0131 nas\u0131l de\u011fi\u015ftirdi\u011fini g\u00f6rmeye te\u015fvik edecek.<\/p>\n","protected":false},"excerpt":{"rendered":"<p>Arkada\u015flar, aile, canavarlar ve co\u011frafya hakk\u0131nda s\u0131cak ve komik bir \u00f6yk\u00fc.Ari Garcia bir sanat\u00e7\u0131? O her \u015feyi komik resimlerle anlatmay\u0131 seviyor.Ama ilk ve tek yak\u0131n arkada\u015f\u0131<span class=\"excerpt-hellip\"> [\u2026]<\/span><\/p>\n","protected":false},"featured_media":0,"template":"","meta":{"_monsterinsights_skip_tracking":false,"_monsterinsights_sitenote_active":false,"_monsterinsights_sitenote_note":"","_monsterinsights_sitenote_category":0},"product_brand":[],"product_cat":[12274,12284],"product_tag":[],"class_list":{"0":"post-706635","1":"product","2":"type-product","3":"status-publish","5":"product_cat-cocuk-ve-genclik-kitaplari","6":"product_cat-hikayeler","7":"pa_cilt-ciltsiz","8":"pa_tur-kitap","9":"pa_yayinevi-beyaz-balina-yayinlari","10":"pa_yazar-deborah-zemke","12":"first","13":"instock","14":"sale","15":"shipping-taxable","16":"purchasable","17":"product-type-simple"},"_links":{"self":[{"href":"https:\/\/roveyayinevi.com.tr\/index.php\/wp-json\/wp\/v2\/product\/706635","targetHints":{"allow":["GET"]}}],"collection":[{"href":"https:\/\/roveyayinevi.com.tr\/index.php\/wp-json\/wp\/v2\/product"}],"about":[{"href":"https:\/\/roveyayinevi.com.tr\/index.php\/wp-json\/wp\/v2\/types\/product"}],"wp:attachment":[{"href":"https:\/\/roveyayinevi.com.tr\/index.php\/wp-json\/wp\/v2\/media?parent=706635"}],"wp:term":[{"taxonomy":"product_brand","embeddable":true,"href":"https:\/\/roveyayinevi.com.tr\/index.php\/wp-json\/wp\/v2\/product_brand?post=706635"},{"taxonomy":"product_cat","embeddable":true,"href":"https:\/\/roveyayinevi.com.tr\/index.php\/wp-json\/wp\/v2\/product_cat?post=706635"},{"taxonomy":"product_tag","embeddable":true,"href":"https:\/\/roveyayinevi.com.tr\/index.php\/wp-json\/wp\/v2\/product_tag?post=706635"}],"curies":[{"name":"wp","href":"https:\/\/api.w.org\/{rel}","templated":true}]}}