{"id":706632,"date":"2025-08-27T15:57:43","date_gmt":"2025-08-27T12:57:43","guid":{"rendered":"https:\/\/roveyayinevi.com.tr\/index.php\/urun\/canavar-pesinde-serisi-40-kayip-dunya-gece-yarisi-savascisi-madora\/"},"modified":"2026-04-16T02:15:05","modified_gmt":"2026-04-15T23:15:05","slug":"canavar-pesinde-serisi-40-kayip-dunya-gece-yarisi-savascisi-madora","status":"publish","type":"product","link":"https:\/\/roveyayinevi.com.tr\/index.php\/urun\/canavar-pesinde-serisi-40-kayip-dunya-gece-yarisi-savascisi-madora\/","title":{"rendered":"Canavar Pe\u015finde Serisi 40 &#8211; Kay\u0131p D\u00fcnya (Gece Yar\u0131s\u0131 Sava\u015fc\u0131s\u0131 Madora)"},"content":{"rendered":"<p>Yepyeni Canavar Pe\u015finde maceras\u0131na ho\u015f geldiniz: Kay\u0131p D\u00fcnyaTavania&#8217;da yeni bir deh\u015fet kol geziyor: Beyaz, dev kedi Madora\u2026 K\u00fcrk\u00fc kristale d\u00f6n\u00fc\u015febilen bu canavara k\u0131l\u0131\u00e7 i\u015flemiyor. Tom ve dostlar\u0131n\u0131 olduk\u00e7a zorlu bir m\u00fccadele bekliyor. \u00dcstelik Malvel&#8217;in pe\u015flerine takt\u0131\u011f\u0131 kalabal\u0131k ordudan da ka\u00e7mak zorundalar&#8230;<\/p>\n","protected":false},"excerpt":{"rendered":"<p>Yepyeni Canavar Pe\u015finde maceras\u0131na ho\u015f geldiniz: Kay\u0131p D\u00fcnyaTavania&#8217;da yeni bir deh\u015fet kol geziyor: Beyaz, dev kedi Madora\u2026 K\u00fcrk\u00fc kristale d\u00f6n\u00fc\u015febilen bu canavara k\u0131l\u0131\u00e7 i\u015flemiyor. Tom ve<span class=\"excerpt-hellip\"> [\u2026]<\/span><\/p>\n","protected":false},"featured_media":0,"template":"","meta":{"_monsterinsights_skip_tracking":false,"_monsterinsights_sitenote_active":false,"_monsterinsights_sitenote_note":"","_monsterinsights_sitenote_category":0},"product_brand":[],"product_cat":[12689,12274],"product_tag":[],"class_list":{"0":"post-706632","1":"product","2":"type-product","3":"status-publish","5":"product_cat-cizgi-roman-cocuk-ve-genclik-kitaplari","6":"product_cat-cocuk-ve-genclik-kitaplari","7":"pa_cilt-ciltsiz","8":"pa_tur-kitap","9":"pa_yayinevi-beyaz-balina-yayinlari","10":"pa_yazar-adam-blade","12":"first","13":"instock","14":"sale","15":"shipping-taxable","16":"purchasable","17":"product-type-simple"},"_links":{"self":[{"href":"https:\/\/roveyayinevi.com.tr\/index.php\/wp-json\/wp\/v2\/product\/706632","targetHints":{"allow":["GET"]}}],"collection":[{"href":"https:\/\/roveyayinevi.com.tr\/index.php\/wp-json\/wp\/v2\/product"}],"about":[{"href":"https:\/\/roveyayinevi.com.tr\/index.php\/wp-json\/wp\/v2\/types\/product"}],"wp:attachment":[{"href":"https:\/\/roveyayinevi.com.tr\/index.php\/wp-json\/wp\/v2\/media?parent=706632"}],"wp:term":[{"taxonomy":"product_brand","embeddable":true,"href":"https:\/\/roveyayinevi.com.tr\/index.php\/wp-json\/wp\/v2\/product_brand?post=706632"},{"taxonomy":"product_cat","embeddable":true,"href":"https:\/\/roveyayinevi.com.tr\/index.php\/wp-json\/wp\/v2\/product_cat?post=706632"},{"taxonomy":"product_tag","embeddable":true,"href":"https:\/\/roveyayinevi.com.tr\/index.php\/wp-json\/wp\/v2\/product_tag?post=706632"}],"curies":[{"name":"wp","href":"https:\/\/api.w.org\/{rel}","templated":true}]}}