{"id":706631,"date":"2025-08-27T15:57:42","date_gmt":"2025-08-27T12:57:42","guid":{"rendered":"https:\/\/roveyayinevi.com.tr\/index.php\/urun\/bale-okulu-9-eyvah-sinavlar-basliyor\/"},"modified":"2026-04-16T02:15:05","modified_gmt":"2026-04-15T23:15:05","slug":"bale-okulu-9-eyvah-sinavlar-basliyor","status":"publish","type":"product","link":"https:\/\/roveyayinevi.com.tr\/index.php\/urun\/bale-okulu-9-eyvah-sinavlar-basliyor\/","title":{"rendered":"Bale Okulu 9 &#8211; Eyvah S\u0131navlar Ba\u015fl\u0131yor!"},"content":{"rendered":"<p>Siz De Kendinizi Balenin B\u00fcy\u00fcs\u00fcne Kapt\u0131r\u0131n!Viola ve arkada\u015flar\u0131 tatili iple \u00e7ekiyorlar fakat birka\u00e7 g\u00fcn sonra ba\u015flayacak s\u0131navlar konusunda \u00e7ok endi\u015feliler. \u00d6nce s\u0131n\u0131f atlama s\u0131navlar\u0131nda ba\u015far\u0131l\u0131 olmalar\u0131 gerekiyor. Notlar\u0131 d\u00fc\u015f\u00fck \u00f6\u011frenciler, \u015fan, m\u00fczik ve dans derslerinden ge\u00e7emeyecek. Bu ihtimal, Sylvia ve Mattia&#8217;y\u0131 \u00e7ok \u00fcrk\u00fct\u00fcyor. Viola ve arkada\u015flar\u0131 zorlu ders y\u0131l\u0131n\u0131 ba\u015far\u0131yla bitirebilecekler mi?<\/p>\n","protected":false},"excerpt":{"rendered":"<p>Siz De Kendinizi Balenin B\u00fcy\u00fcs\u00fcne Kapt\u0131r\u0131n!Viola ve arkada\u015flar\u0131 tatili iple \u00e7ekiyorlar fakat birka\u00e7 g\u00fcn sonra ba\u015flayacak s\u0131navlar konusunda \u00e7ok endi\u015feliler. \u00d6nce s\u0131n\u0131f atlama s\u0131navlar\u0131nda ba\u015far\u0131l\u0131 olmalar\u0131<span class=\"excerpt-hellip\"> [\u2026]<\/span><\/p>\n","protected":false},"featured_media":0,"template":"","meta":{"_monsterinsights_skip_tracking":false,"_monsterinsights_sitenote_active":false,"_monsterinsights_sitenote_note":"","_monsterinsights_sitenote_category":0},"product_brand":[],"product_cat":[12275,12274],"product_tag":[],"class_list":{"0":"post-706631","1":"product","2":"type-product","3":"status-publish","5":"product_cat-6-12-yas-kitaplari","6":"product_cat-cocuk-ve-genclik-kitaplari","7":"pa_cilt-ciltsiz","8":"pa_tur-kitap","9":"pa_yayinevi-beyaz-balina-yayinlari","10":"pa_yazar-aurora-marsotto","12":"first","13":"instock","14":"sale","15":"shipping-taxable","16":"purchasable","17":"product-type-simple"},"_links":{"self":[{"href":"https:\/\/roveyayinevi.com.tr\/index.php\/wp-json\/wp\/v2\/product\/706631","targetHints":{"allow":["GET"]}}],"collection":[{"href":"https:\/\/roveyayinevi.com.tr\/index.php\/wp-json\/wp\/v2\/product"}],"about":[{"href":"https:\/\/roveyayinevi.com.tr\/index.php\/wp-json\/wp\/v2\/types\/product"}],"wp:attachment":[{"href":"https:\/\/roveyayinevi.com.tr\/index.php\/wp-json\/wp\/v2\/media?parent=706631"}],"wp:term":[{"taxonomy":"product_brand","embeddable":true,"href":"https:\/\/roveyayinevi.com.tr\/index.php\/wp-json\/wp\/v2\/product_brand?post=706631"},{"taxonomy":"product_cat","embeddable":true,"href":"https:\/\/roveyayinevi.com.tr\/index.php\/wp-json\/wp\/v2\/product_cat?post=706631"},{"taxonomy":"product_tag","embeddable":true,"href":"https:\/\/roveyayinevi.com.tr\/index.php\/wp-json\/wp\/v2\/product_tag?post=706631"}],"curies":[{"name":"wp","href":"https:\/\/api.w.org\/{rel}","templated":true}]}}