{"id":706628,"date":"2025-08-27T15:57:41","date_gmt":"2025-08-27T12:57:41","guid":{"rendered":"https:\/\/roveyayinevi.com.tr\/index.php\/urun\/kosmak-istiyorum\/"},"modified":"2026-04-16T02:15:05","modified_gmt":"2026-04-15T23:15:05","slug":"kosmak-istiyorum","status":"publish","type":"product","link":"https:\/\/roveyayinevi.com.tr\/index.php\/urun\/kosmak-istiyorum\/","title":{"rendered":"Ko\u015fmak \u0130stiyorum"},"content":{"rendered":"<p>Hayat\u0131n\u0131zdaki en \u00f6nemli \u015feyi kaybetseydiniz ne yapard\u0131n\u0131z? 16 ya\u015f\u0131ndaki Jessica bir atlet. Ko\u015fmay\u0131 seviyor. Ko\u015fmak onun i\u00e7in bir varolu\u015f bi\u00e7imi. Ama bir g\u00fcn okul servisine \u00e7arpan kamyon, Jessica&#8217;n\u0131n t\u00fcm hayat\u0131n\u0131 de\u011fi\u015ftiriyor. Bu kazada bir arkada\u015flar\u0131 hayat\u0131n\u0131 kaybederken, Jessica da tek baca\u011f\u0131n\u0131 yitiriyor. Jessica art\u0131k ko\u015famayacak. Sahip oldu\u011fu o bir \u00e7ift baca\u011f\u0131n \u00f6nemini i\u015fte o an kavr\u0131yor. Doktoru takma bir bacakla y\u00fcr\u00fcyebilece\u011fini s\u00f6ylese de Jessica i\u00e7in t\u00fcm bunlar\u0131 kabul etmek \u00e7ok zor; hayata yeniden nas\u0131l ba\u015flayacak? Bir daha asla ko\u015famayaca\u011f\u0131 ger\u00e7e\u011fini nas\u0131l kabullenecek? Bu &#8216;ucube&#8217; haliyle ondan ho\u015flanan biri olacak m\u0131? Jessica ba\u015fta, kazada \u00f6len tak\u0131m arkada\u015f\u0131n\u0131n yerinde olmak isterken, okulda daha \u00f6nceleri herkes gibi g\u00f6rmezden geldi\u011fi serebral palsili Rosa&#8217;yla tan\u0131\u015f\u0131yor ve onun da yard\u0131m\u0131yla hayata bak\u0131\u015f\u0131 de\u011fi\u015fiyor. \u00c7\u00fcnk\u00fc Jessica&#8217;n\u0131n ko\u00e7unun dedi\u011fi gibi, &#8216;Hayat ba\u015f\u0131m\u0131za gelenler de\u011fil, ba\u015f\u0131m\u0131za gelenlerden sonra bizim yapt\u0131klar\u0131m\u0131zd\u0131r.&#8217; Sizce Jessica tekrar ko\u015fmay\u0131 ba\u015farabilecek mi? Bu bir inan\u00e7 ve kararl\u0131l\u0131k \u00f6yk\u00fcs\u00fc. Okurlar Jessica&#8217;n\u0131n iyile\u015fme s\u00fcrecine sevin\u00e7le ortak olurken sakatl\u0131klar\u0131 nedeniyle insanlar\u0131 hor g\u00f6rmemek ve onlar\u0131n ger\u00e7ek g\u00fc\u00e7lerini takdir etmek gerekti\u011fini hat\u0131rlayacak. School Library Journal Jessica&#8217;n\u0131n ko\u015fma tutkusu, eski hayat\u0131n\u0131 yeniden kazanmak i\u00e7in g\u00f6sterdi\u011fi kararl\u0131l\u0131k ve azim, bu hik\u00e2yeyi okuyan herkesin y\u00fcre\u011fine dokunacak.<\/p>\n","protected":false},"excerpt":{"rendered":"<p>Hayat\u0131n\u0131zdaki en \u00f6nemli \u015feyi kaybetseydiniz ne yapard\u0131n\u0131z? 16 ya\u015f\u0131ndaki Jessica bir atlet. Ko\u015fmay\u0131 seviyor. Ko\u015fmak onun i\u00e7in bir varolu\u015f bi\u00e7imi. Ama bir g\u00fcn okul servisine \u00e7arpan<span class=\"excerpt-hellip\"> [\u2026]<\/span><\/p>\n","protected":false},"featured_media":0,"template":"","meta":{"_monsterinsights_skip_tracking":false,"_monsterinsights_sitenote_active":false,"_monsterinsights_sitenote_note":"","_monsterinsights_sitenote_category":0},"product_brand":[],"product_cat":[12291,12711],"product_tag":[],"class_list":{"0":"post-706628","1":"product","2":"type-product","3":"status-publish","5":"product_cat-edebiyat","6":"product_cat-roman-oyku","7":"pa_cilt-ciltsiz","8":"pa_tur-kitap","9":"pa_yayinevi-beyaz-balina-yayinlari","10":"pa_yazar-wendelin-van-draanen","12":"first","13":"instock","14":"sale","15":"shipping-taxable","16":"purchasable","17":"product-type-simple"},"_links":{"self":[{"href":"https:\/\/roveyayinevi.com.tr\/index.php\/wp-json\/wp\/v2\/product\/706628","targetHints":{"allow":["GET"]}}],"collection":[{"href":"https:\/\/roveyayinevi.com.tr\/index.php\/wp-json\/wp\/v2\/product"}],"about":[{"href":"https:\/\/roveyayinevi.com.tr\/index.php\/wp-json\/wp\/v2\/types\/product"}],"wp:attachment":[{"href":"https:\/\/roveyayinevi.com.tr\/index.php\/wp-json\/wp\/v2\/media?parent=706628"}],"wp:term":[{"taxonomy":"product_brand","embeddable":true,"href":"https:\/\/roveyayinevi.com.tr\/index.php\/wp-json\/wp\/v2\/product_brand?post=706628"},{"taxonomy":"product_cat","embeddable":true,"href":"https:\/\/roveyayinevi.com.tr\/index.php\/wp-json\/wp\/v2\/product_cat?post=706628"},{"taxonomy":"product_tag","embeddable":true,"href":"https:\/\/roveyayinevi.com.tr\/index.php\/wp-json\/wp\/v2\/product_tag?post=706628"}],"curies":[{"name":"wp","href":"https:\/\/api.w.org\/{rel}","templated":true}]}}