{"id":706627,"date":"2025-08-27T15:57:40","date_gmt":"2025-08-27T12:57:40","guid":{"rendered":"https:\/\/roveyayinevi.com.tr\/index.php\/urun\/zamanda-kivrilma\/"},"modified":"2026-04-16T02:15:05","modified_gmt":"2026-04-15T23:15:05","slug":"zamanda-kivrilma","status":"publish","type":"product","link":"https:\/\/roveyayinevi.com.tr\/index.php\/urun\/zamanda-kivrilma\/","title":{"rendered":"Zamanda K\u0131vr\u0131lma"},"content":{"rendered":"<p>D\u0131\u015f g\u00f6r\u00fcn\u00fc\u015fe aldanmaman\u0131z gereken bir d\u00fcnyaya girmeye haz\u0131r olun!Meg\u2019in babas\u0131 be\u015finci boyuta zaman yolculu\u011fu yapman\u0131n imk\u00e2nlar\u0131n\u0131 ara\u015ft\u0131r\u0131rken gizemli bir\u015fekilde ortadan kaybolmu\u015ftur. Meg ile arkada\u015f\u0131 Calvin ve karde\u015fi Charles Wallace&#8217;\u0131n onu bulupkurtarmas\u0131 gerekmektedir. Ne var ki zamanda ve uzayda yolculuk yapmak zorunda kalacaklar\u0131,farkl\u0131 d\u00fcnyalarla ve ya\u015fam bi\u00e7imleriyle kar\u015f\u0131la\u015facaklar\u0131 bu macerada kahramanlar\u0131m\u0131z b\u00fcy\u00fcmek,kendilerini ve i\u00e7inde ya\u015fad\u0131klar\u0131 evreni daha yak\u0131ndan tan\u0131mak zorunda kalacaklar, hem de t\u00fcmkorkular\u0131na ra\u011fmen\u2026Bilimsel \u00f6\u011feleri heyecan ve macerayla harmanlayan bu bilimkurgu klasi\u011fini seveceksiniz\u2026<\/p>\n","protected":false},"excerpt":{"rendered":"<p>D\u0131\u015f g\u00f6r\u00fcn\u00fc\u015fe aldanmaman\u0131z gereken bir d\u00fcnyaya girmeye haz\u0131r olun!Meg\u2019in babas\u0131 be\u015finci boyuta zaman yolculu\u011fu yapman\u0131n imk\u00e2nlar\u0131n\u0131 ara\u015ft\u0131r\u0131rken gizemli bir\u015fekilde ortadan kaybolmu\u015ftur. Meg ile arkada\u015f\u0131 Calvin ve<span class=\"excerpt-hellip\"> [\u2026]<\/span><\/p>\n","protected":false},"featured_media":0,"template":"","meta":{"_monsterinsights_skip_tracking":false,"_monsterinsights_sitenote_active":false,"_monsterinsights_sitenote_note":"","_monsterinsights_sitenote_category":0},"product_brand":[],"product_cat":[12275,12274],"product_tag":[],"class_list":{"0":"post-706627","1":"product","2":"type-product","3":"status-publish","5":"product_cat-6-12-yas-kitaplari","6":"product_cat-cocuk-ve-genclik-kitaplari","7":"pa_cilt-ciltsiz","8":"pa_tur-kitap","9":"pa_yayinevi-beyaz-balina-yayinlari","10":"pa_yazar-madeleine-lengle","12":"first","13":"instock","14":"sale","15":"shipping-taxable","16":"purchasable","17":"product-type-simple"},"_links":{"self":[{"href":"https:\/\/roveyayinevi.com.tr\/index.php\/wp-json\/wp\/v2\/product\/706627","targetHints":{"allow":["GET"]}}],"collection":[{"href":"https:\/\/roveyayinevi.com.tr\/index.php\/wp-json\/wp\/v2\/product"}],"about":[{"href":"https:\/\/roveyayinevi.com.tr\/index.php\/wp-json\/wp\/v2\/types\/product"}],"wp:attachment":[{"href":"https:\/\/roveyayinevi.com.tr\/index.php\/wp-json\/wp\/v2\/media?parent=706627"}],"wp:term":[{"taxonomy":"product_brand","embeddable":true,"href":"https:\/\/roveyayinevi.com.tr\/index.php\/wp-json\/wp\/v2\/product_brand?post=706627"},{"taxonomy":"product_cat","embeddable":true,"href":"https:\/\/roveyayinevi.com.tr\/index.php\/wp-json\/wp\/v2\/product_cat?post=706627"},{"taxonomy":"product_tag","embeddable":true,"href":"https:\/\/roveyayinevi.com.tr\/index.php\/wp-json\/wp\/v2\/product_tag?post=706627"}],"curies":[{"name":"wp","href":"https:\/\/api.w.org\/{rel}","templated":true}]}}