{"id":706625,"date":"2025-08-27T15:57:39","date_gmt":"2025-08-27T12:57:39","guid":{"rendered":"https:\/\/roveyayinevi.com.tr\/index.php\/urun\/dostluk-ormani-7\/"},"modified":"2026-04-16T02:15:05","modified_gmt":"2026-04-15T23:15:05","slug":"dostluk-ormani-7","status":"publish","type":"product","link":"https:\/\/roveyayinevi.com.tr\/index.php\/urun\/dostluk-ormani-7\/","title":{"rendered":"Dostluk Orman\u0131 7"},"content":{"rendered":"<p>Lale ile Ceren, iki iyi arkada\u015f. \u0130kisi de hayvanlar\u0131 \u00e7ok seviyor. Dostluk Orman\u0131&#8217;n\u0131 ke\u015ffettikleri zaman hayalleri ger\u00e7ek oluyor. \u00c7\u00fcnk\u00fc bu gizli d\u00fcnyada ya\u015fayan hayvanlar konu\u015fabiliyor! Tilki ailesi \u0130ncet\u00fcylerin ba\u015f\u0131 dertte! Grizelda&#8217;n\u0131n siyah ejderhas\u0131, onlar\u0131 sihirle birer g\u00f6lgeye \u00e7evirdi. Ailenin en minik \u00fcyesi \u00c7\u0131t\u0131r \u0130ncet\u00fcy, ailesini kurtarmak zorunda. Yoksa gece y\u0131ld\u0131zlar ortaya \u00e7\u0131kamayacak ve Ceren ile Lale, bir daha Sihirli Orman&#8217;a giremeyecekler.<\/p>\n","protected":false},"excerpt":{"rendered":"<p>Lale ile Ceren, iki iyi arkada\u015f. \u0130kisi de hayvanlar\u0131 \u00e7ok seviyor. Dostluk Orman\u0131&#8217;n\u0131 ke\u015ffettikleri zaman hayalleri ger\u00e7ek oluyor. \u00c7\u00fcnk\u00fc bu gizli d\u00fcnyada ya\u015fayan hayvanlar konu\u015fabiliyor! Tilki<span class=\"excerpt-hellip\"> [\u2026]<\/span><\/p>\n","protected":false},"featured_media":0,"template":"","meta":{"_monsterinsights_skip_tracking":false,"_monsterinsights_sitenote_active":false,"_monsterinsights_sitenote_note":"","_monsterinsights_sitenote_category":0},"product_brand":[],"product_cat":[12275,12274],"product_tag":[],"class_list":{"0":"post-706625","1":"product","2":"type-product","3":"status-publish","5":"product_cat-6-12-yas-kitaplari","6":"product_cat-cocuk-ve-genclik-kitaplari","7":"pa_cilt-ciltsiz","8":"pa_tur-kitap","9":"pa_yayinevi-beyaz-balina-yayinlari","10":"pa_yazar-daisy-meadows","12":"first","13":"instock","14":"sale","15":"shipping-taxable","16":"purchasable","17":"product-type-simple"},"_links":{"self":[{"href":"https:\/\/roveyayinevi.com.tr\/index.php\/wp-json\/wp\/v2\/product\/706625","targetHints":{"allow":["GET"]}}],"collection":[{"href":"https:\/\/roveyayinevi.com.tr\/index.php\/wp-json\/wp\/v2\/product"}],"about":[{"href":"https:\/\/roveyayinevi.com.tr\/index.php\/wp-json\/wp\/v2\/types\/product"}],"wp:attachment":[{"href":"https:\/\/roveyayinevi.com.tr\/index.php\/wp-json\/wp\/v2\/media?parent=706625"}],"wp:term":[{"taxonomy":"product_brand","embeddable":true,"href":"https:\/\/roveyayinevi.com.tr\/index.php\/wp-json\/wp\/v2\/product_brand?post=706625"},{"taxonomy":"product_cat","embeddable":true,"href":"https:\/\/roveyayinevi.com.tr\/index.php\/wp-json\/wp\/v2\/product_cat?post=706625"},{"taxonomy":"product_tag","embeddable":true,"href":"https:\/\/roveyayinevi.com.tr\/index.php\/wp-json\/wp\/v2\/product_tag?post=706625"}],"curies":[{"name":"wp","href":"https:\/\/api.w.org\/{rel}","templated":true}]}}