{"id":706623,"date":"2025-08-27T15:57:38","date_gmt":"2025-08-27T12:57:38","guid":{"rendered":"https:\/\/roveyayinevi.com.tr\/index.php\/urun\/sihirli-yuzuk-2\/"},"modified":"2026-04-16T02:15:05","modified_gmt":"2026-04-15T23:15:05","slug":"sihirli-yuzuk-2","status":"publish","type":"product","link":"https:\/\/roveyayinevi.com.tr\/index.php\/urun\/sihirli-yuzuk-2\/","title":{"rendered":"Sihirli Y\u00fcz\u00fck"},"content":{"rendered":"<p>Bir, \u0130ki, \u00dc\u00e7\u2026 Haydi Prensesler! Ye\u015fim, Manolya ve Leyla, bir s\u0131rr\u0131 payla\u015fan \u00fc\u00e7 arkada\u015ft\u0131r. &#8220;Bir, \u0130ki, \u00dc\u00e7\u2026 Haydi g\u00fc\u00e7l\u00fc prensesler el ele u\u00e7!&#8221; der demez, kendilerini prensesler krall\u0131\u011f\u0131nda bulurlar! Ye\u015fim, Leyla ve Manolya elmas bir y\u00fcz\u00fck sahibi olmay\u0131 hayal ediyorlar\u2026  Bu y\u00fcz\u00fc\u011f\u00fc prensesler krall\u0131\u011f\u0131ndan ba\u015fka nerede bulabilirler?  Ama krali\u00e7e onlara muhte\u015fem m\u00fccevher koleksiyonunu g\u00f6sterirken sihirli bir y\u00fcz\u00fc\u011f\u00fcn kayboldu\u011funu fark ediyorlar. Acaba \u015fatoda bir h\u0131rs\u0131z m\u0131 var?  Prensesler bu gizemli olay\u0131 \u00e7\u00f6zmek i\u00e7in kollar\u0131 s\u0131v\u0131yor\u2026 <\/p>\n","protected":false},"excerpt":{"rendered":"<p>Bir, \u0130ki, \u00dc\u00e7\u2026 Haydi Prensesler! Ye\u015fim, Manolya ve Leyla, bir s\u0131rr\u0131 payla\u015fan \u00fc\u00e7 arkada\u015ft\u0131r. &#8220;Bir, \u0130ki, \u00dc\u00e7\u2026 Haydi g\u00fc\u00e7l\u00fc prensesler el ele u\u00e7!&#8221; der demez, kendilerini<span class=\"excerpt-hellip\"> [\u2026]<\/span><\/p>\n","protected":false},"featured_media":0,"template":"","meta":{"_monsterinsights_skip_tracking":false,"_monsterinsights_sitenote_active":false,"_monsterinsights_sitenote_note":"","_monsterinsights_sitenote_category":0},"product_brand":[],"product_cat":[12913,12274],"product_tag":[],"class_list":{"0":"post-706623","1":"product","2":"type-product","3":"status-publish","5":"product_cat-3-6-yas-kitaplari","6":"product_cat-cocuk-ve-genclik-kitaplari","7":"pa_cilt-ciltsiz","8":"pa_tur-kitap","9":"pa_yayinevi-beyaz-balina-yayinlari","10":"pa_yazar-geraldine-collet","12":"first","13":"instock","14":"sale","15":"shipping-taxable","16":"purchasable","17":"product-type-simple"},"_links":{"self":[{"href":"https:\/\/roveyayinevi.com.tr\/index.php\/wp-json\/wp\/v2\/product\/706623","targetHints":{"allow":["GET"]}}],"collection":[{"href":"https:\/\/roveyayinevi.com.tr\/index.php\/wp-json\/wp\/v2\/product"}],"about":[{"href":"https:\/\/roveyayinevi.com.tr\/index.php\/wp-json\/wp\/v2\/types\/product"}],"wp:attachment":[{"href":"https:\/\/roveyayinevi.com.tr\/index.php\/wp-json\/wp\/v2\/media?parent=706623"}],"wp:term":[{"taxonomy":"product_brand","embeddable":true,"href":"https:\/\/roveyayinevi.com.tr\/index.php\/wp-json\/wp\/v2\/product_brand?post=706623"},{"taxonomy":"product_cat","embeddable":true,"href":"https:\/\/roveyayinevi.com.tr\/index.php\/wp-json\/wp\/v2\/product_cat?post=706623"},{"taxonomy":"product_tag","embeddable":true,"href":"https:\/\/roveyayinevi.com.tr\/index.php\/wp-json\/wp\/v2\/product_tag?post=706623"}],"curies":[{"name":"wp","href":"https:\/\/api.w.org\/{rel}","templated":true}]}}