{"id":706621,"date":"2025-08-27T15:57:37","date_gmt":"2025-08-27T12:57:37","guid":{"rendered":"https:\/\/roveyayinevi.com.tr\/index.php\/urun\/solendeki-hayalet\/"},"modified":"2026-04-16T02:15:05","modified_gmt":"2026-04-15T23:15:05","slug":"solendeki-hayalet","status":"publish","type":"product","link":"https:\/\/roveyayinevi.com.tr\/index.php\/urun\/solendeki-hayalet\/","title":{"rendered":"\u015e\u00f6lendeki Hayalet"},"content":{"rendered":"<p>Ye\u015fim, Manolya ve Leyla, bir s\u0131rr\u0131 payla\u015fan \u00fc\u00e7 arkada\u015ft\u0131r. &#8220;Bir, \u0130ki, \u00dc\u00e7\u2026 Haydi g\u00fc\u00e7l\u00fc prensesler el ele u\u00e7!&#8221; der demez, kendilerini prensesler krall\u0131\u011f\u0131nda bulurlar! Oyun mu \u015fekerleme mi? Ye\u015fim, Leyla ve Manolya birbirlerine sordular: &#8220;Prensesler krall\u0131\u011f\u0131nda Bal Kaba\u011f\u0131 Bayram\u0131 nas\u0131l kutlan\u0131yor acaba?&#8221; B\u00fcy\u00fcc\u00fc \u00d6kseotu&#8217;nun evinde elbette! Oraya gidebilmek i\u00e7in prenseslerin sihirli ormandan ge\u00e7mesi gerekiyor.  K\u0131zlar bir hayaletle kar\u015f\u0131la\u015f\u0131nca i\u015fler iyice kar\u0131\u015f\u0131yor! <\/p>\n","protected":false},"excerpt":{"rendered":"<p>Ye\u015fim, Manolya ve Leyla, bir s\u0131rr\u0131 payla\u015fan \u00fc\u00e7 arkada\u015ft\u0131r. &#8220;Bir, \u0130ki, \u00dc\u00e7\u2026 Haydi g\u00fc\u00e7l\u00fc prensesler el ele u\u00e7!&#8221; der demez, kendilerini prensesler krall\u0131\u011f\u0131nda bulurlar! Oyun mu<span class=\"excerpt-hellip\"> [\u2026]<\/span><\/p>\n","protected":false},"featured_media":0,"template":"","meta":{"_monsterinsights_skip_tracking":false,"_monsterinsights_sitenote_active":false,"_monsterinsights_sitenote_note":"","_monsterinsights_sitenote_category":0},"product_brand":[],"product_cat":[12913,12274],"product_tag":[],"class_list":{"0":"post-706621","1":"product","2":"type-product","3":"status-publish","5":"product_cat-3-6-yas-kitaplari","6":"product_cat-cocuk-ve-genclik-kitaplari","7":"pa_cilt-ciltsiz","8":"pa_tur-kitap","9":"pa_yayinevi-beyaz-balina-yayinlari","10":"pa_yazar-geraldine-collet","12":"first","13":"instock","14":"sale","15":"shipping-taxable","16":"purchasable","17":"product-type-simple"},"_links":{"self":[{"href":"https:\/\/roveyayinevi.com.tr\/index.php\/wp-json\/wp\/v2\/product\/706621","targetHints":{"allow":["GET"]}}],"collection":[{"href":"https:\/\/roveyayinevi.com.tr\/index.php\/wp-json\/wp\/v2\/product"}],"about":[{"href":"https:\/\/roveyayinevi.com.tr\/index.php\/wp-json\/wp\/v2\/types\/product"}],"wp:attachment":[{"href":"https:\/\/roveyayinevi.com.tr\/index.php\/wp-json\/wp\/v2\/media?parent=706621"}],"wp:term":[{"taxonomy":"product_brand","embeddable":true,"href":"https:\/\/roveyayinevi.com.tr\/index.php\/wp-json\/wp\/v2\/product_brand?post=706621"},{"taxonomy":"product_cat","embeddable":true,"href":"https:\/\/roveyayinevi.com.tr\/index.php\/wp-json\/wp\/v2\/product_cat?post=706621"},{"taxonomy":"product_tag","embeddable":true,"href":"https:\/\/roveyayinevi.com.tr\/index.php\/wp-json\/wp\/v2\/product_tag?post=706621"}],"curies":[{"name":"wp","href":"https:\/\/api.w.org\/{rel}","templated":true}]}}