{"id":706620,"date":"2025-08-27T15:57:37","date_gmt":"2025-08-27T12:57:37","guid":{"rendered":"https:\/\/roveyayinevi.com.tr\/index.php\/urun\/calinan-mektuplar\/"},"modified":"2026-04-16T02:15:04","modified_gmt":"2026-04-15T23:15:04","slug":"calinan-mektuplar","status":"publish","type":"product","link":"https:\/\/roveyayinevi.com.tr\/index.php\/urun\/calinan-mektuplar\/","title":{"rendered":"\u00c7al\u0131nan Mektuplar"},"content":{"rendered":"<p>Bir, \u0130ki, \u00dc\u00e7\u2026 Haydi Prensesler! Ye\u015fim, Manolya ve Leyla, bir s\u0131rr\u0131 payla\u015fan \u00fc\u00e7 arkada\u015ft\u0131r. &#8220;Bir, \u0130ki, \u00dc\u00e7\u2026 Haydi g\u00fc\u00e7l\u00fc prensesler el ele u\u00e7!&#8221; der demez, kendilerini prensesler krall\u0131\u011f\u0131nda bulurlar! Nihayet yaz tatili geldi! Manolya, Ye\u015fim ve Leyla, tatile \u00e7\u0131kmadan \u00f6nce prensesler krall\u0131\u011f\u0131na gittiler. \u015eatonun bah\u00e7esinde onlar\u0131 nefis bir \u015f\u00f6len bekliyordu\u2026  Ancak postac\u0131 Tekboynuz \u00e7aresiz durumdayd\u0131: Krall\u0131\u011f\u0131n b\u00fct\u00fcn mektuplar\u0131 kaybolmu\u015ftu. Mektuplar\u0131 kim \u00e7alm\u0131\u015ft\u0131 acaba? Ve neden? <\/p>\n","protected":false},"excerpt":{"rendered":"<p>Bir, \u0130ki, \u00dc\u00e7\u2026 Haydi Prensesler! Ye\u015fim, Manolya ve Leyla, bir s\u0131rr\u0131 payla\u015fan \u00fc\u00e7 arkada\u015ft\u0131r. &#8220;Bir, \u0130ki, \u00dc\u00e7\u2026 Haydi g\u00fc\u00e7l\u00fc prensesler el ele u\u00e7!&#8221; der demez, kendilerini<span class=\"excerpt-hellip\"> [\u2026]<\/span><\/p>\n","protected":false},"featured_media":0,"template":"","meta":{"_monsterinsights_skip_tracking":false,"_monsterinsights_sitenote_active":false,"_monsterinsights_sitenote_note":"","_monsterinsights_sitenote_category":0},"product_brand":[],"product_cat":[12913,12274],"product_tag":[],"class_list":{"0":"post-706620","1":"product","2":"type-product","3":"status-publish","5":"product_cat-3-6-yas-kitaplari","6":"product_cat-cocuk-ve-genclik-kitaplari","7":"pa_cilt-ciltsiz","8":"pa_tur-kitap","9":"pa_yayinevi-beyaz-balina-yayinlari","10":"pa_yazar-geraldine-collet","12":"first","13":"instock","14":"sale","15":"shipping-taxable","16":"purchasable","17":"product-type-simple"},"_links":{"self":[{"href":"https:\/\/roveyayinevi.com.tr\/index.php\/wp-json\/wp\/v2\/product\/706620","targetHints":{"allow":["GET"]}}],"collection":[{"href":"https:\/\/roveyayinevi.com.tr\/index.php\/wp-json\/wp\/v2\/product"}],"about":[{"href":"https:\/\/roveyayinevi.com.tr\/index.php\/wp-json\/wp\/v2\/types\/product"}],"wp:attachment":[{"href":"https:\/\/roveyayinevi.com.tr\/index.php\/wp-json\/wp\/v2\/media?parent=706620"}],"wp:term":[{"taxonomy":"product_brand","embeddable":true,"href":"https:\/\/roveyayinevi.com.tr\/index.php\/wp-json\/wp\/v2\/product_brand?post=706620"},{"taxonomy":"product_cat","embeddable":true,"href":"https:\/\/roveyayinevi.com.tr\/index.php\/wp-json\/wp\/v2\/product_cat?post=706620"},{"taxonomy":"product_tag","embeddable":true,"href":"https:\/\/roveyayinevi.com.tr\/index.php\/wp-json\/wp\/v2\/product_tag?post=706620"}],"curies":[{"name":"wp","href":"https:\/\/api.w.org\/{rel}","templated":true}]}}