{"id":706619,"date":"2025-08-27T15:57:36","date_gmt":"2025-08-27T12:57:36","guid":{"rendered":"https:\/\/roveyayinevi.com.tr\/index.php\/urun\/prensesler-ejderhaya-karsi\/"},"modified":"2026-04-16T02:15:04","modified_gmt":"2026-04-15T23:15:04","slug":"prensesler-ejderhaya-karsi","status":"publish","type":"product","link":"https:\/\/roveyayinevi.com.tr\/index.php\/urun\/prensesler-ejderhaya-karsi\/","title":{"rendered":"Prensesler Ejderhaya Kar\u015f\u0131!"},"content":{"rendered":"<p>G\u00fcnlerden pazar. Ya\u011fmur ya\u011f\u0131yor. Ye\u015fim, Manolya ve Leyla evde s\u0131k\u0131nt\u0131dan patl\u0131yor.  E\u011flenmek i\u00e7in prensesler krall\u0131\u011f\u0131na gitmeye karar veriyorlar.  Tam da b\u00fcy\u00fck balo ba\u015flayacakken saraya var\u0131yorlar.  Fakat korkun\u00e7 ejderha K\u00fcfk\u00fcf, \u015fenli\u011fi mahvediyor.  Prensesler baloyla krall\u0131\u011f\u0131 kurtar\u0131p pazar g\u00fcnlerine renk katabilecek mi? <\/p>\n","protected":false},"excerpt":{"rendered":"<p>G\u00fcnlerden pazar. Ya\u011fmur ya\u011f\u0131yor. Ye\u015fim, Manolya ve Leyla evde s\u0131k\u0131nt\u0131dan patl\u0131yor. E\u011flenmek i\u00e7in prensesler krall\u0131\u011f\u0131na gitmeye karar veriyorlar. Tam da b\u00fcy\u00fck balo ba\u015flayacakken saraya var\u0131yorlar. Fakat<span class=\"excerpt-hellip\"> [\u2026]<\/span><\/p>\n","protected":false},"featured_media":0,"template":"","meta":{"_monsterinsights_skip_tracking":false,"_monsterinsights_sitenote_active":false,"_monsterinsights_sitenote_note":"","_monsterinsights_sitenote_category":0},"product_brand":[],"product_cat":[12913,12274],"product_tag":[],"class_list":{"0":"post-706619","1":"product","2":"type-product","3":"status-publish","5":"product_cat-3-6-yas-kitaplari","6":"product_cat-cocuk-ve-genclik-kitaplari","7":"pa_cilt-ciltsiz","8":"pa_tur-kitap","9":"pa_yayinevi-beyaz-balina-yayinlari","10":"pa_yazar-geraldine-collet","12":"first","13":"instock","14":"sale","15":"shipping-taxable","16":"purchasable","17":"product-type-simple"},"_links":{"self":[{"href":"https:\/\/roveyayinevi.com.tr\/index.php\/wp-json\/wp\/v2\/product\/706619","targetHints":{"allow":["GET"]}}],"collection":[{"href":"https:\/\/roveyayinevi.com.tr\/index.php\/wp-json\/wp\/v2\/product"}],"about":[{"href":"https:\/\/roveyayinevi.com.tr\/index.php\/wp-json\/wp\/v2\/types\/product"}],"wp:attachment":[{"href":"https:\/\/roveyayinevi.com.tr\/index.php\/wp-json\/wp\/v2\/media?parent=706619"}],"wp:term":[{"taxonomy":"product_brand","embeddable":true,"href":"https:\/\/roveyayinevi.com.tr\/index.php\/wp-json\/wp\/v2\/product_brand?post=706619"},{"taxonomy":"product_cat","embeddable":true,"href":"https:\/\/roveyayinevi.com.tr\/index.php\/wp-json\/wp\/v2\/product_cat?post=706619"},{"taxonomy":"product_tag","embeddable":true,"href":"https:\/\/roveyayinevi.com.tr\/index.php\/wp-json\/wp\/v2\/product_tag?post=706619"}],"curies":[{"name":"wp","href":"https:\/\/api.w.org\/{rel}","templated":true}]}}