{"id":706617,"date":"2025-08-27T15:57:35","date_gmt":"2025-08-27T12:57:35","guid":{"rendered":"https:\/\/roveyayinevi.com.tr\/index.php\/urun\/canavar-pesinde-serisi-39-kayip-dunya-dehset-sacan-krestor\/"},"modified":"2026-04-16T02:15:04","modified_gmt":"2026-04-15T23:15:04","slug":"canavar-pesinde-serisi-39-kayip-dunya-dehset-sacan-krestor","status":"publish","type":"product","link":"https:\/\/roveyayinevi.com.tr\/index.php\/urun\/canavar-pesinde-serisi-39-kayip-dunya-dehset-sacan-krestor\/","title":{"rendered":"Canavar Pe\u015finde Serisi 39 &#8211; Kay\u0131p D\u00fcnya (Deh\u015fet Sa\u00e7an Krestor)"},"content":{"rendered":"<p>Yepyeni Canavar Pe\u015finde maceras\u0131na ho\u015f geldiniz: Kay\u0131p D\u00fcnyaK\u00f6t\u00fc b\u00fcy\u00fcc\u00fc Malvel, Tavania diyar\u0131n\u0131 felakete s\u00fcr\u00fcklemeye devam ediyor. Suda ya\u015farken kendini karada bulan canavar Krestor, asit salg\u0131lay\u0131p etrafa deh\u015fet sa\u00e7\u0131yor. Tom ve arkada\u015flar\u0131, onu her yeri mahvetmeden \u00f6nce durdurmak zorunda&#8230;<\/p>\n","protected":false},"excerpt":{"rendered":"<p>Yepyeni Canavar Pe\u015finde maceras\u0131na ho\u015f geldiniz: Kay\u0131p D\u00fcnyaK\u00f6t\u00fc b\u00fcy\u00fcc\u00fc Malvel, Tavania diyar\u0131n\u0131 felakete s\u00fcr\u00fcklemeye devam ediyor. Suda ya\u015farken kendini karada bulan canavar Krestor, asit salg\u0131lay\u0131p etrafa<span class=\"excerpt-hellip\"> [\u2026]<\/span><\/p>\n","protected":false},"featured_media":0,"template":"","meta":{"_monsterinsights_skip_tracking":false,"_monsterinsights_sitenote_active":false,"_monsterinsights_sitenote_note":"","_monsterinsights_sitenote_category":0},"product_brand":[],"product_cat":[12689,12274],"product_tag":[],"class_list":{"0":"post-706617","1":"product","2":"type-product","3":"status-publish","5":"product_cat-cizgi-roman-cocuk-ve-genclik-kitaplari","6":"product_cat-cocuk-ve-genclik-kitaplari","7":"pa_cilt-ciltsiz","8":"pa_tur-kitap","9":"pa_yayinevi-beyaz-balina-yayinlari","10":"pa_yazar-adam-blade","12":"first","13":"instock","14":"sale","15":"shipping-taxable","16":"purchasable","17":"product-type-simple"},"_links":{"self":[{"href":"https:\/\/roveyayinevi.com.tr\/index.php\/wp-json\/wp\/v2\/product\/706617","targetHints":{"allow":["GET"]}}],"collection":[{"href":"https:\/\/roveyayinevi.com.tr\/index.php\/wp-json\/wp\/v2\/product"}],"about":[{"href":"https:\/\/roveyayinevi.com.tr\/index.php\/wp-json\/wp\/v2\/types\/product"}],"wp:attachment":[{"href":"https:\/\/roveyayinevi.com.tr\/index.php\/wp-json\/wp\/v2\/media?parent=706617"}],"wp:term":[{"taxonomy":"product_brand","embeddable":true,"href":"https:\/\/roveyayinevi.com.tr\/index.php\/wp-json\/wp\/v2\/product_brand?post=706617"},{"taxonomy":"product_cat","embeddable":true,"href":"https:\/\/roveyayinevi.com.tr\/index.php\/wp-json\/wp\/v2\/product_cat?post=706617"},{"taxonomy":"product_tag","embeddable":true,"href":"https:\/\/roveyayinevi.com.tr\/index.php\/wp-json\/wp\/v2\/product_tag?post=706617"}],"curies":[{"name":"wp","href":"https:\/\/api.w.org\/{rel}","templated":true}]}}